{"id":751,"date":"2021-02-04T16:57:49","date_gmt":"2021-02-04T15:57:49","guid":{"rendered":"http:\/\/nowa22.phuanita.com\/?page_id=751"},"modified":"2025-10-13T11:42:59","modified_gmt":"2025-10-13T09:42:59","slug":"wykop-instrukcja","status":"publish","type":"page","link":"https:\/\/www.phuanita.com\/swe\/var-pool-teknologi\/wykop-instrukcja\/","title":{"rendered":"F\u00f6rberedelse av pool"},"content":{"rendered":"<p>[et_pb_section fb_built=&#8221;1&#8243; _builder_version=&#8221;4.16&#8243; _module_preset=&#8221;default&#8221; locked=&#8221;off&#8221; global_colors_info=&#8221;{}&#8221;][et_pb_row _builder_version=&#8221;4.16&#8243; _module_preset=&#8221;default&#8221; custom_margin=&#8221;||0px||false|false&#8221; custom_padding=&#8221;||0px||false|false&#8221; global_colors_info=&#8221;{}&#8221;][et_pb_column type=&#8221;4_4&#8243; _builder_version=&#8221;4.16&#8243; _module_preset=&#8221;default&#8221; global_colors_info=&#8221;{}&#8221;][et_pb_post_title meta=&#8221;off&#8221; featured_image=&#8221;off&#8221; _builder_version=&#8221;4.16&#8243; _module_preset=&#8221;default&#8221; global_colors_info=&#8221;{}&#8221;][\/et_pb_post_title][\/et_pb_column][\/et_pb_row][et_pb_row _builder_version=&#8221;4.16&#8243; _module_preset=&#8221;default&#8221; global_colors_info=&#8221;{}&#8221;][et_pb_column type=&#8221;4_4&#8243; _builder_version=&#8221;4.16&#8243; _module_preset=&#8221;default&#8221; global_colors_info=&#8221;{}&#8221;][et_pb_text _builder_version=&#8221;4.27.4&#8243; _module_preset=&#8221;default&#8221; hover_enabled=&#8221;0&#8243; global_colors_info=&#8221;{}&#8221; sticky_enabled=&#8221;0&#8243;]<\/p>\n<p>&#8211; Gr\u00e4v en grop som \u00e4r 40 cm l\u00e4ngre, 40 cm bredare och 30 cm djupare \u00e4n poolbass\u00e4ngens m\u00e5tt.<br \/>&#8211; Sprid rent, tv\u00e4ttat dr\u00e4neringsgrus med kornstorlek 8-16 mm \u00f6ver hela botten. Gruslagret b\u00f6r vara 10 cm.<br \/>&#8211; L\u00e4gg dr\u00e4neringsr\u00f6ren runt hela botten och anslut dem till dr\u00e4neringssumpen. OBS: Dr\u00e4neringsr\u00f6ren m\u00e5ste lindas in i geotextil och f\u00f6rdelas j\u00e4mnt i det tidigare spridda dr\u00e4neringsgruset runt hela botten. (Dr\u00e4neringsr\u00f6ren ska l\u00e4ggas ovanp\u00e5 gruset och \u00e5terfyllas med det).<br \/>&#8211; Dr\u00e4neringsr\u00f6ren som placeras i gruset ansluts till dr\u00e4neringssumpen, som placeras i ena h\u00f6rnet av diket (dr\u00e4neringsr\u00f6ren ska l\u00e4ggas med en lutning mot dr\u00e4neringssumpen). En dr\u00e4nkbar\/dr\u00e4neringspump ska placeras i dr\u00e4neringssumpen. Dr\u00e4neringspumpen pumpar ut det dr\u00e4neringsvatten som samlats i brunnen.<br \/>&#8211; Det isolerade vattenr\u00f6ret fr\u00e5n dr\u00e4neringspumpen m\u00e5ste anslutas till dagvatten- eller dr\u00e4neringsr\u00f6ret.<br \/>&#8211; L\u00e4gg ut fleece \u00f6ver hela botten ovanp\u00e5 dr\u00e4neringsgruset<br \/>&#8211; Sprid ut 10 cm torr 4:1 sand\/cementblandning, fukta med vatten och padda ordentligt med en paddare<br \/>&#8211; L\u00e4gg p\u00e5 10 cm polystyren, polystyren XPS 200 (frigolit)<br \/>&#8211; Kontrollera att allt \u00e4r i v\u00e5g.<br \/>&#8211; Lyft poolen med en kran och placera den i utgr\u00e4vningen p\u00e5 ett korrekt f\u00f6rberett underlag.<br \/>&#8211; Placera betongblock under poolens andra steg (r\u00e4knat fr\u00e5n poolens \u00f6verkant) f\u00f6r att st\u00f6dja stegen och h\u00f6ja dem f\u00f6rsiktigt.<br \/>&#8211; Fyll p\u00e5 med 30 cm vatten i poolen. B\u00f6rja \u00e5terfylla poolen med en 10:1 torr sand-cementblandning runt poolen, upp till h\u00f6jden av det h\u00e4llda vattnet. OBS: Sand-cementblandningen 10:1 ska spridas ut p\u00e5 ett s\u00e5dant s\u00e4tt att v\u00e4ggarna och varje steg \u00e4r t\u00e4tt \u00e5terfyllda \u00f6ver hela ytan, s\u00e5 att det inte finns n\u00e5got fritt utrymme. Det viktigaste \u00e4r att \u00e5terfylla trappan ordentligt. Fukta sedan blandningen med vatten och packa\/komprimera ordentligt.<br \/>&#8211; Fyll poolen med 30 cm vatten igen och \u00e5terfyll poolen med sand\/cement-blandningen 10:1, upp till h\u00f6jden p\u00e5 det vatten som h\u00e4llts i. Upprepa upp till skimmerns och munstyckenas h\u00f6jd.<br \/>&#8211; B\u00f6rja limma slangarna (slang till skimmer och slang till munstycken anslutna med ett T-stycke).<br \/>&#8211; Isolera slangarna med skumplast.<br \/>&#8211; T\u00e4ck skimmern, munstyckena och lamporna med endast sand, ingen cement.<br \/>&#8211; Forts\u00e4tt att h\u00e4lla vatten i poolen upp till halva skimmern.<br \/>&#8211; Avsluta fyllningen av poolen med en blandning av sand och cement precis under poolenssarg.<\/p>\n<p><strong>Obs.!!<\/strong>\u00a0Padda och vattna blandningen ordentigt under varje trappsteg.<\/p>\n<p><strong>Obs!!<\/strong>\u00a0Se till att slangarna fr\u00e5n poolen inte sjunker ner i samband med \u00e5terfyllning av sand och cement. Lyft upp slangarna lite grann med hj\u00e4lp av ett sn\u00f6re som du har f\u00e4st i slangen och som du kan f\u00f6rankra i n\u00e5gon br\u00e4da ovan mark.<\/p>\n<h3>Installation av teknikboxen bakom poolen:<\/h3>\n<p>&#8211; Gr\u00e4v bakom poolen en grop minst 100 cm ifr\u00e5n poolen.<br \/>&#8211; Gropen ska vara 20 cm l\u00e4ngre, 20 cm bredare och 10 cm djupare \u00e4n teknikboxens m\u00e5tt.<br \/>&#8211; Gr\u00e4v gropen s\u00e5 att ing\u00e5ngen till teknikboxen \u00e4r ligger p\u00e5 samma niv\u00e5 som poolen.<br \/>&#8211; J\u00e4mna till underlaget med en sand\/cement-blandning 4:1. Blandningens lager ska vara 10 cm.<br \/>&#8211; L\u00e4gg dr\u00e4neringsr\u00f6ren runt boxen och anslut dem till den befintliga dr\u00e4neringsbrunnen<\/p>\n<p><strong>OBS!<\/strong><br \/>&#8211; Dr\u00e4neringsr\u00f6ren ska l\u00e4ggas med en lutning mot dr\u00e4neringsbrunnen!<br \/>&#8211; Dr\u00e4neringsr\u00f6ren ska lindas med f\u00f6rdr\u00f6jning!<br \/>&#8211; Dr\u00e4neringsr\u00f6ren ska l\u00e4ggas p\u00e5 och t\u00e4ckas med dr\u00e4neringssten!<br \/>&#8211; Placera teknikboxen i utgr\u00e4vningen.<br \/>&#8211; \u00c5terfyll boxen med riktigt packad sand\/cementblandning 10:1.<\/p>\n<p><strong>LYCKA TILL MED DITT POOLBYGGE!!!!<\/strong><\/p>\n<p>[\/et_pb_text][\/et_pb_column][\/et_pb_row][\/et_pb_section]<\/p>\n","protected":false},"excerpt":{"rendered":"<p>&#8211; Gr\u00e4v en grop som \u00e4r 40 cm l\u00e4ngre, 40 cm bredare och 30 cm djupare \u00e4n poolbass\u00e4ngens m\u00e5tt.- Sprid rent, tv\u00e4ttat dr\u00e4neringsgrus med kornstorlek 8-16 mm \u00f6ver hela botten. Gruslagret b\u00f6r vara 10 cm.- L\u00e4gg dr\u00e4neringsr\u00f6ren runt hela botten och anslut dem till dr\u00e4neringssumpen. OBS: Dr\u00e4neringsr\u00f6ren m\u00e5ste lindas in i geotextil och f\u00f6rdelas j\u00e4mnt [&hellip;]<\/p>\n","protected":false},"author":1,"featured_media":0,"parent":46,"menu_order":0,"comment_status":"closed","ping_status":"closed","template":"","meta":{"_et_pb_use_builder":"on","_et_pb_old_content":"","_et_gb_content_width":"","footnotes":""},"tags":[],"class_list":["post-751","page","type-page","status-publish","hentry"],"yoast_head":"<!-- This site is optimized with the Yoast SEO plugin v27.5 - https:\/\/yoast.com\/product\/yoast-seo-wordpress\/ -->\n<title>F\u00f6rberedelse av pool - PHU Anita<\/title>\n<meta name=\"robots\" content=\"index, follow, max-snippet:-1, max-image-preview:large, max-video-preview:-1\" \/>\n<link rel=\"canonical\" href=\"https:\/\/www.phuanita.com\/swe\/var-pool-teknologi\/wykop-instrukcja\/\" \/>\n<meta property=\"og:locale\" content=\"en_US\" \/>\n<meta property=\"og:type\" content=\"article\" \/>\n<meta property=\"og:title\" content=\"F\u00f6rberedelse av pool - PHU Anita\" \/>\n<meta property=\"og:description\" content=\"- Gr\u00e4v en grop som \u00e4r 40 cm l\u00e4ngre, 40 cm bredare och 30 cm djupare \u00e4n poolbass\u00e4ngens m\u00e5tt.- Sprid rent, tv\u00e4ttat dr\u00e4neringsgrus med kornstorlek 8-16 mm \u00f6ver hela botten. Gruslagret b\u00f6r vara 10 cm.- L\u00e4gg dr\u00e4neringsr\u00f6ren runt hela botten och anslut dem till dr\u00e4neringssumpen. OBS: Dr\u00e4neringsr\u00f6ren m\u00e5ste lindas in i geotextil och f\u00f6rdelas j\u00e4mnt [&hellip;]\" \/>\n<meta property=\"og:url\" content=\"https:\/\/www.phuanita.com\/swe\/var-pool-teknologi\/wykop-instrukcja\/\" \/>\n<meta property=\"og:site_name\" content=\"PHU Anita\" \/>\n<meta property=\"article:modified_time\" content=\"2025-10-13T09:42:59+00:00\" \/>\n<meta name=\"twitter:card\" content=\"summary_large_image\" \/>\n<meta name=\"twitter:label1\" content=\"Est. reading time\" \/>\n\t<meta name=\"twitter:data1\" content=\"3 minutes\" \/>\n<script type=\"application\/ld+json\" class=\"yoast-schema-graph\">{\"@context\":\"https:\\\/\\\/schema.org\",\"@graph\":[{\"@type\":\"WebPage\",\"@id\":\"https:\\\/\\\/www.phuanita.com\\\/swe\\\/var-pool-teknologi\\\/wykop-instrukcja\\\/\",\"url\":\"https:\\\/\\\/www.phuanita.com\\\/swe\\\/var-pool-teknologi\\\/wykop-instrukcja\\\/\",\"name\":\"F\u00f6rberedelse av pool - PHU Anita\",\"isPartOf\":{\"@id\":\"https:\\\/\\\/www.phuanita.com\\\/swe\\\/#website\"},\"datePublished\":\"2021-02-04T15:57:49+00:00\",\"dateModified\":\"2025-10-13T09:42:59+00:00\",\"breadcrumb\":{\"@id\":\"https:\\\/\\\/www.phuanita.com\\\/swe\\\/var-pool-teknologi\\\/wykop-instrukcja\\\/#breadcrumb\"},\"inLanguage\":\"en-US\",\"potentialAction\":[{\"@type\":\"ReadAction\",\"target\":[\"https:\\\/\\\/www.phuanita.com\\\/swe\\\/var-pool-teknologi\\\/wykop-instrukcja\\\/\"]}]},{\"@type\":\"BreadcrumbList\",\"@id\":\"https:\\\/\\\/www.phuanita.com\\\/swe\\\/var-pool-teknologi\\\/wykop-instrukcja\\\/#breadcrumb\",\"itemListElement\":[{\"@type\":\"ListItem\",\"position\":1,\"name\":\"Strona g\u0142\u00f3wna\",\"item\":\"https:\\\/\\\/www.phuanita.com\\\/swe\\\/\"},{\"@type\":\"ListItem\",\"position\":2,\"name\":\"V\u00e5r pool teknologi\",\"item\":\"https:\\\/\\\/www.phuanita.com\\\/swe\\\/var-pool-teknologi\\\/\"},{\"@type\":\"ListItem\",\"position\":3,\"name\":\"F\u00f6rberedelse av pool\"}]},{\"@type\":\"WebSite\",\"@id\":\"https:\\\/\\\/www.phuanita.com\\\/swe\\\/#website\",\"url\":\"https:\\\/\\\/www.phuanita.com\\\/swe\\\/\",\"name\":\"PHU Anita\",\"description\":\"\",\"potentialAction\":[{\"@type\":\"SearchAction\",\"target\":{\"@type\":\"EntryPoint\",\"urlTemplate\":\"https:\\\/\\\/www.phuanita.com\\\/swe\\\/?s={search_term_string}\"},\"query-input\":{\"@type\":\"PropertyValueSpecification\",\"valueRequired\":true,\"valueName\":\"search_term_string\"}}],\"inLanguage\":\"en-US\"}]}<\/script>\n<!-- \/ Yoast SEO plugin. -->","yoast_head_json":{"title":"F\u00f6rberedelse av pool - PHU Anita","robots":{"index":"index","follow":"follow","max-snippet":"max-snippet:-1","max-image-preview":"max-image-preview:large","max-video-preview":"max-video-preview:-1"},"canonical":"https:\/\/www.phuanita.com\/swe\/var-pool-teknologi\/wykop-instrukcja\/","og_locale":"en_US","og_type":"article","og_title":"F\u00f6rberedelse av pool - PHU Anita","og_description":"- Gr\u00e4v en grop som \u00e4r 40 cm l\u00e4ngre, 40 cm bredare och 30 cm djupare \u00e4n poolbass\u00e4ngens m\u00e5tt.- Sprid rent, tv\u00e4ttat dr\u00e4neringsgrus med kornstorlek 8-16 mm \u00f6ver hela botten. Gruslagret b\u00f6r vara 10 cm.- L\u00e4gg dr\u00e4neringsr\u00f6ren runt hela botten och anslut dem till dr\u00e4neringssumpen. OBS: Dr\u00e4neringsr\u00f6ren m\u00e5ste lindas in i geotextil och f\u00f6rdelas j\u00e4mnt [&hellip;]","og_url":"https:\/\/www.phuanita.com\/swe\/var-pool-teknologi\/wykop-instrukcja\/","og_site_name":"PHU Anita","article_modified_time":"2025-10-13T09:42:59+00:00","twitter_card":"summary_large_image","twitter_misc":{"Est. reading time":"3 minutes"},"schema":{"@context":"https:\/\/schema.org","@graph":[{"@type":"WebPage","@id":"https:\/\/www.phuanita.com\/swe\/var-pool-teknologi\/wykop-instrukcja\/","url":"https:\/\/www.phuanita.com\/swe\/var-pool-teknologi\/wykop-instrukcja\/","name":"F\u00f6rberedelse av pool - PHU Anita","isPartOf":{"@id":"https:\/\/www.phuanita.com\/swe\/#website"},"datePublished":"2021-02-04T15:57:49+00:00","dateModified":"2025-10-13T09:42:59+00:00","breadcrumb":{"@id":"https:\/\/www.phuanita.com\/swe\/var-pool-teknologi\/wykop-instrukcja\/#breadcrumb"},"inLanguage":"en-US","potentialAction":[{"@type":"ReadAction","target":["https:\/\/www.phuanita.com\/swe\/var-pool-teknologi\/wykop-instrukcja\/"]}]},{"@type":"BreadcrumbList","@id":"https:\/\/www.phuanita.com\/swe\/var-pool-teknologi\/wykop-instrukcja\/#breadcrumb","itemListElement":[{"@type":"ListItem","position":1,"name":"Strona g\u0142\u00f3wna","item":"https:\/\/www.phuanita.com\/swe\/"},{"@type":"ListItem","position":2,"name":"V\u00e5r pool teknologi","item":"https:\/\/www.phuanita.com\/swe\/var-pool-teknologi\/"},{"@type":"ListItem","position":3,"name":"F\u00f6rberedelse av pool"}]},{"@type":"WebSite","@id":"https:\/\/www.phuanita.com\/swe\/#website","url":"https:\/\/www.phuanita.com\/swe\/","name":"PHU Anita","description":"","potentialAction":[{"@type":"SearchAction","target":{"@type":"EntryPoint","urlTemplate":"https:\/\/www.phuanita.com\/swe\/?s={search_term_string}"},"query-input":{"@type":"PropertyValueSpecification","valueRequired":true,"valueName":"search_term_string"}}],"inLanguage":"en-US"}]}},"_links":{"self":[{"href":"https:\/\/www.phuanita.com\/swe\/wp-json\/wp\/v2\/pages\/751","targetHints":{"allow":["GET"]}}],"collection":[{"href":"https:\/\/www.phuanita.com\/swe\/wp-json\/wp\/v2\/pages"}],"about":[{"href":"https:\/\/www.phuanita.com\/swe\/wp-json\/wp\/v2\/types\/page"}],"author":[{"embeddable":true,"href":"https:\/\/www.phuanita.com\/swe\/wp-json\/wp\/v2\/users\/1"}],"replies":[{"embeddable":true,"href":"https:\/\/www.phuanita.com\/swe\/wp-json\/wp\/v2\/comments?post=751"}],"version-history":[{"count":8,"href":"https:\/\/www.phuanita.com\/swe\/wp-json\/wp\/v2\/pages\/751\/revisions"}],"predecessor-version":[{"id":239901,"href":"https:\/\/www.phuanita.com\/swe\/wp-json\/wp\/v2\/pages\/751\/revisions\/239901"}],"up":[{"embeddable":true,"href":"https:\/\/www.phuanita.com\/swe\/wp-json\/wp\/v2\/pages\/46"}],"wp:attachment":[{"href":"https:\/\/www.phuanita.com\/swe\/wp-json\/wp\/v2\/media?parent=751"}],"wp:term":[{"taxonomy":"post_tag","embeddable":true,"href":"https:\/\/www.phuanita.com\/swe\/wp-json\/wp\/v2\/tags?post=751"}],"curies":[{"name":"wp","href":"https:\/\/api.w.org\/{rel}","templated":true}]}}