{"id":734,"date":"2021-02-04T16:42:38","date_gmt":"2021-02-04T15:42:38","guid":{"rendered":"http:\/\/nowa22.phuanita.com\/?page_id=734"},"modified":"2023-02-27T15:30:59","modified_gmt":"2023-02-27T14:30:59","slug":"vattenvard-poolrening","status":"publish","type":"page","link":"https:\/\/www.phuanita.com\/swe\/var-pool-teknologi\/tips-om-pooler\/vattenvard-poolrening\/","title":{"rendered":"Vattenv\u00e5rd \/ Poolrening"},"content":{"rendered":"<p>[et_pb_section fb_built=&#8221;1&#8243; _builder_version=&#8221;4.16&#8243; _module_preset=&#8221;default&#8221; locked=&#8221;off&#8221; global_colors_info=&#8221;{}&#8221; theme_builder_area=&#8221;post_content&#8221;][et_pb_row _builder_version=&#8221;4.16&#8243; _module_preset=&#8221;default&#8221; custom_margin=&#8221;||0px||false|false&#8221; custom_padding=&#8221;||0px||false|false&#8221; global_colors_info=&#8221;{}&#8221; theme_builder_area=&#8221;post_content&#8221;][et_pb_column type=&#8221;4_4&#8243; _builder_version=&#8221;4.16&#8243; _module_preset=&#8221;default&#8221; global_colors_info=&#8221;{}&#8221; theme_builder_area=&#8221;post_content&#8221;][et_pb_post_title meta=&#8221;off&#8221; featured_image=&#8221;off&#8221; _builder_version=&#8221;4.16&#8243; _module_preset=&#8221;default&#8221; global_colors_info=&#8221;{}&#8221; theme_builder_area=&#8221;post_content&#8221;][\/et_pb_post_title][\/et_pb_column][\/et_pb_row][et_pb_row column_structure=&#8221;1_2,1_2&#8243; use_custom_gutter=&#8221;on&#8221; gutter_width=&#8221;2&#8243; _builder_version=&#8221;4.16&#8243; _module_preset=&#8221;default&#8221; global_colors_info=&#8221;{}&#8221; theme_builder_area=&#8221;post_content&#8221;][et_pb_column type=&#8221;1_2&#8243; _builder_version=&#8221;4.16&#8243; _module_preset=&#8221;default&#8221; global_colors_info=&#8221;{}&#8221; theme_builder_area=&#8221;post_content&#8221;][et_pb_text _builder_version=&#8221;4.16&#8243; _module_preset=&#8221;default&#8221; global_colors_info=&#8221;{}&#8221; theme_builder_area=&#8221;post_content&#8221;]<\/p>\n<p>Ovillkorligen beh\u00f6ver Ni en vattentestare. Tack vare den kan man genom att j\u00e4mf\u00f6ra f\u00e4rger avg\u00f6ra klorv\u00e4rdet (eller syrev\u00e4rdet) och pH. pH-v\u00e4rdet \u00e4r mycket viktigt och m\u00e5ste ligga omkring 7,2-7,4. Om det inte st\u00e4mmer b\u00f6r man till\u00e4mpa medel som h\u00f6jer eller s\u00e4nker pH. Det finns m\u00e5nga testers, manuella och elektroniska av skiftande kvalitet. Vid val av manuell tester b\u00f6r man se till att den har tv\u00e5 kammare f\u00f6r att separat m\u00e4ta klor (eller syre) och pH. De b\u00e4sta elektroniska testarna \u00e4r fotometriska instrument. Efter det att vattnet har testats kan man s\u00e4tta ig\u00e5ng med vattenv\u00e5rd.<\/p>\n<p>Vattnet m\u00e5ste vara desinficerat. Till och med den b\u00e4sta filtreringsanordningen kan inte befria vattnet fr\u00e5n bakterier, Givetvis beh\u00f6ver Ni inte anv\u00e4nda klor. Det finns \u00e4ven syrepreparat. Det klorpreparat som vi erbjuder \u00e4r inte alls den s\u00e4msta l\u00f6sningen. De \u00e4r s\u00e4kra och effektiva. Sj\u00e4lvklart f\u00e5r man inte f\u00f6rt\u00e4ra preparaten! Det finns olika s\u00e4tt att desinficera vattnet. Vi r\u00e4knar upp dem med det mest effektiva f\u00f6rst. Klor, ozon, aktivt syre, UV-lampor, elektrolys av salt. Valet \u00e4r upp till Er.<\/p>\n<p>[\/et_pb_text][\/et_pb_column][et_pb_column type=&#8221;1_2&#8243; _builder_version=&#8221;4.16&#8243; _module_preset=&#8221;default&#8221; global_colors_info=&#8221;{}&#8221; theme_builder_area=&#8221;post_content&#8221;][et_pb_text _builder_version=&#8221;4.16&#8243; _module_preset=&#8221;default&#8221; global_colors_info=&#8221;{}&#8221; theme_builder_area=&#8221;post_content&#8221;]<\/p>\n<p>Preparaten kan doseras f\u00f6r hand eller med hj\u00e4lp av doseringsautomat. Manuell dosering av medel i granulatform sker genom skimmern, boj som flyter p\u00e5 vattnet eller till en beh\u00e5llare p\u00e5 installationen. Flytande medel doseras till skimmern eller direkt till vattnet, helst ovanf\u00f6r utloppets munstycken. Doseringsautomater styr, m\u00e4ter och kontrollerar vattnets tillst\u00e5nd. Vattnets pH-v\u00e4rdet \u00f6vervakas, och n\u00e4r det avviker fr\u00e5n m\u00e5lv\u00e4rdet aktiveras automatisk dosering. Till privata inomhuspooler rekommenderas anv\u00e4ndning av aktivt syre som desinficeringsmedel. I utomhuspooler eller i pooler som anv\u00e4nds intensivt rekommenderas anv\u00e4ndning av flyttande klor. I allm\u00e4nna simbass\u00e4nger och i bass\u00e4nger p\u00e5 hotell och turistanl\u00e4ggningar anv\u00e4nds s\u00e4rskilt anpassade doseringsautomater som m\u00e4ter klor i mg\/l. Ut\u00f6ver pH reglering, m\u00e4ter ocks\u00e5 de allm\u00e4nna doseringsautomater Redox-v\u00e4rdet.<\/p>\n<p>[\/et_pb_text][\/et_pb_column][\/et_pb_row][et_pb_row column_structure=&#8221;1_2,1_2&#8243; use_custom_gutter=&#8221;on&#8221; gutter_width=&#8221;2&#8243; _builder_version=&#8221;4.16&#8243; _module_preset=&#8221;default&#8221; global_colors_info=&#8221;{}&#8221; theme_builder_area=&#8221;post_content&#8221;][et_pb_column type=&#8221;1_2&#8243; _builder_version=&#8221;4.16&#8243; _module_preset=&#8221;default&#8221; global_colors_info=&#8221;{}&#8221; theme_builder_area=&#8221;post_content&#8221;][et_pb_text _builder_version=&#8221;4.16&#8243; _module_preset=&#8221;default&#8221; global_colors_info=&#8221;{}&#8221; theme_builder_area=&#8221;post_content&#8221;]<\/p>\n<h3><strong>VAD MER BEH\u00d6VS?<\/strong><\/h3>\n<p>Er pool \u00e4r nu klar. Filtret renar vattnet som nu har en bl\u00e5 f\u00e4rg, s\u00e5 som Ni har f\u00f6rest\u00e4llt er att det ska vara. Vattnet v\u00e4rms upp av solen eller en v\u00e4rmev\u00e4xlare eller en solf\u00e5ngare. Det beh\u00f6vs dock n\u00e5gra saker till f\u00f6r att vattnet ska forts\u00e4tta gl\u00e4nsa i solstr\u00e5larna, och botten samt bass\u00e4ngv\u00e4ggarna f\u00f6rbli rena. I f\u00f6ljande del ska vi med n\u00e5gra meningar ta upp det viktigaste.<\/p>\n<p>[\/et_pb_text][\/et_pb_column][et_pb_column type=&#8221;1_2&#8243; _builder_version=&#8221;4.16&#8243; _module_preset=&#8221;default&#8221; global_colors_info=&#8221;{}&#8221; theme_builder_area=&#8221;post_content&#8221;][et_pb_text _builder_version=&#8221;4.16&#8243; _module_preset=&#8221;default&#8221; global_colors_info=&#8221;{}&#8221; theme_builder_area=&#8221;post_content&#8221;]<\/p>\n<h3><strong>MANUELLA BOTTENSUGAR<\/strong><\/h3>\n<p>Reningsverket kan inte f\u00f6rebygga att det p\u00e5 poolens botten samlas sand, l\u00f6v, leksaker m.fl. Med hj\u00e4lp av en bottensug kan man se till att botten \u00e5ter igen blir rent. Sugslangen ansluts till bottensugen, och den andra \u00e4nden pluggas in i skimmern. Med hj\u00e4lp av en teleskopst\u00e5ng f\u00f6rs bottensugen sakta \u00f6ver bass\u00e4ngens botten och v\u00e4ggar varvid smuts samlas upp. Bottensugar finns att f\u00e5 i m\u00e5nga utf\u00f6randen och prisklasser.<\/p>\n<p>[\/et_pb_text][\/et_pb_column][\/et_pb_row][et_pb_row column_structure=&#8221;1_2,1_2&#8243; use_custom_gutter=&#8221;on&#8221; gutter_width=&#8221;2&#8243; _builder_version=&#8221;4.16&#8243; _module_preset=&#8221;default&#8221; global_colors_info=&#8221;{}&#8221; theme_builder_area=&#8221;post_content&#8221;][et_pb_column type=&#8221;1_2&#8243; _builder_version=&#8221;4.16&#8243; _module_preset=&#8221;default&#8221; global_colors_info=&#8221;{}&#8221; theme_builder_area=&#8221;post_content&#8221;][et_pb_text _builder_version=&#8221;4.16&#8243; _module_preset=&#8221;default&#8221; global_colors_info=&#8221;{}&#8221; theme_builder_area=&#8221;post_content&#8221;]<\/p>\n<h3><strong>HALVAUTOMATISKA BOTTENSUGAR<\/strong><\/h3>\n<p>Detta \u00e4r anordningar som till\u00e5ter reng\u00f6ring av bass\u00e4ngens botten utan m\u00e4nsklig medverkan. Man kan dock inte l\u00e4mna dessa att arbeta utan \u00f6vervakning. De \u00e4r anslutna till en sugslang vars \u00e4nde pluggas in i skimmern. Vattnet sugs genom bottensugen, som sj\u00e4lvmant, utan teleskopst\u00e5ng, r\u00f6r sig p\u00e5 botten och samlar upp f\u00f6roreningar, som fastnar i filtret. Medan dessa bottensugar arbetar b\u00f6r filtrets tryck kontrolleras.<\/p>\n<p>Det f\u00f6rekommer \u00e4ven anordningar med elmotor, som arbetar oberoende av filtret, eftersom de har en egen filtreringss\u00e4ck. Dessa m\u00e5ste dock styras med en teleskopst\u00e5ng.<\/p>\n<p>[\/et_pb_text][\/et_pb_column][et_pb_column type=&#8221;1_2&#8243; _builder_version=&#8221;4.16&#8243; _module_preset=&#8221;default&#8221; global_colors_info=&#8221;{}&#8221; theme_builder_area=&#8221;post_content&#8221;][et_pb_text _builder_version=&#8221;4.16&#8243; _module_preset=&#8221;default&#8221; global_colors_info=&#8221;{}&#8221; theme_builder_area=&#8221;post_content&#8221;]<\/p>\n<h3><strong>AUTOMATISKA BOTTENSUGAR<\/strong><\/h3>\n<p>Det finns \u00e4ven fullt automatiska anordningar f\u00f6r poolreng\u00f6ring. De flesta klarar \u00e4ven att reng\u00f6ra v\u00e4ggar, men detta \u00e4r ingen regel. Var och en av dessa har en automatisk, f\u00f6rprogrammerad arbetsg\u00e5ng, och vissa kan \u00e4ven styras manuellt. De har en egen drivning och filtreringss\u00e4ck, vilket g\u00f6r att de kan arbeta oberoende av filtret. \u00c4nnu en f\u00f6rdel \u00e4r att de ger extra vattencirkulation i poolen. Automatiska bottensugar \u00e4r de mest komfortabla av alla sorter. De kr\u00e4ver ingen tillsyn under arbetets g\u00e5ng.<\/p>\n<h3><strong>TERMOMETER<\/strong><\/h3>\n<p>Detta \u00e4r en mycket anv\u00e4ndbar sak i poolen. Det \u00e4r b\u00e4ttre att veta om vattnet \u00e4r 3 grader C eller 30 grader C, innan man g\u00e5r in i vattnet. Det finns flera modeller att v\u00e4lja p\u00e5.<\/p>\n<p>[\/et_pb_text][\/et_pb_column][\/et_pb_row][\/et_pb_section]<\/p>\n","protected":false},"excerpt":{"rendered":"<p>Ovillkorligen beh\u00f6ver Ni en vattentestare. Tack vare den kan man genom att j\u00e4mf\u00f6ra f\u00e4rger avg\u00f6ra klorv\u00e4rdet (eller syrev\u00e4rdet) och pH. pH-v\u00e4rdet \u00e4r mycket viktigt och m\u00e5ste ligga omkring 7,2-7,4. Om det inte st\u00e4mmer b\u00f6r man till\u00e4mpa medel som h\u00f6jer eller s\u00e4nker pH. Det finns m\u00e5nga testers, manuella och elektroniska av skiftande kvalitet. Vid val av [&hellip;]<\/p>\n","protected":false},"author":1,"featured_media":0,"parent":69,"menu_order":0,"comment_status":"closed","ping_status":"closed","template":"","meta":{"_et_pb_use_builder":"on","_et_pb_old_content":"","_et_gb_content_width":"","footnotes":""},"tags":[35],"class_list":["post-734","page","type-page","status-publish","hentry","tag-porady-pielegnacyjne"],"yoast_head":"<!-- This site is optimized with the Yoast SEO plugin v27.5 - https:\/\/yoast.com\/product\/yoast-seo-wordpress\/ -->\n<title>Vattenv\u00e5rd \/ Poolrening - PHU Anita<\/title>\n<meta name=\"robots\" content=\"index, follow, max-snippet:-1, max-image-preview:large, max-video-preview:-1\" \/>\n<link rel=\"canonical\" href=\"https:\/\/www.phuanita.com\/swe\/var-pool-teknologi\/tips-om-pooler\/vattenvard-poolrening\/\" \/>\n<meta property=\"og:locale\" content=\"en_US\" \/>\n<meta property=\"og:type\" content=\"article\" \/>\n<meta property=\"og:title\" content=\"Vattenv\u00e5rd \/ Poolrening - PHU Anita\" \/>\n<meta property=\"og:description\" content=\"Ovillkorligen beh\u00f6ver Ni en vattentestare. Tack vare den kan man genom att j\u00e4mf\u00f6ra f\u00e4rger avg\u00f6ra klorv\u00e4rdet (eller syrev\u00e4rdet) och pH. pH-v\u00e4rdet \u00e4r mycket viktigt och m\u00e5ste ligga omkring 7,2-7,4. Om det inte st\u00e4mmer b\u00f6r man till\u00e4mpa medel som h\u00f6jer eller s\u00e4nker pH. Det finns m\u00e5nga testers, manuella och elektroniska av skiftande kvalitet. Vid val av [&hellip;]\" \/>\n<meta property=\"og:url\" content=\"https:\/\/www.phuanita.com\/swe\/var-pool-teknologi\/tips-om-pooler\/vattenvard-poolrening\/\" \/>\n<meta property=\"og:site_name\" content=\"PHU Anita\" \/>\n<meta property=\"article:modified_time\" content=\"2023-02-27T14:30:59+00:00\" \/>\n<meta name=\"twitter:card\" content=\"summary_large_image\" \/>\n<meta name=\"twitter:label1\" content=\"Est. reading time\" \/>\n\t<meta name=\"twitter:data1\" content=\"1 minute\" \/>\n<script type=\"application\/ld+json\" class=\"yoast-schema-graph\">{\"@context\":\"https:\\\/\\\/schema.org\",\"@graph\":[{\"@type\":\"WebPage\",\"@id\":\"https:\\\/\\\/www.phuanita.com\\\/swe\\\/var-pool-teknologi\\\/tips-om-pooler\\\/vattenvard-poolrening\\\/\",\"url\":\"https:\\\/\\\/www.phuanita.com\\\/swe\\\/var-pool-teknologi\\\/tips-om-pooler\\\/vattenvard-poolrening\\\/\",\"name\":\"Vattenv\u00e5rd \\\/ Poolrening - PHU Anita\",\"isPartOf\":{\"@id\":\"https:\\\/\\\/www.phuanita.com\\\/swe\\\/#website\"},\"datePublished\":\"2021-02-04T15:42:38+00:00\",\"dateModified\":\"2023-02-27T14:30:59+00:00\",\"breadcrumb\":{\"@id\":\"https:\\\/\\\/www.phuanita.com\\\/swe\\\/var-pool-teknologi\\\/tips-om-pooler\\\/vattenvard-poolrening\\\/#breadcrumb\"},\"inLanguage\":\"en-US\",\"potentialAction\":[{\"@type\":\"ReadAction\",\"target\":[\"https:\\\/\\\/www.phuanita.com\\\/swe\\\/var-pool-teknologi\\\/tips-om-pooler\\\/vattenvard-poolrening\\\/\"]}]},{\"@type\":\"BreadcrumbList\",\"@id\":\"https:\\\/\\\/www.phuanita.com\\\/swe\\\/var-pool-teknologi\\\/tips-om-pooler\\\/vattenvard-poolrening\\\/#breadcrumb\",\"itemListElement\":[{\"@type\":\"ListItem\",\"position\":1,\"name\":\"Strona g\u0142\u00f3wna\",\"item\":\"https:\\\/\\\/www.phuanita.com\\\/swe\\\/\"},{\"@type\":\"ListItem\",\"position\":2,\"name\":\"V\u00e5r pool teknologi\",\"item\":\"https:\\\/\\\/www.phuanita.com\\\/swe\\\/var-pool-teknologi\\\/\"},{\"@type\":\"ListItem\",\"position\":3,\"name\":\"Tips om pooler\",\"item\":\"https:\\\/\\\/www.phuanita.com\\\/swe\\\/var-pool-teknologi\\\/tips-om-pooler\\\/\"},{\"@type\":\"ListItem\",\"position\":4,\"name\":\"Vattenv\u00e5rd \\\/ Poolrening\"}]},{\"@type\":\"WebSite\",\"@id\":\"https:\\\/\\\/www.phuanita.com\\\/swe\\\/#website\",\"url\":\"https:\\\/\\\/www.phuanita.com\\\/swe\\\/\",\"name\":\"PHU Anita\",\"description\":\"\",\"potentialAction\":[{\"@type\":\"SearchAction\",\"target\":{\"@type\":\"EntryPoint\",\"urlTemplate\":\"https:\\\/\\\/www.phuanita.com\\\/swe\\\/?s={search_term_string}\"},\"query-input\":{\"@type\":\"PropertyValueSpecification\",\"valueRequired\":true,\"valueName\":\"search_term_string\"}}],\"inLanguage\":\"en-US\"}]}<\/script>\n<!-- \/ Yoast SEO plugin. -->","yoast_head_json":{"title":"Vattenv\u00e5rd \/ Poolrening - PHU Anita","robots":{"index":"index","follow":"follow","max-snippet":"max-snippet:-1","max-image-preview":"max-image-preview:large","max-video-preview":"max-video-preview:-1"},"canonical":"https:\/\/www.phuanita.com\/swe\/var-pool-teknologi\/tips-om-pooler\/vattenvard-poolrening\/","og_locale":"en_US","og_type":"article","og_title":"Vattenv\u00e5rd \/ Poolrening - PHU Anita","og_description":"Ovillkorligen beh\u00f6ver Ni en vattentestare. Tack vare den kan man genom att j\u00e4mf\u00f6ra f\u00e4rger avg\u00f6ra klorv\u00e4rdet (eller syrev\u00e4rdet) och pH. pH-v\u00e4rdet \u00e4r mycket viktigt och m\u00e5ste ligga omkring 7,2-7,4. Om det inte st\u00e4mmer b\u00f6r man till\u00e4mpa medel som h\u00f6jer eller s\u00e4nker pH. Det finns m\u00e5nga testers, manuella och elektroniska av skiftande kvalitet. Vid val av [&hellip;]","og_url":"https:\/\/www.phuanita.com\/swe\/var-pool-teknologi\/tips-om-pooler\/vattenvard-poolrening\/","og_site_name":"PHU Anita","article_modified_time":"2023-02-27T14:30:59+00:00","twitter_card":"summary_large_image","twitter_misc":{"Est. reading time":"1 minute"},"schema":{"@context":"https:\/\/schema.org","@graph":[{"@type":"WebPage","@id":"https:\/\/www.phuanita.com\/swe\/var-pool-teknologi\/tips-om-pooler\/vattenvard-poolrening\/","url":"https:\/\/www.phuanita.com\/swe\/var-pool-teknologi\/tips-om-pooler\/vattenvard-poolrening\/","name":"Vattenv\u00e5rd \/ Poolrening - PHU Anita","isPartOf":{"@id":"https:\/\/www.phuanita.com\/swe\/#website"},"datePublished":"2021-02-04T15:42:38+00:00","dateModified":"2023-02-27T14:30:59+00:00","breadcrumb":{"@id":"https:\/\/www.phuanita.com\/swe\/var-pool-teknologi\/tips-om-pooler\/vattenvard-poolrening\/#breadcrumb"},"inLanguage":"en-US","potentialAction":[{"@type":"ReadAction","target":["https:\/\/www.phuanita.com\/swe\/var-pool-teknologi\/tips-om-pooler\/vattenvard-poolrening\/"]}]},{"@type":"BreadcrumbList","@id":"https:\/\/www.phuanita.com\/swe\/var-pool-teknologi\/tips-om-pooler\/vattenvard-poolrening\/#breadcrumb","itemListElement":[{"@type":"ListItem","position":1,"name":"Strona g\u0142\u00f3wna","item":"https:\/\/www.phuanita.com\/swe\/"},{"@type":"ListItem","position":2,"name":"V\u00e5r pool teknologi","item":"https:\/\/www.phuanita.com\/swe\/var-pool-teknologi\/"},{"@type":"ListItem","position":3,"name":"Tips om pooler","item":"https:\/\/www.phuanita.com\/swe\/var-pool-teknologi\/tips-om-pooler\/"},{"@type":"ListItem","position":4,"name":"Vattenv\u00e5rd \/ Poolrening"}]},{"@type":"WebSite","@id":"https:\/\/www.phuanita.com\/swe\/#website","url":"https:\/\/www.phuanita.com\/swe\/","name":"PHU Anita","description":"","potentialAction":[{"@type":"SearchAction","target":{"@type":"EntryPoint","urlTemplate":"https:\/\/www.phuanita.com\/swe\/?s={search_term_string}"},"query-input":{"@type":"PropertyValueSpecification","valueRequired":true,"valueName":"search_term_string"}}],"inLanguage":"en-US"}]}},"_links":{"self":[{"href":"https:\/\/www.phuanita.com\/swe\/wp-json\/wp\/v2\/pages\/734","targetHints":{"allow":["GET"]}}],"collection":[{"href":"https:\/\/www.phuanita.com\/swe\/wp-json\/wp\/v2\/pages"}],"about":[{"href":"https:\/\/www.phuanita.com\/swe\/wp-json\/wp\/v2\/types\/page"}],"author":[{"embeddable":true,"href":"https:\/\/www.phuanita.com\/swe\/wp-json\/wp\/v2\/users\/1"}],"replies":[{"embeddable":true,"href":"https:\/\/www.phuanita.com\/swe\/wp-json\/wp\/v2\/comments?post=734"}],"version-history":[{"count":2,"href":"https:\/\/www.phuanita.com\/swe\/wp-json\/wp\/v2\/pages\/734\/revisions"}],"predecessor-version":[{"id":238326,"href":"https:\/\/www.phuanita.com\/swe\/wp-json\/wp\/v2\/pages\/734\/revisions\/238326"}],"up":[{"embeddable":true,"href":"https:\/\/www.phuanita.com\/swe\/wp-json\/wp\/v2\/pages\/69"}],"wp:attachment":[{"href":"https:\/\/www.phuanita.com\/swe\/wp-json\/wp\/v2\/media?parent=734"}],"wp:term":[{"taxonomy":"post_tag","embeddable":true,"href":"https:\/\/www.phuanita.com\/swe\/wp-json\/wp\/v2\/tags?post=734"}],"curies":[{"name":"wp","href":"https:\/\/api.w.org\/{rel}","templated":true}]}}