{"id":73,"date":"2020-12-21T18:32:21","date_gmt":"2020-12-21T17:32:21","guid":{"rendered":"http:\/\/nowa22.phuanita.com\/?page_id=73"},"modified":"2023-02-27T17:06:44","modified_gmt":"2023-02-27T16:06:44","slug":"beskrivning-pool-montage","status":"publish","type":"page","link":"https:\/\/www.phuanita.com\/swe\/var-pool-teknologi\/beskrivning-pool-montage\/","title":{"rendered":"Beskrivning Pool-Montage"},"content":{"rendered":"<p>[et_pb_section fb_built=&#8221;1&#8243; _builder_version=&#8221;4.16&#8243; _module_preset=&#8221;default&#8221; locked=&#8221;off&#8221; global_colors_info=&#8221;{}&#8221; theme_builder_area=&#8221;post_content&#8221;][et_pb_row _builder_version=&#8221;4.16&#8243; _module_preset=&#8221;default&#8221; custom_margin=&#8221;||0px||false|false&#8221; custom_padding=&#8221;||0px||false|false&#8221; global_colors_info=&#8221;{}&#8221; theme_builder_area=&#8221;post_content&#8221;][et_pb_column type=&#8221;4_4&#8243; _builder_version=&#8221;4.16&#8243; _module_preset=&#8221;default&#8221; global_colors_info=&#8221;{}&#8221; theme_builder_area=&#8221;post_content&#8221;][et_pb_post_title meta=&#8221;off&#8221; featured_image=&#8221;off&#8221; _builder_version=&#8221;4.16&#8243; _module_preset=&#8221;default&#8221; global_colors_info=&#8221;{}&#8221; theme_builder_area=&#8221;post_content&#8221;][\/et_pb_post_title][\/et_pb_column][\/et_pb_row][et_pb_row column_structure=&#8221;1_2,1_2&#8243; _builder_version=&#8221;4.16&#8243; _module_preset=&#8221;default&#8221; global_colors_info=&#8221;{}&#8221; theme_builder_area=&#8221;post_content&#8221;][et_pb_column type=&#8221;1_2&#8243; _builder_version=&#8221;4.16&#8243; _module_preset=&#8221;default&#8221; global_colors_info=&#8221;{}&#8221; theme_builder_area=&#8221;post_content&#8221;][et_pb_text _builder_version=&#8221;4.16&#8243; _module_preset=&#8221;default&#8221; global_colors_info=&#8221;{}&#8221; theme_builder_area=&#8221;post_content&#8221;]<\/p>\n<h3><span class=\"Apple-style-span\">Montering av lampor.<\/span><\/h3>\n<ol>\n<li>Anv\u00e4nd kl\u00e4mringen i lampsatsen. L\u00e4gg kl\u00e4mringen p\u00e5 poolens insida d\u00e4r du vill ha lamporna. (OBS! t\u00e4nk p\u00e5 att inte s\u00e4tta lamporna s\u00e5 l\u00e5ngt ifr\u00e5n varandra att du m\u00e5ste skarva kabeln om du inte n\u00f6dv\u00e4ndigt vill g\u00f6ra detta.)<\/li>\n<li>M\u00e4rk av med spritpenna d\u00e4r du ska s\u00e5ga h\u00e5let samt \u00f6versta h\u00e5let i ringen samt det nedersta.<\/li>\n<li>Borra ett h\u00e5l 9-10mm i n\u00e4rhet av den markerade ringen.<\/li>\n<li>S\u00e5ga ur h\u00e5let med en sticks\u00e5g.<\/li>\n<li>Borra de tv\u00e5 h\u00e5len som du m\u00e4rkt ut med 7millimeters borr.<\/li>\n<li>L\u00e4gg p\u00e5 ringen och anv\u00e4nd de medf\u00f6ljande skruven f\u00f6r att fixera ringen i de tv\u00e5 h\u00e5len du borrat.<\/li>\n<li>Borra nu de andra h\u00e5len.<\/li>\n<li>N\u00e4r du monterar lampan anv\u00e4nd montagelim typ akvariefog som kan anv\u00e4ndas till att ha under vatten mellan packningar.<\/li>\n<li>Nu \u00e4r det bara att tr\u00e4 igenom kabeln. Men l\u00e4mna lite kabel s\u00e5 att du kan lossa lampan enkelt om du beh\u00f6ver n\u00e5gon g\u00e5ng.<\/li>\n<li>Dra \u00e5t t\u00e4tningarna. Skruva fast lamporna. KLART!!!<\/li>\n<li>Anslutning av trafo f\u00e5r endast g\u00f6ras av beh\u00f6rig elektriker.<\/li>\n<\/ol>\n<p>[\/et_pb_text][\/et_pb_column][et_pb_column type=&#8221;1_2&#8243; _builder_version=&#8221;4.16&#8243; _module_preset=&#8221;default&#8221; global_colors_info=&#8221;{}&#8221; theme_builder_area=&#8221;post_content&#8221;][et_pb_text _builder_version=&#8221;4.16&#8243; _module_preset=&#8221;default&#8221; global_colors_info=&#8221;{}&#8221; theme_builder_area=&#8221;post_content&#8221;]<\/p>\n<h3><span class=\"Apple-style-span\">MONTERING AV &#8220;DYSER&#8221; INLOPP<\/span><\/h3>\n<ol>\n<li>F\u00f6r att f\u00e5 b\u00e4st effekt av reningen ( cirkulationen) s\u00e5 ska man montera inloppen p\u00e5 motsvarande sida som (Skimmer) br\u00e4davlopp.<\/li>\n<li>Normalt avst\u00e5nd fr\u00e5n vattenytan till h\u00e5len f\u00f6r dyser \u00e4r cirka 30 cm.<\/li>\n<li>Borra med h\u00e5ls\u00e5g 62 mm.<\/li>\n<li>Anv\u00e4nd montagelim typ akvariefog som kan anv\u00e4ndas under vatten mellan packningar.<\/li>\n<li>Vid montage av medf\u00f6ljande r\u00f6r cirka 1,7m till dyser anv\u00e4nd TANGITLIM vid montage. Slipa lite med sandpapper s\u00e5 du f\u00e5r en rugglig yta. Torka av med tangit-sprit.<\/li>\n<li>L\u00e4gg p\u00e5 fl\u00f6digt med TANGITLIM och passa ihop delarna. Dra av med fingret \u00f6verblivet lim. Nu &#8220;Svetsas delarna ihop&#8221;.<\/li>\n<\/ol>\n<h3><span class=\"Apple-style-span\">MONTERING AV SKIMMER (BR\u00c4DAVLOPP) 4-5 CM OVANKANT POOL TILL OVANKANT SKIMMERKANT<\/span><\/h3>\n<ol>\n<li>Se beskrivning f\u00f6r montering av lampor.<\/li>\n<\/ol>\n<p>[\/et_pb_text][\/et_pb_column][\/et_pb_row][et_pb_row column_structure=&#8221;1_2,1_2&#8243; _builder_version=&#8221;4.16&#8243; _module_preset=&#8221;default&#8221; global_colors_info=&#8221;{}&#8221; theme_builder_area=&#8221;post_content&#8221;][et_pb_column type=&#8221;1_2&#8243; _builder_version=&#8221;4.16&#8243; _module_preset=&#8221;default&#8221; global_colors_info=&#8221;{}&#8221; theme_builder_area=&#8221;post_content&#8221;][et_pb_text _builder_version=&#8221;4.16&#8243; _module_preset=&#8221;default&#8221; global_colors_info=&#8221;{}&#8221; theme_builder_area=&#8221;post_content&#8221;]<\/p>\n<h3><span class=\"Apple-style-span\">MONTERING AV PUMP OCH FILTER<\/span><\/h3>\n<ol>\n<li>Kulventil monteras p\u00e5 slangen fr\u00e5n br\u00e4davlopp innan pumpen. Backventil monteras efter sandfilter p\u00e5 slang som g\u00e5r till inlopp (dyser) 2. Anv\u00e4nd Tangitlim vid montage av r\u00f6r och kopplingar som vid montering av dyser punkt nummer 5 och 6.<\/li>\n<li>OBS Inkoppling av pump f\u00e5r endast g\u00f6ras av beh\u00f6rig elektriker.<\/li>\n<li>Vid p\u00e5fyllning av sand s\u00e5 var noga med att dra kl\u00e4mringen p\u00e5 filtret ordentligt innan start. Det g\u00e5r att anv\u00e4nda lite sillicon p\u00e5 o-ringen om man vill men \u00e4r ej n\u00f6dv\u00e4ndigt.<br \/>KLART.<br \/>Montering av KULVENTIL ska g\u00f6ras innan pumpen och BACKVENTIL efter filter p\u00e5 returledning till poolen. Om du ska ha en v\u00e4rmare monterad s\u00e5 s\u00e4tt den mellan filter och backventil.<\/li>\n<\/ol>\n<p>OBS. om pumpen star ovan vatten yttan ska backventilen moteras pa slangen fran bradavloppet och kulventilen pa slangen fran inloppet.<\/p>\n<p>[\/et_pb_text][\/et_pb_column][et_pb_column type=&#8221;1_2&#8243; _builder_version=&#8221;4.16&#8243; _module_preset=&#8221;default&#8221; global_colors_info=&#8221;{}&#8221; theme_builder_area=&#8221;post_content&#8221;][et_pb_gallery gallery_ids=&#8221;238346,238347&#8243; posts_number=&#8221;2&#8243; show_title_and_caption=&#8221;off&#8221; show_pagination=&#8221;off&#8221; zoom_icon_color=&#8221;#0C71C3&#8243; hover_overlay_color=&#8221;rgba(255,255,255,0.51)&#8221; hover_icon=&#8221;&#x55;||divi||400&#8243; _builder_version=&#8221;4.18.0&#8243; _module_preset=&#8221;default&#8221; global_colors_info=&#8221;{}&#8221; theme_builder_area=&#8221;post_content&#8221;][\/et_pb_gallery][et_pb_text _builder_version=&#8221;4.16&#8243; _module_preset=&#8221;default&#8221; global_colors_info=&#8221;{}&#8221; theme_builder_area=&#8221;post_content&#8221;]<\/p>\n<p>Lycka till med din nya anl\u00e4ggning och pool.<\/p>\n<p>[\/et_pb_text][\/et_pb_column][\/et_pb_row][\/et_pb_section]<\/p>\n","protected":false},"excerpt":{"rendered":"<p>Montering av lampor. Anv\u00e4nd kl\u00e4mringen i lampsatsen. L\u00e4gg kl\u00e4mringen p\u00e5 poolens insida d\u00e4r du vill ha lamporna. (OBS! t\u00e4nk p\u00e5 att inte s\u00e4tta lamporna s\u00e5 l\u00e5ngt ifr\u00e5n varandra att du m\u00e5ste skarva kabeln om du inte n\u00f6dv\u00e4ndigt vill g\u00f6ra detta.) M\u00e4rk av med spritpenna d\u00e4r du ska s\u00e5ga h\u00e5let samt \u00f6versta h\u00e5let i ringen samt [&hellip;]<\/p>\n","protected":false},"author":1,"featured_media":0,"parent":46,"menu_order":0,"comment_status":"closed","ping_status":"closed","template":"","meta":{"_et_pb_use_builder":"on","_et_pb_old_content":"","_et_gb_content_width":"","footnotes":""},"tags":[],"class_list":["post-73","page","type-page","status-publish","hentry"],"yoast_head":"<!-- This site is optimized with the Yoast SEO plugin v27.5 - https:\/\/yoast.com\/product\/yoast-seo-wordpress\/ -->\n<title>Beskrivning Pool-Montage - PHU Anita<\/title>\n<meta name=\"robots\" content=\"index, follow, max-snippet:-1, max-image-preview:large, max-video-preview:-1\" \/>\n<link rel=\"canonical\" href=\"https:\/\/www.phuanita.com\/swe\/var-pool-teknologi\/beskrivning-pool-montage\/\" \/>\n<meta property=\"og:locale\" content=\"en_US\" \/>\n<meta property=\"og:type\" content=\"article\" \/>\n<meta property=\"og:title\" content=\"Beskrivning Pool-Montage - PHU Anita\" \/>\n<meta property=\"og:description\" content=\"Montering av lampor. Anv\u00e4nd kl\u00e4mringen i lampsatsen. L\u00e4gg kl\u00e4mringen p\u00e5 poolens insida d\u00e4r du vill ha lamporna. (OBS! t\u00e4nk p\u00e5 att inte s\u00e4tta lamporna s\u00e5 l\u00e5ngt ifr\u00e5n varandra att du m\u00e5ste skarva kabeln om du inte n\u00f6dv\u00e4ndigt vill g\u00f6ra detta.) M\u00e4rk av med spritpenna d\u00e4r du ska s\u00e5ga h\u00e5let samt \u00f6versta h\u00e5let i ringen samt [&hellip;]\" \/>\n<meta property=\"og:url\" content=\"https:\/\/www.phuanita.com\/swe\/var-pool-teknologi\/beskrivning-pool-montage\/\" \/>\n<meta property=\"og:site_name\" content=\"PHU Anita\" \/>\n<meta property=\"article:modified_time\" content=\"2023-02-27T16:06:44+00:00\" \/>\n<meta name=\"twitter:card\" content=\"summary_large_image\" \/>\n<meta name=\"twitter:label1\" content=\"Est. reading time\" \/>\n\t<meta name=\"twitter:data1\" content=\"4 minutes\" \/>\n<script type=\"application\/ld+json\" class=\"yoast-schema-graph\">{\"@context\":\"https:\\\/\\\/schema.org\",\"@graph\":[{\"@type\":\"WebPage\",\"@id\":\"https:\\\/\\\/www.phuanita.com\\\/swe\\\/var-pool-teknologi\\\/beskrivning-pool-montage\\\/\",\"url\":\"https:\\\/\\\/www.phuanita.com\\\/swe\\\/var-pool-teknologi\\\/beskrivning-pool-montage\\\/\",\"name\":\"Beskrivning Pool-Montage - PHU Anita\",\"isPartOf\":{\"@id\":\"https:\\\/\\\/www.phuanita.com\\\/swe\\\/#website\"},\"datePublished\":\"2020-12-21T17:32:21+00:00\",\"dateModified\":\"2023-02-27T16:06:44+00:00\",\"breadcrumb\":{\"@id\":\"https:\\\/\\\/www.phuanita.com\\\/swe\\\/var-pool-teknologi\\\/beskrivning-pool-montage\\\/#breadcrumb\"},\"inLanguage\":\"en-US\",\"potentialAction\":[{\"@type\":\"ReadAction\",\"target\":[\"https:\\\/\\\/www.phuanita.com\\\/swe\\\/var-pool-teknologi\\\/beskrivning-pool-montage\\\/\"]}]},{\"@type\":\"BreadcrumbList\",\"@id\":\"https:\\\/\\\/www.phuanita.com\\\/swe\\\/var-pool-teknologi\\\/beskrivning-pool-montage\\\/#breadcrumb\",\"itemListElement\":[{\"@type\":\"ListItem\",\"position\":1,\"name\":\"Strona g\u0142\u00f3wna\",\"item\":\"https:\\\/\\\/www.phuanita.com\\\/swe\\\/\"},{\"@type\":\"ListItem\",\"position\":2,\"name\":\"V\u00e5r pool teknologi\",\"item\":\"https:\\\/\\\/www.phuanita.com\\\/swe\\\/var-pool-teknologi\\\/\"},{\"@type\":\"ListItem\",\"position\":3,\"name\":\"Beskrivning Pool-Montage\"}]},{\"@type\":\"WebSite\",\"@id\":\"https:\\\/\\\/www.phuanita.com\\\/swe\\\/#website\",\"url\":\"https:\\\/\\\/www.phuanita.com\\\/swe\\\/\",\"name\":\"PHU Anita\",\"description\":\"\",\"potentialAction\":[{\"@type\":\"SearchAction\",\"target\":{\"@type\":\"EntryPoint\",\"urlTemplate\":\"https:\\\/\\\/www.phuanita.com\\\/swe\\\/?s={search_term_string}\"},\"query-input\":{\"@type\":\"PropertyValueSpecification\",\"valueRequired\":true,\"valueName\":\"search_term_string\"}}],\"inLanguage\":\"en-US\"}]}<\/script>\n<!-- \/ Yoast SEO plugin. -->","yoast_head_json":{"title":"Beskrivning Pool-Montage - PHU Anita","robots":{"index":"index","follow":"follow","max-snippet":"max-snippet:-1","max-image-preview":"max-image-preview:large","max-video-preview":"max-video-preview:-1"},"canonical":"https:\/\/www.phuanita.com\/swe\/var-pool-teknologi\/beskrivning-pool-montage\/","og_locale":"en_US","og_type":"article","og_title":"Beskrivning Pool-Montage - PHU Anita","og_description":"Montering av lampor. Anv\u00e4nd kl\u00e4mringen i lampsatsen. L\u00e4gg kl\u00e4mringen p\u00e5 poolens insida d\u00e4r du vill ha lamporna. (OBS! t\u00e4nk p\u00e5 att inte s\u00e4tta lamporna s\u00e5 l\u00e5ngt ifr\u00e5n varandra att du m\u00e5ste skarva kabeln om du inte n\u00f6dv\u00e4ndigt vill g\u00f6ra detta.) M\u00e4rk av med spritpenna d\u00e4r du ska s\u00e5ga h\u00e5let samt \u00f6versta h\u00e5let i ringen samt [&hellip;]","og_url":"https:\/\/www.phuanita.com\/swe\/var-pool-teknologi\/beskrivning-pool-montage\/","og_site_name":"PHU Anita","article_modified_time":"2023-02-27T16:06:44+00:00","twitter_card":"summary_large_image","twitter_misc":{"Est. reading time":"4 minutes"},"schema":{"@context":"https:\/\/schema.org","@graph":[{"@type":"WebPage","@id":"https:\/\/www.phuanita.com\/swe\/var-pool-teknologi\/beskrivning-pool-montage\/","url":"https:\/\/www.phuanita.com\/swe\/var-pool-teknologi\/beskrivning-pool-montage\/","name":"Beskrivning Pool-Montage - PHU Anita","isPartOf":{"@id":"https:\/\/www.phuanita.com\/swe\/#website"},"datePublished":"2020-12-21T17:32:21+00:00","dateModified":"2023-02-27T16:06:44+00:00","breadcrumb":{"@id":"https:\/\/www.phuanita.com\/swe\/var-pool-teknologi\/beskrivning-pool-montage\/#breadcrumb"},"inLanguage":"en-US","potentialAction":[{"@type":"ReadAction","target":["https:\/\/www.phuanita.com\/swe\/var-pool-teknologi\/beskrivning-pool-montage\/"]}]},{"@type":"BreadcrumbList","@id":"https:\/\/www.phuanita.com\/swe\/var-pool-teknologi\/beskrivning-pool-montage\/#breadcrumb","itemListElement":[{"@type":"ListItem","position":1,"name":"Strona g\u0142\u00f3wna","item":"https:\/\/www.phuanita.com\/swe\/"},{"@type":"ListItem","position":2,"name":"V\u00e5r pool teknologi","item":"https:\/\/www.phuanita.com\/swe\/var-pool-teknologi\/"},{"@type":"ListItem","position":3,"name":"Beskrivning Pool-Montage"}]},{"@type":"WebSite","@id":"https:\/\/www.phuanita.com\/swe\/#website","url":"https:\/\/www.phuanita.com\/swe\/","name":"PHU Anita","description":"","potentialAction":[{"@type":"SearchAction","target":{"@type":"EntryPoint","urlTemplate":"https:\/\/www.phuanita.com\/swe\/?s={search_term_string}"},"query-input":{"@type":"PropertyValueSpecification","valueRequired":true,"valueName":"search_term_string"}}],"inLanguage":"en-US"}]}},"_links":{"self":[{"href":"https:\/\/www.phuanita.com\/swe\/wp-json\/wp\/v2\/pages\/73","targetHints":{"allow":["GET"]}}],"collection":[{"href":"https:\/\/www.phuanita.com\/swe\/wp-json\/wp\/v2\/pages"}],"about":[{"href":"https:\/\/www.phuanita.com\/swe\/wp-json\/wp\/v2\/types\/page"}],"author":[{"embeddable":true,"href":"https:\/\/www.phuanita.com\/swe\/wp-json\/wp\/v2\/users\/1"}],"replies":[{"embeddable":true,"href":"https:\/\/www.phuanita.com\/swe\/wp-json\/wp\/v2\/comments?post=73"}],"version-history":[{"count":2,"href":"https:\/\/www.phuanita.com\/swe\/wp-json\/wp\/v2\/pages\/73\/revisions"}],"predecessor-version":[{"id":238351,"href":"https:\/\/www.phuanita.com\/swe\/wp-json\/wp\/v2\/pages\/73\/revisions\/238351"}],"up":[{"embeddable":true,"href":"https:\/\/www.phuanita.com\/swe\/wp-json\/wp\/v2\/pages\/46"}],"wp:attachment":[{"href":"https:\/\/www.phuanita.com\/swe\/wp-json\/wp\/v2\/media?parent=73"}],"wp:term":[{"taxonomy":"post_tag","embeddable":true,"href":"https:\/\/www.phuanita.com\/swe\/wp-json\/wp\/v2\/tags?post=73"}],"curies":[{"name":"wp","href":"https:\/\/api.w.org\/{rel}","templated":true}]}}