{"id":729,"date":"2021-02-04T16:41:53","date_gmt":"2021-02-04T15:41:53","guid":{"rendered":"http:\/\/nowa22.phuanita.com\/?page_id=729"},"modified":"2025-09-24T16:25:49","modified_gmt":"2025-09-24T14:25:49","slug":"hur-avslutar-vi-sasongen","status":"publish","type":"page","link":"https:\/\/www.phuanita.com\/swe\/var-pool-teknologi\/tips-om-pooler\/hur-avslutar-vi-sasongen\/","title":{"rendered":"Hur avslutar vi s\u00e4songen"},"content":{"rendered":"<p>[et_pb_section fb_built=&#8221;1&#8243; _builder_version=&#8221;4.16&#8243; _module_preset=&#8221;default&#8221; locked=&#8221;off&#8221; global_colors_info=&#8221;{}&#8221;][et_pb_row _builder_version=&#8221;4.16&#8243; _module_preset=&#8221;default&#8221; custom_margin=&#8221;||0px||false|false&#8221; custom_padding=&#8221;||0px||false|false&#8221; global_colors_info=&#8221;{}&#8221;][et_pb_column type=&#8221;4_4&#8243; _builder_version=&#8221;4.16&#8243; _module_preset=&#8221;default&#8221; global_colors_info=&#8221;{}&#8221;][et_pb_post_title meta=&#8221;off&#8221; featured_image=&#8221;off&#8221; _builder_version=&#8221;4.16&#8243; _module_preset=&#8221;default&#8221; global_colors_info=&#8221;{}&#8221;][\/et_pb_post_title][et_pb_text _builder_version=&#8221;4.23.1&#8243; _module_preset=&#8221;default&#8221; global_colors_info=&#8221;{}&#8221;]<\/p>\n<h3>ST\u00c4NGNING AV POOLEN EFTER S\u00c4SONGEN<\/h3>\n<p>[\/et_pb_text][\/et_pb_column][\/et_pb_row][et_pb_row column_structure=&#8221;1_2,1_2&#8243; use_custom_gutter=&#8221;on&#8221; gutter_width=&#8221;2&#8243; _builder_version=&#8221;4.16&#8243; _module_preset=&#8221;default&#8221; custom_padding=&#8221;14px|||||&#8221; global_colors_info=&#8221;{}&#8221;][et_pb_column type=&#8221;1_2&#8243; _builder_version=&#8221;4.16&#8243; _module_preset=&#8221;default&#8221; global_colors_info=&#8221;{}&#8221;][et_pb_text _builder_version=&#8221;4.27.4&#8243; _module_preset=&#8221;default&#8221; hover_enabled=&#8221;0&#8243; global_colors_info=&#8221;{}&#8221; sticky_enabled=&#8221;0&#8243;]<\/p>\n<p>&#8211; Vi st\u00e4nger hela poolen f\u00f6r vinterperioden f\u00f6rst n\u00e4r temperaturen i vattnet sjunker under 8 grader och kommer att ligga kvar p\u00e5 denna niv\u00e5 i flera dagar.<br \/>&#8211; 2-3 dagar f\u00f6re st\u00e4ngning st\u00e4ller du in r\u00e4tt pH-v\u00e4rde och tills\u00e4tter klorchock (25 tabletter), cirkulationen fungerar hela tiden.<br \/>&#8211; Efter 2-3 dagar reng\u00f6r du poolv\u00e4ggarna noggrant och dammsuger botten, poolen m\u00e5ste vara helt ren.<br \/>&#8211; St\u00e4ng alla f\u00f6rbikopplingar.<br \/>&#8211; Demontera v\u00e4rmepumpen och placera den i ett rum med en plus temperatur, f\u00f6rsegla slangarna som l\u00e4mnas utanf\u00f6r s\u00e5 att gnagare och andra varelser inte kan komma in.<br \/>&#8211; Utf\u00f6r backspolning medan du s\u00e4nker vattenniv\u00e5n i poolen.<br \/>&#8211; Utf\u00f6r en l\u00e5ng RINSE medan du s\u00e4nker vattenniv\u00e5n i poolen.<br \/>&#8211; St\u00e4ll ventilens handtag i l\u00e4get FILTER T\u00f6m ut vattnet fr\u00e5n filtret genom att \u00f6ppna den nedre avtappningspluggen (l\u00e5t den vara \u00f6ppen).<br \/>&#8211; Koppla fr\u00e5n str\u00f6mf\u00f6rs\u00f6rjningen med huvudstr\u00f6mbrytaren (KOPPLA INTE FR\u00c5N STR\u00d6MMEN TILL Dr\u00e4neringspumpen !!! ).<\/p>\n<p>[\/et_pb_text][\/et_pb_column][et_pb_column type=&#8221;1_2&#8243; _builder_version=&#8221;4.16&#8243; _module_preset=&#8221;default&#8221; global_colors_info=&#8221;{}&#8221;][et_pb_text _builder_version=&#8221;4.27.4&#8243; _module_preset=&#8221;default&#8221; hover_enabled=&#8221;0&#8243; global_colors_info=&#8221;{}&#8221; sticky_enabled=&#8221;0&#8243;]<\/p>\n<p>&#8211; T\u00f6m pumpen genom att \u00f6ppna avtappningspluggen (l\u00e5t den vara \u00f6ppen).<br \/>&#8211; \u00d6ppna alla kulventiler och l\u00e4mna dem i \u00f6ppet l\u00e4ge.<br \/>&#8211; T\u00f6m matar- och dr\u00e4neringsledningarna med tryckluft.<br \/>&#8211; Reng\u00f6r pumpens och skimmerns sil.<br \/>&#8211; Skydda pumpen och silen fr\u00e5n att frysa, helst genom att f\u00f6rvara dem p\u00e5 en varm plats (sl\u00e5 p\u00e5 v\u00e4rmaren).<br \/>&#8211; T\u00f6m elektrolys\u00f6ren\/doseringsenheten helt p\u00e5 vatten. ( !!! Ta bort alla elektroder och f\u00f6rvara i en burk med rent vatten, alltid vid plus temperatur).<br \/>&#8211; H\u00e4ll Alba &#8211; algbek\u00e4mpningsmedel &#8211; 1 liter i poolen.<br \/>&#8211; Lyft upp alla lampor i poolen \u00f6ver vattenniv\u00e5n och placera dem p\u00e5 terrassen.<br \/>&#8211; T\u00e4ck \u00f6ver poolen s\u00e5 att vattenniv\u00e5n inte stiger under vintern.<br \/>&#8211; Handtaget p\u00e5 filterventilen ska vara i l\u00e4ge &#8220;CLOSED&#8221;.<br \/>&#8211; Reng\u00f6r dr\u00e4neringspumpen noggrant, kontrollera att den sl\u00e5s p\u00e5 och av korrekt.<\/p>\n<p>[\/et_pb_text][\/et_pb_column][\/et_pb_row][et_pb_row _builder_version=&#8221;4.23.1&#8243; _module_preset=&#8221;default&#8221; border_width_top=&#8221;1px&#8221; border_color_top=&#8221;rgba(12,113,195,0.53)&#8221; global_colors_info=&#8221;{}&#8221;][et_pb_column type=&#8221;4_4&#8243; _builder_version=&#8221;4.23.1&#8243; _module_preset=&#8221;default&#8221; global_colors_info=&#8221;{}&#8221;][et_pb_text _builder_version=&#8221;4.27.4&#8243; _module_preset=&#8221;default&#8221; hover_enabled=&#8221;0&#8243; global_colors_info=&#8221;{}&#8221; sticky_enabled=&#8221;0&#8243;]<\/p>\n<p>!!! DR\u00c4NERINGSPUMPENS KONTROLL minst en g\u00e5ng i veckan !!!<br \/>!!! Varje poolt\u00e4ckning m\u00e5ste tv\u00e4ttas noggrant innan den sprids ut p\u00e5 poolen !!!<\/p>\n<p>[\/et_pb_text][\/et_pb_column][\/et_pb_row][\/et_pb_section]<\/p>\n","protected":false},"excerpt":{"rendered":"<p>ST\u00c4NGNING AV POOLEN EFTER S\u00c4SONGEN- Vi st\u00e4nger hela poolen f\u00f6r vinterperioden f\u00f6rst n\u00e4r temperaturen i vattnet sjunker under 8 grader och kommer att ligga kvar p\u00e5 denna niv\u00e5 i flera dagar.- 2-3 dagar f\u00f6re st\u00e4ngning st\u00e4ller du in r\u00e4tt pH-v\u00e4rde och tills\u00e4tter klorchock (25 tabletter), cirkulationen fungerar hela tiden.- Efter 2-3 dagar reng\u00f6r du poolv\u00e4ggarna [&hellip;]<\/p>\n","protected":false},"author":1,"featured_media":0,"parent":69,"menu_order":0,"comment_status":"closed","ping_status":"closed","template":"","meta":{"_et_pb_use_builder":"on","_et_pb_old_content":"","_et_gb_content_width":"","footnotes":""},"tags":[35],"class_list":["post-729","page","type-page","status-publish","hentry","tag-porady-pielegnacyjne"],"yoast_head":"<!-- This site is optimized with the Yoast SEO plugin v27.5 - https:\/\/yoast.com\/product\/yoast-seo-wordpress\/ -->\n<title>Hur avslutar vi s\u00e4songen - PHU Anita<\/title>\n<meta name=\"robots\" content=\"index, follow, max-snippet:-1, max-image-preview:large, max-video-preview:-1\" \/>\n<link rel=\"canonical\" href=\"https:\/\/www.phuanita.com\/swe\/var-pool-teknologi\/tips-om-pooler\/hur-avslutar-vi-sasongen\/\" \/>\n<meta property=\"og:locale\" content=\"en_US\" \/>\n<meta property=\"og:type\" content=\"article\" \/>\n<meta property=\"og:title\" content=\"Hur avslutar vi s\u00e4songen - PHU Anita\" \/>\n<meta property=\"og:description\" content=\"ST\u00c4NGNING AV POOLEN EFTER S\u00c4SONGEN- Vi st\u00e4nger hela poolen f\u00f6r vinterperioden f\u00f6rst n\u00e4r temperaturen i vattnet sjunker under 8 grader och kommer att ligga kvar p\u00e5 denna niv\u00e5 i flera dagar.- 2-3 dagar f\u00f6re st\u00e4ngning st\u00e4ller du in r\u00e4tt pH-v\u00e4rde och tills\u00e4tter klorchock (25 tabletter), cirkulationen fungerar hela tiden.- Efter 2-3 dagar reng\u00f6r du poolv\u00e4ggarna [&hellip;]\" \/>\n<meta property=\"og:url\" content=\"https:\/\/www.phuanita.com\/swe\/var-pool-teknologi\/tips-om-pooler\/hur-avslutar-vi-sasongen\/\" \/>\n<meta property=\"og:site_name\" content=\"PHU Anita\" \/>\n<meta property=\"article:modified_time\" content=\"2025-09-24T14:25:49+00:00\" \/>\n<meta name=\"twitter:card\" content=\"summary_large_image\" \/>\n<meta name=\"twitter:label1\" content=\"Est. reading time\" \/>\n\t<meta name=\"twitter:data1\" content=\"2 minutes\" \/>\n<script type=\"application\/ld+json\" class=\"yoast-schema-graph\">{\"@context\":\"https:\\\/\\\/schema.org\",\"@graph\":[{\"@type\":\"WebPage\",\"@id\":\"https:\\\/\\\/www.phuanita.com\\\/swe\\\/var-pool-teknologi\\\/tips-om-pooler\\\/hur-avslutar-vi-sasongen\\\/\",\"url\":\"https:\\\/\\\/www.phuanita.com\\\/swe\\\/var-pool-teknologi\\\/tips-om-pooler\\\/hur-avslutar-vi-sasongen\\\/\",\"name\":\"Hur avslutar vi s\u00e4songen - PHU Anita\",\"isPartOf\":{\"@id\":\"https:\\\/\\\/www.phuanita.com\\\/swe\\\/#website\"},\"datePublished\":\"2021-02-04T15:41:53+00:00\",\"dateModified\":\"2025-09-24T14:25:49+00:00\",\"breadcrumb\":{\"@id\":\"https:\\\/\\\/www.phuanita.com\\\/swe\\\/var-pool-teknologi\\\/tips-om-pooler\\\/hur-avslutar-vi-sasongen\\\/#breadcrumb\"},\"inLanguage\":\"en-US\",\"potentialAction\":[{\"@type\":\"ReadAction\",\"target\":[\"https:\\\/\\\/www.phuanita.com\\\/swe\\\/var-pool-teknologi\\\/tips-om-pooler\\\/hur-avslutar-vi-sasongen\\\/\"]}]},{\"@type\":\"BreadcrumbList\",\"@id\":\"https:\\\/\\\/www.phuanita.com\\\/swe\\\/var-pool-teknologi\\\/tips-om-pooler\\\/hur-avslutar-vi-sasongen\\\/#breadcrumb\",\"itemListElement\":[{\"@type\":\"ListItem\",\"position\":1,\"name\":\"Strona g\u0142\u00f3wna\",\"item\":\"https:\\\/\\\/www.phuanita.com\\\/swe\\\/\"},{\"@type\":\"ListItem\",\"position\":2,\"name\":\"V\u00e5r pool teknologi\",\"item\":\"https:\\\/\\\/www.phuanita.com\\\/swe\\\/var-pool-teknologi\\\/\"},{\"@type\":\"ListItem\",\"position\":3,\"name\":\"Tips om pooler\",\"item\":\"https:\\\/\\\/www.phuanita.com\\\/swe\\\/var-pool-teknologi\\\/tips-om-pooler\\\/\"},{\"@type\":\"ListItem\",\"position\":4,\"name\":\"Hur avslutar vi s\u00e4songen\"}]},{\"@type\":\"WebSite\",\"@id\":\"https:\\\/\\\/www.phuanita.com\\\/swe\\\/#website\",\"url\":\"https:\\\/\\\/www.phuanita.com\\\/swe\\\/\",\"name\":\"PHU Anita\",\"description\":\"\",\"potentialAction\":[{\"@type\":\"SearchAction\",\"target\":{\"@type\":\"EntryPoint\",\"urlTemplate\":\"https:\\\/\\\/www.phuanita.com\\\/swe\\\/?s={search_term_string}\"},\"query-input\":{\"@type\":\"PropertyValueSpecification\",\"valueRequired\":true,\"valueName\":\"search_term_string\"}}],\"inLanguage\":\"en-US\"}]}<\/script>\n<!-- \/ Yoast SEO plugin. -->","yoast_head_json":{"title":"Hur avslutar vi s\u00e4songen - PHU Anita","robots":{"index":"index","follow":"follow","max-snippet":"max-snippet:-1","max-image-preview":"max-image-preview:large","max-video-preview":"max-video-preview:-1"},"canonical":"https:\/\/www.phuanita.com\/swe\/var-pool-teknologi\/tips-om-pooler\/hur-avslutar-vi-sasongen\/","og_locale":"en_US","og_type":"article","og_title":"Hur avslutar vi s\u00e4songen - PHU Anita","og_description":"ST\u00c4NGNING AV POOLEN EFTER S\u00c4SONGEN- Vi st\u00e4nger hela poolen f\u00f6r vinterperioden f\u00f6rst n\u00e4r temperaturen i vattnet sjunker under 8 grader och kommer att ligga kvar p\u00e5 denna niv\u00e5 i flera dagar.- 2-3 dagar f\u00f6re st\u00e4ngning st\u00e4ller du in r\u00e4tt pH-v\u00e4rde och tills\u00e4tter klorchock (25 tabletter), cirkulationen fungerar hela tiden.- Efter 2-3 dagar reng\u00f6r du poolv\u00e4ggarna [&hellip;]","og_url":"https:\/\/www.phuanita.com\/swe\/var-pool-teknologi\/tips-om-pooler\/hur-avslutar-vi-sasongen\/","og_site_name":"PHU Anita","article_modified_time":"2025-09-24T14:25:49+00:00","twitter_card":"summary_large_image","twitter_misc":{"Est. reading time":"2 minutes"},"schema":{"@context":"https:\/\/schema.org","@graph":[{"@type":"WebPage","@id":"https:\/\/www.phuanita.com\/swe\/var-pool-teknologi\/tips-om-pooler\/hur-avslutar-vi-sasongen\/","url":"https:\/\/www.phuanita.com\/swe\/var-pool-teknologi\/tips-om-pooler\/hur-avslutar-vi-sasongen\/","name":"Hur avslutar vi s\u00e4songen - PHU Anita","isPartOf":{"@id":"https:\/\/www.phuanita.com\/swe\/#website"},"datePublished":"2021-02-04T15:41:53+00:00","dateModified":"2025-09-24T14:25:49+00:00","breadcrumb":{"@id":"https:\/\/www.phuanita.com\/swe\/var-pool-teknologi\/tips-om-pooler\/hur-avslutar-vi-sasongen\/#breadcrumb"},"inLanguage":"en-US","potentialAction":[{"@type":"ReadAction","target":["https:\/\/www.phuanita.com\/swe\/var-pool-teknologi\/tips-om-pooler\/hur-avslutar-vi-sasongen\/"]}]},{"@type":"BreadcrumbList","@id":"https:\/\/www.phuanita.com\/swe\/var-pool-teknologi\/tips-om-pooler\/hur-avslutar-vi-sasongen\/#breadcrumb","itemListElement":[{"@type":"ListItem","position":1,"name":"Strona g\u0142\u00f3wna","item":"https:\/\/www.phuanita.com\/swe\/"},{"@type":"ListItem","position":2,"name":"V\u00e5r pool teknologi","item":"https:\/\/www.phuanita.com\/swe\/var-pool-teknologi\/"},{"@type":"ListItem","position":3,"name":"Tips om pooler","item":"https:\/\/www.phuanita.com\/swe\/var-pool-teknologi\/tips-om-pooler\/"},{"@type":"ListItem","position":4,"name":"Hur avslutar vi s\u00e4songen"}]},{"@type":"WebSite","@id":"https:\/\/www.phuanita.com\/swe\/#website","url":"https:\/\/www.phuanita.com\/swe\/","name":"PHU Anita","description":"","potentialAction":[{"@type":"SearchAction","target":{"@type":"EntryPoint","urlTemplate":"https:\/\/www.phuanita.com\/swe\/?s={search_term_string}"},"query-input":{"@type":"PropertyValueSpecification","valueRequired":true,"valueName":"search_term_string"}}],"inLanguage":"en-US"}]}},"_links":{"self":[{"href":"https:\/\/www.phuanita.com\/swe\/wp-json\/wp\/v2\/pages\/729","targetHints":{"allow":["GET"]}}],"collection":[{"href":"https:\/\/www.phuanita.com\/swe\/wp-json\/wp\/v2\/pages"}],"about":[{"href":"https:\/\/www.phuanita.com\/swe\/wp-json\/wp\/v2\/types\/page"}],"author":[{"embeddable":true,"href":"https:\/\/www.phuanita.com\/swe\/wp-json\/wp\/v2\/users\/1"}],"replies":[{"embeddable":true,"href":"https:\/\/www.phuanita.com\/swe\/wp-json\/wp\/v2\/comments?post=729"}],"version-history":[{"count":6,"href":"https:\/\/www.phuanita.com\/swe\/wp-json\/wp\/v2\/pages\/729\/revisions"}],"predecessor-version":[{"id":239855,"href":"https:\/\/www.phuanita.com\/swe\/wp-json\/wp\/v2\/pages\/729\/revisions\/239855"}],"up":[{"embeddable":true,"href":"https:\/\/www.phuanita.com\/swe\/wp-json\/wp\/v2\/pages\/69"}],"wp:attachment":[{"href":"https:\/\/www.phuanita.com\/swe\/wp-json\/wp\/v2\/media?parent=729"}],"wp:term":[{"taxonomy":"post_tag","embeddable":true,"href":"https:\/\/www.phuanita.com\/swe\/wp-json\/wp\/v2\/tags?post=729"}],"curies":[{"name":"wp","href":"https:\/\/api.w.org\/{rel}","templated":true}]}}