{"id":721,"date":"2021-02-04T16:39:24","date_gmt":"2021-02-04T15:39:24","guid":{"rendered":"http:\/\/nowa22.phuanita.com\/?page_id=721"},"modified":"2023-02-27T16:22:55","modified_gmt":"2023-02-27T15:22:55","slug":"kemikalier-for-vattenvard","status":"publish","type":"page","link":"https:\/\/www.phuanita.com\/swe\/var-pool-teknologi\/tips-om-pooler\/kemikalier-for-vattenvard\/","title":{"rendered":"Kemikalier f\u00f6r vattenv\u00e5rd"},"content":{"rendered":"<p>[et_pb_section fb_built=&#8221;1&#8243; _builder_version=&#8221;4.16&#8243; _module_preset=&#8221;default&#8221; locked=&#8221;off&#8221; global_colors_info=&#8221;{}&#8221; theme_builder_area=&#8221;post_content&#8221;][et_pb_row _builder_version=&#8221;4.16&#8243; _module_preset=&#8221;default&#8221; custom_margin=&#8221;||0px||false|false&#8221; custom_padding=&#8221;||0px||false|false&#8221; global_colors_info=&#8221;{}&#8221; theme_builder_area=&#8221;post_content&#8221;][et_pb_column type=&#8221;4_4&#8243; _builder_version=&#8221;4.16&#8243; _module_preset=&#8221;default&#8221; global_colors_info=&#8221;{}&#8221; theme_builder_area=&#8221;post_content&#8221;][et_pb_post_title meta=&#8221;off&#8221; featured_image=&#8221;off&#8221; _builder_version=&#8221;4.16&#8243; _module_preset=&#8221;default&#8221; global_colors_info=&#8221;{}&#8221; theme_builder_area=&#8221;post_content&#8221;][\/et_pb_post_title][\/et_pb_column][\/et_pb_row][et_pb_row column_structure=&#8221;1_2,1_2&#8243; use_custom_gutter=&#8221;on&#8221; gutter_width=&#8221;2&#8243; _builder_version=&#8221;4.16&#8243; _module_preset=&#8221;default&#8221; global_colors_info=&#8221;{}&#8221; theme_builder_area=&#8221;post_content&#8221;][et_pb_column type=&#8221;1_2&#8243; _builder_version=&#8221;4.16&#8243; _module_preset=&#8221;default&#8221; global_colors_info=&#8221;{}&#8221; theme_builder_area=&#8221;post_content&#8221;][et_pb_text _builder_version=&#8221;4.16&#8243; _module_preset=&#8221;default&#8221; global_colors_info=&#8221;{}&#8221; theme_builder_area=&#8221;post_content&#8221;]<\/p>\n<p>*\u00a0R\u00e4tt klor v\u00e4rde ska alltid ligga mellan 0,5-1 ppm, mg\/l<br \/>*\u00a0R\u00e4tt Ph v\u00e4rde ska alltid ligga mellan 7,2-7,6<br \/>*\u00a0Alla kemikalier placeras i utloppet (br\u00e4ddavloppet) och l\u00f6ses upp med det cirkulerande vattnet<br \/>*\u00a0Vattnet ska alltid cirkulera under kemikaliebehandlingen<br \/>*\u00a0Blanda ej olika kemikalier med varandra<br \/>*\u00a0Kontrollera klor och Ph v\u00e4rde minst en g\u00e5ng i veckan<br \/>* Rekommenderad klor: veckoklor RAINBOW 20g tabletter (56% klor, klorstabilisator, algmedel, flockningsmedel)<\/p>\n<p>[\/et_pb_text][\/et_pb_column][et_pb_column type=&#8221;1_2&#8243; _builder_version=&#8221;4.16&#8243; _module_preset=&#8221;default&#8221; global_colors_info=&#8221;{}&#8221; theme_builder_area=&#8221;post_content&#8221;][\/et_pb_column][\/et_pb_row][et_pb_row column_structure=&#8221;1_2,1_2&#8243; use_custom_gutter=&#8221;on&#8221; gutter_width=&#8221;2&#8243; _builder_version=&#8221;4.16&#8243; _module_preset=&#8221;default&#8221; global_colors_info=&#8221;{}&#8221; theme_builder_area=&#8221;post_content&#8221;][et_pb_column type=&#8221;1_2&#8243; _builder_version=&#8221;4.16&#8243; _module_preset=&#8221;default&#8221; global_colors_info=&#8221;{}&#8221; theme_builder_area=&#8221;post_content&#8221;][et_pb_text _builder_version=&#8221;4.16&#8243; _module_preset=&#8221;default&#8221; global_colors_info=&#8221;{}&#8221; theme_builder_area=&#8221;post_content&#8221;]<\/p>\n<h3><strong>REGULATORER F\u00d6R VATTNETS PH-V\u00c4RDE<\/strong><\/h3>\n<p><strong>pH minus<\/strong><br \/>Granulat f\u00f6r s\u00e4nkning av pH-v\u00e4rdet i vattnet. Skapar ogynnsamma f\u00f6rh\u00e5llanden f\u00f6r mikroorganismer vilket leder till att de f\u00f6rst\u00f6rs och deras utveckling bromsas. Korrekt pH (7,2-7,6) \u00e4r ett villkor f\u00f6r att andra medel ska ha bra verkan.<\/p>\n<p><strong>pH Heber-Plus<\/strong><br \/>Granulat f\u00f6r h\u00f6jning av pH-v\u00e4rdet i vattnet. Skapar ogynnsamma f\u00f6rh\u00e5llanden f\u00f6r mikroorganismer vilket leder till att de f\u00f6rst\u00f6rs och deras utveckling bromsas. Korrekt pH (7,2-7,6) \u00e4r ett villkor f\u00f6r att andra medel ska ha bra verkan.<\/p>\n<p>[\/et_pb_text][\/et_pb_column][et_pb_column type=&#8221;1_2&#8243; _builder_version=&#8221;4.16&#8243; _module_preset=&#8221;default&#8221; global_colors_info=&#8221;{}&#8221; theme_builder_area=&#8221;post_content&#8221;][et_pb_text _builder_version=&#8221;4.16&#8243; _module_preset=&#8221;default&#8221; global_colors_info=&#8221;{}&#8221; theme_builder_area=&#8221;post_content&#8221;]<\/p>\n<h3><strong>KLORMEDEL<\/strong><\/h3>\n<p><strong>Quick klor-tabletter<\/strong><br \/>Snabbuppl\u00f6sande organiskt klor i tablettform \u00e1 20g. Avsedd f\u00f6r desinfektion av vattnet. Har algd\u00f6dande egenskaper och substanser som g\u00f6r vattnet klart.<\/p>\n<p><strong>Quick klor-granulat<\/strong><br \/>Snabbuppl\u00f6sande organiskt klor i granulatform. Avsedd f\u00f6r desinfektion av vattnet. Har algd\u00f6dande egenskaper och substanser som g\u00f6r vattnet klart.<\/p>\n<p><strong>Maxi klor-tabletter<\/strong><br \/>L\u00e5ngsamt uppl\u00f6sande klor i tablettform \u00e1 200g. Avsedd f\u00f6r desinfektion av vattnet.Tack vare den l\u00e5ngsamma uppl\u00f6sningsprocessen h\u00e5ller sig klorniv\u00e5n i poolen konstant. Har algd\u00f6dande egenskaper och substanser som g\u00f6r vattnet klart.<\/p>\n<p><strong>Mini-maxi klor-tabletter<\/strong><br \/>L\u00e5ngsamt uppl\u00f6sande klor i tablettform \u00e1 20g. Avsedd f\u00f6r desinfektion av vattnet.Tack vare den l\u00e5ngsamma uppl\u00f6sningsprocessen h\u00e5ller sig klorniv\u00e5n i poolen konstant. Har algd\u00f6dande egenskaper och substanser som g\u00f6r vattnet klart.<\/p>\n<p>[\/et_pb_text][\/et_pb_column][\/et_pb_row][et_pb_row column_structure=&#8221;1_2,1_2&#8243; use_custom_gutter=&#8221;on&#8221; gutter_width=&#8221;2&#8243; _builder_version=&#8221;4.16&#8243; _module_preset=&#8221;default&#8221; global_colors_info=&#8221;{}&#8221; theme_builder_area=&#8221;post_content&#8221;][et_pb_column type=&#8221;1_2&#8243; _builder_version=&#8221;4.16&#8243; _module_preset=&#8221;default&#8221; global_colors_info=&#8221;{}&#8221; theme_builder_area=&#8221;post_content&#8221;][et_pb_text _builder_version=&#8221;4.16&#8243; _module_preset=&#8221;default&#8221; global_colors_info=&#8221;{}&#8221; theme_builder_area=&#8221;post_content&#8221;]<\/p>\n<h3><strong>PREPARAT F\u00d6R AVL\u00c4GSNANDE AV GRUMLIGHET I VATTNET<\/strong><\/h3>\n<p><strong>Flockfix<\/strong><br \/>P\u00e5sar med flockningsmedel i granulatform.<\/p>\n<p><strong>Super Flock<\/strong><br \/>f\u00f6r att avl\u00e4gsna grumlighet i vattnet. Anv\u00e4nds f\u00f6r att erh\u00e5lla klart vatten, fritt fr\u00e5n grumlighet.<\/p>\n<p>[\/et_pb_text][\/et_pb_column][et_pb_column type=&#8221;1_2&#8243; _builder_version=&#8221;4.16&#8243; _module_preset=&#8221;default&#8221; global_colors_info=&#8221;{}&#8221; theme_builder_area=&#8221;post_content&#8221;][et_pb_text _builder_version=&#8221;4.16&#8243; _module_preset=&#8221;default&#8221; global_colors_info=&#8221;{}&#8221; theme_builder_area=&#8221;post_content&#8221;]<\/p>\n<h3><strong>ALGMEDEL<\/strong><\/h3>\n<p><strong>Alba Super<\/strong><br \/>Det b\u00e4sta alg- och bakteried\u00f6dande preparatet. Doseras \u00e4ven i ingripande syfte vid omfattande algtillv\u00e4xt. H\u00e5ller vattnet i utm\u00e4rkt kondition \u00e4ven vid h\u00f6ga lufttemperaturer. Verkar omedelbart efter anv\u00e4ndandet. Skummar inte.<\/p>\n<p><strong>Winter fluid<\/strong><br \/>Medel f\u00f6r vinteranv\u00e4ndning. F\u00f6rhindrar att vattnet blir gr\u00f6naktigt i h\u00e4ndelse av tillf\u00e4lligt varmare v\u00e4der.<\/p>\n<p>[\/et_pb_text][\/et_pb_column][\/et_pb_row][\/et_pb_section]<\/p>\n","protected":false},"excerpt":{"rendered":"<p>*\u00a0R\u00e4tt klor v\u00e4rde ska alltid ligga mellan 0,5-1 ppm, mg\/l*\u00a0R\u00e4tt Ph v\u00e4rde ska alltid ligga mellan 7,2-7,6*\u00a0Alla kemikalier placeras i utloppet (br\u00e4ddavloppet) och l\u00f6ses upp med det cirkulerande vattnet*\u00a0Vattnet ska alltid cirkulera under kemikaliebehandlingen*\u00a0Blanda ej olika kemikalier med varandra*\u00a0Kontrollera klor och Ph v\u00e4rde minst en g\u00e5ng i veckan* Rekommenderad klor: veckoklor RAINBOW 20g tabletter (56% [&hellip;]<\/p>\n","protected":false},"author":1,"featured_media":0,"parent":69,"menu_order":0,"comment_status":"closed","ping_status":"closed","template":"","meta":{"_et_pb_use_builder":"on","_et_pb_old_content":"","_et_gb_content_width":"","footnotes":""},"tags":[35],"class_list":["post-721","page","type-page","status-publish","hentry","tag-porady-pielegnacyjne"],"yoast_head":"<!-- This site is optimized with the Yoast SEO plugin v27.5 - https:\/\/yoast.com\/product\/yoast-seo-wordpress\/ -->\n<title>Kemikalier f\u00f6r vattenv\u00e5rd - PHU Anita<\/title>\n<meta name=\"robots\" content=\"index, follow, max-snippet:-1, max-image-preview:large, max-video-preview:-1\" \/>\n<link rel=\"canonical\" href=\"https:\/\/www.phuanita.com\/swe\/var-pool-teknologi\/tips-om-pooler\/kemikalier-for-vattenvard\/\" \/>\n<meta property=\"og:locale\" content=\"en_US\" \/>\n<meta property=\"og:type\" content=\"article\" \/>\n<meta property=\"og:title\" content=\"Kemikalier f\u00f6r vattenv\u00e5rd - PHU Anita\" \/>\n<meta property=\"og:description\" content=\"*\u00a0R\u00e4tt klor v\u00e4rde ska alltid ligga mellan 0,5-1 ppm, mg\/l*\u00a0R\u00e4tt Ph v\u00e4rde ska alltid ligga mellan 7,2-7,6*\u00a0Alla kemikalier placeras i utloppet (br\u00e4ddavloppet) och l\u00f6ses upp med det cirkulerande vattnet*\u00a0Vattnet ska alltid cirkulera under kemikaliebehandlingen*\u00a0Blanda ej olika kemikalier med varandra*\u00a0Kontrollera klor och Ph v\u00e4rde minst en g\u00e5ng i veckan* Rekommenderad klor: veckoklor RAINBOW 20g tabletter (56% [&hellip;]\" \/>\n<meta property=\"og:url\" content=\"https:\/\/www.phuanita.com\/swe\/var-pool-teknologi\/tips-om-pooler\/kemikalier-for-vattenvard\/\" \/>\n<meta property=\"og:site_name\" content=\"PHU Anita\" \/>\n<meta property=\"article:modified_time\" content=\"2023-02-27T15:22:55+00:00\" \/>\n<meta name=\"twitter:card\" content=\"summary_large_image\" \/>\n<meta name=\"twitter:label1\" content=\"Est. reading time\" \/>\n\t<meta name=\"twitter:data1\" content=\"1 minute\" \/>\n<script type=\"application\/ld+json\" class=\"yoast-schema-graph\">{\"@context\":\"https:\\\/\\\/schema.org\",\"@graph\":[{\"@type\":\"WebPage\",\"@id\":\"https:\\\/\\\/www.phuanita.com\\\/swe\\\/var-pool-teknologi\\\/tips-om-pooler\\\/kemikalier-for-vattenvard\\\/\",\"url\":\"https:\\\/\\\/www.phuanita.com\\\/swe\\\/var-pool-teknologi\\\/tips-om-pooler\\\/kemikalier-for-vattenvard\\\/\",\"name\":\"Kemikalier f\u00f6r vattenv\u00e5rd - PHU Anita\",\"isPartOf\":{\"@id\":\"https:\\\/\\\/www.phuanita.com\\\/swe\\\/#website\"},\"datePublished\":\"2021-02-04T15:39:24+00:00\",\"dateModified\":\"2023-02-27T15:22:55+00:00\",\"breadcrumb\":{\"@id\":\"https:\\\/\\\/www.phuanita.com\\\/swe\\\/var-pool-teknologi\\\/tips-om-pooler\\\/kemikalier-for-vattenvard\\\/#breadcrumb\"},\"inLanguage\":\"en-US\",\"potentialAction\":[{\"@type\":\"ReadAction\",\"target\":[\"https:\\\/\\\/www.phuanita.com\\\/swe\\\/var-pool-teknologi\\\/tips-om-pooler\\\/kemikalier-for-vattenvard\\\/\"]}]},{\"@type\":\"BreadcrumbList\",\"@id\":\"https:\\\/\\\/www.phuanita.com\\\/swe\\\/var-pool-teknologi\\\/tips-om-pooler\\\/kemikalier-for-vattenvard\\\/#breadcrumb\",\"itemListElement\":[{\"@type\":\"ListItem\",\"position\":1,\"name\":\"Strona g\u0142\u00f3wna\",\"item\":\"https:\\\/\\\/www.phuanita.com\\\/swe\\\/\"},{\"@type\":\"ListItem\",\"position\":2,\"name\":\"V\u00e5r pool teknologi\",\"item\":\"https:\\\/\\\/www.phuanita.com\\\/swe\\\/var-pool-teknologi\\\/\"},{\"@type\":\"ListItem\",\"position\":3,\"name\":\"Tips om pooler\",\"item\":\"https:\\\/\\\/www.phuanita.com\\\/swe\\\/var-pool-teknologi\\\/tips-om-pooler\\\/\"},{\"@type\":\"ListItem\",\"position\":4,\"name\":\"Kemikalier f\u00f6r vattenv\u00e5rd\"}]},{\"@type\":\"WebSite\",\"@id\":\"https:\\\/\\\/www.phuanita.com\\\/swe\\\/#website\",\"url\":\"https:\\\/\\\/www.phuanita.com\\\/swe\\\/\",\"name\":\"PHU Anita\",\"description\":\"\",\"potentialAction\":[{\"@type\":\"SearchAction\",\"target\":{\"@type\":\"EntryPoint\",\"urlTemplate\":\"https:\\\/\\\/www.phuanita.com\\\/swe\\\/?s={search_term_string}\"},\"query-input\":{\"@type\":\"PropertyValueSpecification\",\"valueRequired\":true,\"valueName\":\"search_term_string\"}}],\"inLanguage\":\"en-US\"}]}<\/script>\n<!-- \/ Yoast SEO plugin. -->","yoast_head_json":{"title":"Kemikalier f\u00f6r vattenv\u00e5rd - PHU Anita","robots":{"index":"index","follow":"follow","max-snippet":"max-snippet:-1","max-image-preview":"max-image-preview:large","max-video-preview":"max-video-preview:-1"},"canonical":"https:\/\/www.phuanita.com\/swe\/var-pool-teknologi\/tips-om-pooler\/kemikalier-for-vattenvard\/","og_locale":"en_US","og_type":"article","og_title":"Kemikalier f\u00f6r vattenv\u00e5rd - PHU Anita","og_description":"*\u00a0R\u00e4tt klor v\u00e4rde ska alltid ligga mellan 0,5-1 ppm, mg\/l*\u00a0R\u00e4tt Ph v\u00e4rde ska alltid ligga mellan 7,2-7,6*\u00a0Alla kemikalier placeras i utloppet (br\u00e4ddavloppet) och l\u00f6ses upp med det cirkulerande vattnet*\u00a0Vattnet ska alltid cirkulera under kemikaliebehandlingen*\u00a0Blanda ej olika kemikalier med varandra*\u00a0Kontrollera klor och Ph v\u00e4rde minst en g\u00e5ng i veckan* Rekommenderad klor: veckoklor RAINBOW 20g tabletter (56% [&hellip;]","og_url":"https:\/\/www.phuanita.com\/swe\/var-pool-teknologi\/tips-om-pooler\/kemikalier-for-vattenvard\/","og_site_name":"PHU Anita","article_modified_time":"2023-02-27T15:22:55+00:00","twitter_card":"summary_large_image","twitter_misc":{"Est. reading time":"1 minute"},"schema":{"@context":"https:\/\/schema.org","@graph":[{"@type":"WebPage","@id":"https:\/\/www.phuanita.com\/swe\/var-pool-teknologi\/tips-om-pooler\/kemikalier-for-vattenvard\/","url":"https:\/\/www.phuanita.com\/swe\/var-pool-teknologi\/tips-om-pooler\/kemikalier-for-vattenvard\/","name":"Kemikalier f\u00f6r vattenv\u00e5rd - PHU Anita","isPartOf":{"@id":"https:\/\/www.phuanita.com\/swe\/#website"},"datePublished":"2021-02-04T15:39:24+00:00","dateModified":"2023-02-27T15:22:55+00:00","breadcrumb":{"@id":"https:\/\/www.phuanita.com\/swe\/var-pool-teknologi\/tips-om-pooler\/kemikalier-for-vattenvard\/#breadcrumb"},"inLanguage":"en-US","potentialAction":[{"@type":"ReadAction","target":["https:\/\/www.phuanita.com\/swe\/var-pool-teknologi\/tips-om-pooler\/kemikalier-for-vattenvard\/"]}]},{"@type":"BreadcrumbList","@id":"https:\/\/www.phuanita.com\/swe\/var-pool-teknologi\/tips-om-pooler\/kemikalier-for-vattenvard\/#breadcrumb","itemListElement":[{"@type":"ListItem","position":1,"name":"Strona g\u0142\u00f3wna","item":"https:\/\/www.phuanita.com\/swe\/"},{"@type":"ListItem","position":2,"name":"V\u00e5r pool teknologi","item":"https:\/\/www.phuanita.com\/swe\/var-pool-teknologi\/"},{"@type":"ListItem","position":3,"name":"Tips om pooler","item":"https:\/\/www.phuanita.com\/swe\/var-pool-teknologi\/tips-om-pooler\/"},{"@type":"ListItem","position":4,"name":"Kemikalier f\u00f6r vattenv\u00e5rd"}]},{"@type":"WebSite","@id":"https:\/\/www.phuanita.com\/swe\/#website","url":"https:\/\/www.phuanita.com\/swe\/","name":"PHU Anita","description":"","potentialAction":[{"@type":"SearchAction","target":{"@type":"EntryPoint","urlTemplate":"https:\/\/www.phuanita.com\/swe\/?s={search_term_string}"},"query-input":{"@type":"PropertyValueSpecification","valueRequired":true,"valueName":"search_term_string"}}],"inLanguage":"en-US"}]}},"_links":{"self":[{"href":"https:\/\/www.phuanita.com\/swe\/wp-json\/wp\/v2\/pages\/721","targetHints":{"allow":["GET"]}}],"collection":[{"href":"https:\/\/www.phuanita.com\/swe\/wp-json\/wp\/v2\/pages"}],"about":[{"href":"https:\/\/www.phuanita.com\/swe\/wp-json\/wp\/v2\/types\/page"}],"author":[{"embeddable":true,"href":"https:\/\/www.phuanita.com\/swe\/wp-json\/wp\/v2\/users\/1"}],"replies":[{"embeddable":true,"href":"https:\/\/www.phuanita.com\/swe\/wp-json\/wp\/v2\/comments?post=721"}],"version-history":[{"count":2,"href":"https:\/\/www.phuanita.com\/swe\/wp-json\/wp\/v2\/pages\/721\/revisions"}],"predecessor-version":[{"id":238329,"href":"https:\/\/www.phuanita.com\/swe\/wp-json\/wp\/v2\/pages\/721\/revisions\/238329"}],"up":[{"embeddable":true,"href":"https:\/\/www.phuanita.com\/swe\/wp-json\/wp\/v2\/pages\/69"}],"wp:attachment":[{"href":"https:\/\/www.phuanita.com\/swe\/wp-json\/wp\/v2\/media?parent=721"}],"wp:term":[{"taxonomy":"post_tag","embeddable":true,"href":"https:\/\/www.phuanita.com\/swe\/wp-json\/wp\/v2\/tags?post=721"}],"curies":[{"name":"wp","href":"https:\/\/api.w.org\/{rel}","templated":true}]}}