{"id":716,"date":"2021-02-04T16:38:33","date_gmt":"2021-02-04T15:38:33","guid":{"rendered":"http:\/\/nowa22.phuanita.com\/?page_id=716"},"modified":"2023-02-27T16:28:59","modified_gmt":"2023-02-27T15:28:59","slug":"hur-oppnar-vi-sasongen","status":"publish","type":"page","link":"https:\/\/www.phuanita.com\/swe\/var-pool-teknologi\/tips-om-pooler\/hur-oppnar-vi-sasongen\/","title":{"rendered":"Hur \u00f6ppnar vi s\u00e4songen"},"content":{"rendered":"<p>[et_pb_section fb_built=&#8221;1&#8243; _builder_version=&#8221;4.16&#8243; _module_preset=&#8221;default&#8221; locked=&#8221;off&#8221; global_colors_info=&#8221;{}&#8221; theme_builder_area=&#8221;post_content&#8221;][et_pb_row _builder_version=&#8221;4.16&#8243; _module_preset=&#8221;default&#8221; custom_margin=&#8221;||0px||false|false&#8221; custom_padding=&#8221;||0px||false|false&#8221; global_colors_info=&#8221;{}&#8221; theme_builder_area=&#8221;post_content&#8221;][et_pb_column type=&#8221;4_4&#8243; _builder_version=&#8221;4.16&#8243; _module_preset=&#8221;default&#8221; global_colors_info=&#8221;{}&#8221; theme_builder_area=&#8221;post_content&#8221;][et_pb_post_title meta=&#8221;off&#8221; featured_image=&#8221;off&#8221; _builder_version=&#8221;4.16&#8243; _module_preset=&#8221;default&#8221; global_colors_info=&#8221;{}&#8221; theme_builder_area=&#8221;post_content&#8221;][\/et_pb_post_title][\/et_pb_column][\/et_pb_row][et_pb_row column_structure=&#8221;1_2,1_2&#8243; use_custom_gutter=&#8221;on&#8221; gutter_width=&#8221;2&#8243; _builder_version=&#8221;4.16&#8243; _module_preset=&#8221;default&#8221; global_colors_info=&#8221;{}&#8221; theme_builder_area=&#8221;post_content&#8221;][et_pb_column type=&#8221;1_2&#8243; _builder_version=&#8221;4.16&#8243; _module_preset=&#8221;default&#8221; global_colors_info=&#8221;{}&#8221; theme_builder_area=&#8221;post_content&#8221;][et_pb_text _builder_version=&#8221;4.16&#8243; _module_preset=&#8221;default&#8221; global_colors_info=&#8221;{}&#8221; theme_builder_area=&#8221;post_content&#8221;]<\/p>\n<p>\u00c5termontera eventuell utrustning som har demonterats vid s\u00e4songsst\u00e4ngningen. Kontrollera att ledningar, filter och elinstallation \u00e4r i sin ordning. S\u00e4rskild uppm\u00e4rksamhet b\u00f6r l\u00e4ggas p\u00e5 om det inte har uppkommit rost eller sprickor. En glasfiberpool kan beh\u00f6va poleras och vaxas f\u00f6r att \u00e5terf\u00e5 sin fina lyster. Samma tillv\u00e4gag\u00e5ngss\u00e4tt och samma produkter kan anv\u00e4ndas som till reng\u00f6ring och polering av plastb\u00e5tar inf\u00f6r en sj\u00f6s\u00e4ttning. Gelcoatcleaner kan anv\u00e4ndas om poolen \u00e4r mycket smutsig. Bara den delen av poolen som \u00e4r ovan vattenytan beh\u00f6ver poleras.<\/p>\n<p>[\/et_pb_text][\/et_pb_column][et_pb_column type=&#8221;1_2&#8243; _builder_version=&#8221;4.16&#8243; _module_preset=&#8221;default&#8221; global_colors_info=&#8221;{}&#8221; theme_builder_area=&#8221;post_content&#8221;][et_pb_text _builder_version=&#8221;4.16&#8243; _module_preset=&#8221;default&#8221; global_colors_info=&#8221;{}&#8221; theme_builder_area=&#8221;post_content&#8221;]<\/p>\n<p>Nytt vatten fylls p\u00e5 tills det n\u00e5r upp till halva br\u00e4ddavloppet. Pumpens ledningar m\u00e5ste \u00e4ven vattenfyllas, s\u00e5 att pumpen inte g\u00e5r torr. Detta g\u00f6rs genom silkorgen till pumpen. M\u00e4t och stabilisera pH-v\u00e4rdet samt tills\u00e4tt klor.<br \/>OBS. Dr\u00e4neringspumpen ska vara ig\u00e5ng hela tiden och ska kontrolleras minst en g\u00e5ng i veckan.<\/p>\n<p>[\/et_pb_text][\/et_pb_column][\/et_pb_row][\/et_pb_section]<\/p>\n","protected":false},"excerpt":{"rendered":"<p>\u00c5termontera eventuell utrustning som har demonterats vid s\u00e4songsst\u00e4ngningen. Kontrollera att ledningar, filter och elinstallation \u00e4r i sin ordning. S\u00e4rskild uppm\u00e4rksamhet b\u00f6r l\u00e4ggas p\u00e5 om det inte har uppkommit rost eller sprickor. En glasfiberpool kan beh\u00f6va poleras och vaxas f\u00f6r att \u00e5terf\u00e5 sin fina lyster. Samma tillv\u00e4gag\u00e5ngss\u00e4tt och samma produkter kan anv\u00e4ndas som till reng\u00f6ring och [&hellip;]<\/p>\n","protected":false},"author":1,"featured_media":0,"parent":69,"menu_order":0,"comment_status":"closed","ping_status":"closed","template":"","meta":{"_et_pb_use_builder":"on","_et_pb_old_content":"","_et_gb_content_width":"","footnotes":""},"tags":[35],"class_list":["post-716","page","type-page","status-publish","hentry","tag-porady-pielegnacyjne"],"yoast_head":"<!-- This site is optimized with the Yoast SEO plugin v27.5 - https:\/\/yoast.com\/product\/yoast-seo-wordpress\/ -->\n<title>Hur \u00f6ppnar vi s\u00e4songen - PHU Anita<\/title>\n<meta name=\"robots\" content=\"index, follow, max-snippet:-1, max-image-preview:large, max-video-preview:-1\" \/>\n<link rel=\"canonical\" href=\"https:\/\/www.phuanita.com\/swe\/var-pool-teknologi\/tips-om-pooler\/hur-oppnar-vi-sasongen\/\" \/>\n<meta property=\"og:locale\" content=\"en_US\" \/>\n<meta property=\"og:type\" content=\"article\" \/>\n<meta property=\"og:title\" content=\"Hur \u00f6ppnar vi s\u00e4songen - PHU Anita\" \/>\n<meta property=\"og:description\" content=\"\u00c5termontera eventuell utrustning som har demonterats vid s\u00e4songsst\u00e4ngningen. Kontrollera att ledningar, filter och elinstallation \u00e4r i sin ordning. S\u00e4rskild uppm\u00e4rksamhet b\u00f6r l\u00e4ggas p\u00e5 om det inte har uppkommit rost eller sprickor. En glasfiberpool kan beh\u00f6va poleras och vaxas f\u00f6r att \u00e5terf\u00e5 sin fina lyster. Samma tillv\u00e4gag\u00e5ngss\u00e4tt och samma produkter kan anv\u00e4ndas som till reng\u00f6ring och [&hellip;]\" \/>\n<meta property=\"og:url\" content=\"https:\/\/www.phuanita.com\/swe\/var-pool-teknologi\/tips-om-pooler\/hur-oppnar-vi-sasongen\/\" \/>\n<meta property=\"og:site_name\" content=\"PHU Anita\" \/>\n<meta property=\"article:modified_time\" content=\"2023-02-27T15:28:59+00:00\" \/>\n<meta name=\"twitter:card\" content=\"summary_large_image\" \/>\n<meta name=\"twitter:label1\" content=\"Est. reading time\" \/>\n\t<meta name=\"twitter:data1\" content=\"1 minute\" \/>\n<script type=\"application\/ld+json\" class=\"yoast-schema-graph\">{\"@context\":\"https:\\\/\\\/schema.org\",\"@graph\":[{\"@type\":\"WebPage\",\"@id\":\"https:\\\/\\\/www.phuanita.com\\\/swe\\\/var-pool-teknologi\\\/tips-om-pooler\\\/hur-oppnar-vi-sasongen\\\/\",\"url\":\"https:\\\/\\\/www.phuanita.com\\\/swe\\\/var-pool-teknologi\\\/tips-om-pooler\\\/hur-oppnar-vi-sasongen\\\/\",\"name\":\"Hur \u00f6ppnar vi s\u00e4songen - PHU Anita\",\"isPartOf\":{\"@id\":\"https:\\\/\\\/www.phuanita.com\\\/swe\\\/#website\"},\"datePublished\":\"2021-02-04T15:38:33+00:00\",\"dateModified\":\"2023-02-27T15:28:59+00:00\",\"breadcrumb\":{\"@id\":\"https:\\\/\\\/www.phuanita.com\\\/swe\\\/var-pool-teknologi\\\/tips-om-pooler\\\/hur-oppnar-vi-sasongen\\\/#breadcrumb\"},\"inLanguage\":\"en-US\",\"potentialAction\":[{\"@type\":\"ReadAction\",\"target\":[\"https:\\\/\\\/www.phuanita.com\\\/swe\\\/var-pool-teknologi\\\/tips-om-pooler\\\/hur-oppnar-vi-sasongen\\\/\"]}]},{\"@type\":\"BreadcrumbList\",\"@id\":\"https:\\\/\\\/www.phuanita.com\\\/swe\\\/var-pool-teknologi\\\/tips-om-pooler\\\/hur-oppnar-vi-sasongen\\\/#breadcrumb\",\"itemListElement\":[{\"@type\":\"ListItem\",\"position\":1,\"name\":\"Strona g\u0142\u00f3wna\",\"item\":\"https:\\\/\\\/www.phuanita.com\\\/swe\\\/\"},{\"@type\":\"ListItem\",\"position\":2,\"name\":\"V\u00e5r pool teknologi\",\"item\":\"https:\\\/\\\/www.phuanita.com\\\/swe\\\/var-pool-teknologi\\\/\"},{\"@type\":\"ListItem\",\"position\":3,\"name\":\"Tips om pooler\",\"item\":\"https:\\\/\\\/www.phuanita.com\\\/swe\\\/var-pool-teknologi\\\/tips-om-pooler\\\/\"},{\"@type\":\"ListItem\",\"position\":4,\"name\":\"Hur \u00f6ppnar vi s\u00e4songen\"}]},{\"@type\":\"WebSite\",\"@id\":\"https:\\\/\\\/www.phuanita.com\\\/swe\\\/#website\",\"url\":\"https:\\\/\\\/www.phuanita.com\\\/swe\\\/\",\"name\":\"PHU Anita\",\"description\":\"\",\"potentialAction\":[{\"@type\":\"SearchAction\",\"target\":{\"@type\":\"EntryPoint\",\"urlTemplate\":\"https:\\\/\\\/www.phuanita.com\\\/swe\\\/?s={search_term_string}\"},\"query-input\":{\"@type\":\"PropertyValueSpecification\",\"valueRequired\":true,\"valueName\":\"search_term_string\"}}],\"inLanguage\":\"en-US\"}]}<\/script>\n<!-- \/ Yoast SEO plugin. -->","yoast_head_json":{"title":"Hur \u00f6ppnar vi s\u00e4songen - PHU Anita","robots":{"index":"index","follow":"follow","max-snippet":"max-snippet:-1","max-image-preview":"max-image-preview:large","max-video-preview":"max-video-preview:-1"},"canonical":"https:\/\/www.phuanita.com\/swe\/var-pool-teknologi\/tips-om-pooler\/hur-oppnar-vi-sasongen\/","og_locale":"en_US","og_type":"article","og_title":"Hur \u00f6ppnar vi s\u00e4songen - PHU Anita","og_description":"\u00c5termontera eventuell utrustning som har demonterats vid s\u00e4songsst\u00e4ngningen. Kontrollera att ledningar, filter och elinstallation \u00e4r i sin ordning. S\u00e4rskild uppm\u00e4rksamhet b\u00f6r l\u00e4ggas p\u00e5 om det inte har uppkommit rost eller sprickor. En glasfiberpool kan beh\u00f6va poleras och vaxas f\u00f6r att \u00e5terf\u00e5 sin fina lyster. Samma tillv\u00e4gag\u00e5ngss\u00e4tt och samma produkter kan anv\u00e4ndas som till reng\u00f6ring och [&hellip;]","og_url":"https:\/\/www.phuanita.com\/swe\/var-pool-teknologi\/tips-om-pooler\/hur-oppnar-vi-sasongen\/","og_site_name":"PHU Anita","article_modified_time":"2023-02-27T15:28:59+00:00","twitter_card":"summary_large_image","twitter_misc":{"Est. reading time":"1 minute"},"schema":{"@context":"https:\/\/schema.org","@graph":[{"@type":"WebPage","@id":"https:\/\/www.phuanita.com\/swe\/var-pool-teknologi\/tips-om-pooler\/hur-oppnar-vi-sasongen\/","url":"https:\/\/www.phuanita.com\/swe\/var-pool-teknologi\/tips-om-pooler\/hur-oppnar-vi-sasongen\/","name":"Hur \u00f6ppnar vi s\u00e4songen - PHU Anita","isPartOf":{"@id":"https:\/\/www.phuanita.com\/swe\/#website"},"datePublished":"2021-02-04T15:38:33+00:00","dateModified":"2023-02-27T15:28:59+00:00","breadcrumb":{"@id":"https:\/\/www.phuanita.com\/swe\/var-pool-teknologi\/tips-om-pooler\/hur-oppnar-vi-sasongen\/#breadcrumb"},"inLanguage":"en-US","potentialAction":[{"@type":"ReadAction","target":["https:\/\/www.phuanita.com\/swe\/var-pool-teknologi\/tips-om-pooler\/hur-oppnar-vi-sasongen\/"]}]},{"@type":"BreadcrumbList","@id":"https:\/\/www.phuanita.com\/swe\/var-pool-teknologi\/tips-om-pooler\/hur-oppnar-vi-sasongen\/#breadcrumb","itemListElement":[{"@type":"ListItem","position":1,"name":"Strona g\u0142\u00f3wna","item":"https:\/\/www.phuanita.com\/swe\/"},{"@type":"ListItem","position":2,"name":"V\u00e5r pool teknologi","item":"https:\/\/www.phuanita.com\/swe\/var-pool-teknologi\/"},{"@type":"ListItem","position":3,"name":"Tips om pooler","item":"https:\/\/www.phuanita.com\/swe\/var-pool-teknologi\/tips-om-pooler\/"},{"@type":"ListItem","position":4,"name":"Hur \u00f6ppnar vi s\u00e4songen"}]},{"@type":"WebSite","@id":"https:\/\/www.phuanita.com\/swe\/#website","url":"https:\/\/www.phuanita.com\/swe\/","name":"PHU Anita","description":"","potentialAction":[{"@type":"SearchAction","target":{"@type":"EntryPoint","urlTemplate":"https:\/\/www.phuanita.com\/swe\/?s={search_term_string}"},"query-input":{"@type":"PropertyValueSpecification","valueRequired":true,"valueName":"search_term_string"}}],"inLanguage":"en-US"}]}},"_links":{"self":[{"href":"https:\/\/www.phuanita.com\/swe\/wp-json\/wp\/v2\/pages\/716","targetHints":{"allow":["GET"]}}],"collection":[{"href":"https:\/\/www.phuanita.com\/swe\/wp-json\/wp\/v2\/pages"}],"about":[{"href":"https:\/\/www.phuanita.com\/swe\/wp-json\/wp\/v2\/types\/page"}],"author":[{"embeddable":true,"href":"https:\/\/www.phuanita.com\/swe\/wp-json\/wp\/v2\/users\/1"}],"replies":[{"embeddable":true,"href":"https:\/\/www.phuanita.com\/swe\/wp-json\/wp\/v2\/comments?post=716"}],"version-history":[{"count":2,"href":"https:\/\/www.phuanita.com\/swe\/wp-json\/wp\/v2\/pages\/716\/revisions"}],"predecessor-version":[{"id":238337,"href":"https:\/\/www.phuanita.com\/swe\/wp-json\/wp\/v2\/pages\/716\/revisions\/238337"}],"up":[{"embeddable":true,"href":"https:\/\/www.phuanita.com\/swe\/wp-json\/wp\/v2\/pages\/69"}],"wp:attachment":[{"href":"https:\/\/www.phuanita.com\/swe\/wp-json\/wp\/v2\/media?parent=716"}],"wp:term":[{"taxonomy":"post_tag","embeddable":true,"href":"https:\/\/www.phuanita.com\/swe\/wp-json\/wp\/v2\/tags?post=716"}],"curies":[{"name":"wp","href":"https:\/\/api.w.org\/{rel}","templated":true}]}}