{"id":701,"date":"2021-02-04T16:35:22","date_gmt":"2021-02-04T15:35:22","guid":{"rendered":"http:\/\/nowa22.phuanita.com\/?page_id=701"},"modified":"2023-02-27T15:28:58","modified_gmt":"2023-02-27T14:28:58","slug":"poolinstallationens-delar","status":"publish","type":"page","link":"https:\/\/www.phuanita.com\/swe\/var-pool-teknologi\/tips-om-pooler\/poolinstallationens-delar\/","title":{"rendered":"Poolinstallationens delar"},"content":{"rendered":"<p>[et_pb_section fb_built=&#8221;1&#8243; _builder_version=&#8221;4.16&#8243; _module_preset=&#8221;default&#8221; locked=&#8221;off&#8221; global_colors_info=&#8221;{}&#8221; theme_builder_area=&#8221;post_content&#8221;][et_pb_row _builder_version=&#8221;4.16&#8243; _module_preset=&#8221;default&#8221; custom_margin=&#8221;||0px||false|false&#8221; custom_padding=&#8221;||0px||false|false&#8221; global_colors_info=&#8221;{}&#8221; theme_builder_area=&#8221;post_content&#8221;][et_pb_column type=&#8221;4_4&#8243; _builder_version=&#8221;4.16&#8243; _module_preset=&#8221;default&#8221; global_colors_info=&#8221;{}&#8221; theme_builder_area=&#8221;post_content&#8221;][et_pb_post_title meta=&#8221;off&#8221; featured_image=&#8221;off&#8221; _builder_version=&#8221;4.16&#8243; _module_preset=&#8221;default&#8221; global_colors_info=&#8221;{}&#8221; theme_builder_area=&#8221;post_content&#8221;][\/et_pb_post_title][\/et_pb_column][\/et_pb_row][et_pb_row column_structure=&#8221;1_2,1_2&#8243; use_custom_gutter=&#8221;on&#8221; gutter_width=&#8221;2&#8243; _builder_version=&#8221;4.16&#8243; _module_preset=&#8221;default&#8221; global_colors_info=&#8221;{}&#8221; theme_builder_area=&#8221;post_content&#8221;][et_pb_column type=&#8221;1_2&#8243; _builder_version=&#8221;4.16&#8243; _module_preset=&#8221;default&#8221; global_colors_info=&#8221;{}&#8221; theme_builder_area=&#8221;post_content&#8221;][et_pb_text _builder_version=&#8221;4.16&#8243; _module_preset=&#8221;default&#8221; global_colors_info=&#8221;{}&#8221; theme_builder_area=&#8221;post_content&#8221;]<\/p>\n<h3><strong>BOTTENAVLOPP<\/strong><\/h3>\n<p>Alla bottenavlopp levereras med 2\u201dinnerg\u00e4nga. Innan golvet gjuts b\u00f6r man placera avloppet med ett 63 mm r\u00f6r eller l\u00e4mna fri plats. R\u00f6rets \u00e4nde maste sticka ut fran murens omrade och maste vara pluggad. \u00d6ppningen i avloppet b\u00f6r vara igenpluggad, med t.ex. skrynklad papper. Pa sa s\u00e4tt f\u00f6rblir avloppet rent pa insidan.<\/p>\n<p>[\/et_pb_text][\/et_pb_column][et_pb_column type=&#8221;1_2&#8243; _builder_version=&#8221;4.16&#8243; _module_preset=&#8221;default&#8221; global_colors_info=&#8221;{}&#8221; theme_builder_area=&#8221;post_content&#8221;][et_pb_text _builder_version=&#8221;4.16&#8243; _module_preset=&#8221;default&#8221; global_colors_info=&#8221;{}&#8221; theme_builder_area=&#8221;post_content&#8221;]<\/p>\n<p><img loading=\"lazy\" decoding=\"async\" class=\"wp-image-4989 alignnone size-full\" src=\"https:\/\/www.phuanita.com\/swe\/wp-content\/uploads\/2023\/02\/elementy-intalacji-basenu1.jpg\" alt=\"\" width=\"348\" height=\"339\" \/><\/p>\n<p>[\/et_pb_text][\/et_pb_column][\/et_pb_row][et_pb_row column_structure=&#8221;1_2,1_2&#8243; use_custom_gutter=&#8221;on&#8221; gutter_width=&#8221;2&#8243; _builder_version=&#8221;4.16&#8243; _module_preset=&#8221;default&#8221; global_colors_info=&#8221;{}&#8221; theme_builder_area=&#8221;post_content&#8221;][et_pb_column type=&#8221;1_2&#8243; _builder_version=&#8221;4.16&#8243; _module_preset=&#8221;default&#8221; global_colors_info=&#8221;{}&#8221; theme_builder_area=&#8221;post_content&#8221;][et_pb_text _builder_version=&#8221;4.16&#8243; _module_preset=&#8221;default&#8221; global_colors_info=&#8221;{}&#8221; theme_builder_area=&#8221;post_content&#8221;]<\/p>\n<h3><strong>SKIMMER<\/strong><\/h3>\n<p>Vid montering av skimmern b\u00f6r man se upp med att den maste vara vagr\u00e4tt installerad. I vissa skimmers finns det m\u00f6jlighet att installera en vattennivaregulator. Da kr\u00e4vs det att man ansluter en f\u00e4rskvattenledning redan vid byggandet av bass\u00e4ngv\u00e4ggarna. Likasa b\u00f6r man ta h\u00e4nsyn till bortledning av vatten\u00f6verskott fran skimmern till avloppet.<\/p>\n<p>[\/et_pb_text][\/et_pb_column][et_pb_column type=&#8221;1_2&#8243; _builder_version=&#8221;4.16&#8243; _module_preset=&#8221;default&#8221; global_colors_info=&#8221;{}&#8221; theme_builder_area=&#8221;post_content&#8221;][et_pb_text _builder_version=&#8221;4.16&#8243; _module_preset=&#8221;default&#8221; global_colors_info=&#8221;{}&#8221; theme_builder_area=&#8221;post_content&#8221;]<\/p>\n<p><img loading=\"lazy\" decoding=\"async\" class=\"wp-image-4991 alignnone size-full\" src=\"https:\/\/www.phuanita.com\/swe\/wp-content\/uploads\/2023\/02\/elementy-intalacji-basenu2.jpg\" alt=\"\" width=\"356\" height=\"327\" \/><\/p>\n<p>[\/et_pb_text][\/et_pb_column][\/et_pb_row][et_pb_row column_structure=&#8221;1_2,1_2&#8243; use_custom_gutter=&#8221;on&#8221; gutter_width=&#8221;2&#8243; _builder_version=&#8221;4.16&#8243; _module_preset=&#8221;default&#8221; global_colors_info=&#8221;{}&#8221; theme_builder_area=&#8221;post_content&#8221;][et_pb_column type=&#8221;1_2&#8243; _builder_version=&#8221;4.16&#8243; _module_preset=&#8221;default&#8221; global_colors_info=&#8221;{}&#8221; theme_builder_area=&#8221;post_content&#8221;][et_pb_text _builder_version=&#8221;4.16&#8243; _module_preset=&#8221;default&#8221; global_colors_info=&#8221;{}&#8221; theme_builder_area=&#8221;post_content&#8221;]<\/p>\n<h3><strong>INLOPPSMUNSTYCKEN-MURGENOMF\u00d6RINGAR<\/strong><\/h3>\n<p>Inloppsmunstycken skruvas i ena \u00e4nden efter att bass\u00e4ngv\u00e4ggarna bel\u00e4ggs med folie eller kakel. Vissa modeller av munstycken kr\u00e4ver att den g\u00e4ngade delen av munstycket tillsammans med genomf\u00f6ringar monteras i muren. Murgenomf\u00f6ringar monteras i \u00f6ppningar som l\u00e4mnats i muren eller monteras pa gjutformen. Man b\u00f6r uppm\u00e4rksamma att monteringen pa gjutformen \u00e4r stabil. Element av konstmaterial rekommenderas inte f\u00f6r montage pa gjutform.<\/p>\n<p>[\/et_pb_text][\/et_pb_column][et_pb_column type=&#8221;1_2&#8243; _builder_version=&#8221;4.16&#8243; _module_preset=&#8221;default&#8221; global_colors_info=&#8221;{}&#8221; theme_builder_area=&#8221;post_content&#8221;][et_pb_text _builder_version=&#8221;4.16&#8243; _module_preset=&#8221;default&#8221; global_colors_info=&#8221;{}&#8221; theme_builder_area=&#8221;post_content&#8221;]<\/p>\n<p><img loading=\"lazy\" decoding=\"async\" class=\"wp-image-4992 alignnone size-full\" src=\"https:\/\/www.phuanita.com\/swe\/wp-content\/uploads\/2023\/02\/elementy-intalacji-basenu3.jpg\" alt=\"\" width=\"352\" height=\"321\" \/><\/p>\n<p>[\/et_pb_text][\/et_pb_column][\/et_pb_row][et_pb_row column_structure=&#8221;1_2,1_2&#8243; use_custom_gutter=&#8221;on&#8221; gutter_width=&#8221;2&#8243; _builder_version=&#8221;4.16&#8243; _module_preset=&#8221;default&#8221; global_colors_info=&#8221;{}&#8221; theme_builder_area=&#8221;post_content&#8221;][et_pb_column type=&#8221;1_2&#8243; _builder_version=&#8221;4.16&#8243; _module_preset=&#8221;default&#8221; global_colors_info=&#8221;{}&#8221; theme_builder_area=&#8221;post_content&#8221;][et_pb_text _builder_version=&#8221;4.16&#8243; _module_preset=&#8221;default&#8221; global_colors_info=&#8221;{}&#8221; theme_builder_area=&#8221;post_content&#8221;]<\/p>\n<h3><strong>UNDERVATTENSSTRALKASTARE<\/strong><\/h3>\n<p>V\u00e4nligen installera enligt ritning. Runt stralkastaren b\u00f6r man linda ca. 1 m kabel och l\u00e4mna den i stralkastarens dosa. Om man skulle beh\u00f6va byta gl\u00f6dlampa kan man utan problem demontera lampinsatsen och byta gl\u00f6dlampan pa land, utan att vattennivan beh\u00f6ver s\u00e4nkas.<\/p>\n<p>[\/et_pb_text][\/et_pb_column][et_pb_column type=&#8221;1_2&#8243; _builder_version=&#8221;4.16&#8243; _module_preset=&#8221;default&#8221; global_colors_info=&#8221;{}&#8221; theme_builder_area=&#8221;post_content&#8221;][et_pb_text _builder_version=&#8221;4.16&#8243; _module_preset=&#8221;default&#8221; global_colors_info=&#8221;{}&#8221; theme_builder_area=&#8221;post_content&#8221;]<\/p>\n<p><img loading=\"lazy\" decoding=\"async\" class=\"wp-image-4993 alignnone size-full\" src=\"https:\/\/www.phuanita.com\/swe\/wp-content\/uploads\/2023\/02\/elementy-intalacji-basenu4.jpg\" alt=\"\" width=\"354\" height=\"312\" \/><\/p>\n<p>[\/et_pb_text][\/et_pb_column][\/et_pb_row][\/et_pb_section]<\/p>\n","protected":false},"excerpt":{"rendered":"<p>BOTTENAVLOPP Alla bottenavlopp levereras med 2\u201dinnerg\u00e4nga. Innan golvet gjuts b\u00f6r man placera avloppet med ett 63 mm r\u00f6r eller l\u00e4mna fri plats. R\u00f6rets \u00e4nde maste sticka ut fran murens omrade och maste vara pluggad. \u00d6ppningen i avloppet b\u00f6r vara igenpluggad, med t.ex. skrynklad papper. Pa sa s\u00e4tt f\u00f6rblir avloppet rent pa insidan.SKIMMER Vid montering av [&hellip;]<\/p>\n","protected":false},"author":1,"featured_media":0,"parent":69,"menu_order":0,"comment_status":"closed","ping_status":"closed","template":"","meta":{"_et_pb_use_builder":"on","_et_pb_old_content":"","_et_gb_content_width":"","footnotes":""},"tags":[35],"class_list":["post-701","page","type-page","status-publish","hentry","tag-porady-pielegnacyjne"],"yoast_head":"<!-- This site is optimized with the Yoast SEO plugin v27.5 - https:\/\/yoast.com\/product\/yoast-seo-wordpress\/ -->\n<title>Poolinstallationens delar - PHU Anita<\/title>\n<meta name=\"robots\" content=\"index, follow, max-snippet:-1, max-image-preview:large, max-video-preview:-1\" \/>\n<link rel=\"canonical\" href=\"https:\/\/www.phuanita.com\/swe\/var-pool-teknologi\/tips-om-pooler\/poolinstallationens-delar\/\" \/>\n<meta property=\"og:locale\" content=\"en_US\" \/>\n<meta property=\"og:type\" content=\"article\" \/>\n<meta property=\"og:title\" content=\"Poolinstallationens delar - PHU Anita\" \/>\n<meta property=\"og:description\" content=\"BOTTENAVLOPP Alla bottenavlopp levereras med 2\u201dinnerg\u00e4nga. Innan golvet gjuts b\u00f6r man placera avloppet med ett 63 mm r\u00f6r eller l\u00e4mna fri plats. R\u00f6rets \u00e4nde maste sticka ut fran murens omrade och maste vara pluggad. \u00d6ppningen i avloppet b\u00f6r vara igenpluggad, med t.ex. skrynklad papper. Pa sa s\u00e4tt f\u00f6rblir avloppet rent pa insidan.SKIMMER Vid montering av [&hellip;]\" \/>\n<meta property=\"og:url\" content=\"https:\/\/www.phuanita.com\/swe\/var-pool-teknologi\/tips-om-pooler\/poolinstallationens-delar\/\" \/>\n<meta property=\"og:site_name\" content=\"PHU Anita\" \/>\n<meta property=\"article:modified_time\" content=\"2023-02-27T14:28:58+00:00\" \/>\n<meta property=\"og:image\" content=\"https:\/\/www.phuanita.com\/swe\/wp-content\/uploads\/2023\/02\/elementy-intalacji-basenu1.jpg\" \/>\n<meta name=\"twitter:card\" content=\"summary_large_image\" \/>\n<meta name=\"twitter:label1\" content=\"Est. reading time\" \/>\n\t<meta name=\"twitter:data1\" content=\"3 minutes\" \/>\n<script type=\"application\/ld+json\" class=\"yoast-schema-graph\">{\"@context\":\"https:\\\/\\\/schema.org\",\"@graph\":[{\"@type\":\"WebPage\",\"@id\":\"https:\\\/\\\/www.phuanita.com\\\/swe\\\/var-pool-teknologi\\\/tips-om-pooler\\\/poolinstallationens-delar\\\/\",\"url\":\"https:\\\/\\\/www.phuanita.com\\\/swe\\\/var-pool-teknologi\\\/tips-om-pooler\\\/poolinstallationens-delar\\\/\",\"name\":\"Poolinstallationens delar - PHU Anita\",\"isPartOf\":{\"@id\":\"https:\\\/\\\/www.phuanita.com\\\/swe\\\/#website\"},\"primaryImageOfPage\":{\"@id\":\"https:\\\/\\\/www.phuanita.com\\\/swe\\\/var-pool-teknologi\\\/tips-om-pooler\\\/poolinstallationens-delar\\\/#primaryimage\"},\"image\":{\"@id\":\"https:\\\/\\\/www.phuanita.com\\\/swe\\\/var-pool-teknologi\\\/tips-om-pooler\\\/poolinstallationens-delar\\\/#primaryimage\"},\"thumbnailUrl\":\"https:\\\/\\\/www.phuanita.com\\\/swe\\\/wp-content\\\/uploads\\\/2023\\\/02\\\/elementy-intalacji-basenu1.jpg\",\"datePublished\":\"2021-02-04T15:35:22+00:00\",\"dateModified\":\"2023-02-27T14:28:58+00:00\",\"breadcrumb\":{\"@id\":\"https:\\\/\\\/www.phuanita.com\\\/swe\\\/var-pool-teknologi\\\/tips-om-pooler\\\/poolinstallationens-delar\\\/#breadcrumb\"},\"inLanguage\":\"en-US\",\"potentialAction\":[{\"@type\":\"ReadAction\",\"target\":[\"https:\\\/\\\/www.phuanita.com\\\/swe\\\/var-pool-teknologi\\\/tips-om-pooler\\\/poolinstallationens-delar\\\/\"]}]},{\"@type\":\"ImageObject\",\"inLanguage\":\"en-US\",\"@id\":\"https:\\\/\\\/www.phuanita.com\\\/swe\\\/var-pool-teknologi\\\/tips-om-pooler\\\/poolinstallationens-delar\\\/#primaryimage\",\"url\":\"https:\\\/\\\/www.phuanita.com\\\/swe\\\/wp-content\\\/uploads\\\/2023\\\/02\\\/elementy-intalacji-basenu1.jpg\",\"contentUrl\":\"https:\\\/\\\/www.phuanita.com\\\/swe\\\/wp-content\\\/uploads\\\/2023\\\/02\\\/elementy-intalacji-basenu1.jpg\",\"width\":348,\"height\":339},{\"@type\":\"BreadcrumbList\",\"@id\":\"https:\\\/\\\/www.phuanita.com\\\/swe\\\/var-pool-teknologi\\\/tips-om-pooler\\\/poolinstallationens-delar\\\/#breadcrumb\",\"itemListElement\":[{\"@type\":\"ListItem\",\"position\":1,\"name\":\"Strona g\u0142\u00f3wna\",\"item\":\"https:\\\/\\\/www.phuanita.com\\\/swe\\\/\"},{\"@type\":\"ListItem\",\"position\":2,\"name\":\"V\u00e5r pool teknologi\",\"item\":\"https:\\\/\\\/www.phuanita.com\\\/swe\\\/var-pool-teknologi\\\/\"},{\"@type\":\"ListItem\",\"position\":3,\"name\":\"Tips om pooler\",\"item\":\"https:\\\/\\\/www.phuanita.com\\\/swe\\\/var-pool-teknologi\\\/tips-om-pooler\\\/\"},{\"@type\":\"ListItem\",\"position\":4,\"name\":\"Poolinstallationens delar\"}]},{\"@type\":\"WebSite\",\"@id\":\"https:\\\/\\\/www.phuanita.com\\\/swe\\\/#website\",\"url\":\"https:\\\/\\\/www.phuanita.com\\\/swe\\\/\",\"name\":\"PHU Anita\",\"description\":\"\",\"potentialAction\":[{\"@type\":\"SearchAction\",\"target\":{\"@type\":\"EntryPoint\",\"urlTemplate\":\"https:\\\/\\\/www.phuanita.com\\\/swe\\\/?s={search_term_string}\"},\"query-input\":{\"@type\":\"PropertyValueSpecification\",\"valueRequired\":true,\"valueName\":\"search_term_string\"}}],\"inLanguage\":\"en-US\"}]}<\/script>\n<!-- \/ Yoast SEO plugin. -->","yoast_head_json":{"title":"Poolinstallationens delar - PHU Anita","robots":{"index":"index","follow":"follow","max-snippet":"max-snippet:-1","max-image-preview":"max-image-preview:large","max-video-preview":"max-video-preview:-1"},"canonical":"https:\/\/www.phuanita.com\/swe\/var-pool-teknologi\/tips-om-pooler\/poolinstallationens-delar\/","og_locale":"en_US","og_type":"article","og_title":"Poolinstallationens delar - PHU Anita","og_description":"BOTTENAVLOPP Alla bottenavlopp levereras med 2\u201dinnerg\u00e4nga. Innan golvet gjuts b\u00f6r man placera avloppet med ett 63 mm r\u00f6r eller l\u00e4mna fri plats. R\u00f6rets \u00e4nde maste sticka ut fran murens omrade och maste vara pluggad. \u00d6ppningen i avloppet b\u00f6r vara igenpluggad, med t.ex. skrynklad papper. Pa sa s\u00e4tt f\u00f6rblir avloppet rent pa insidan.SKIMMER Vid montering av [&hellip;]","og_url":"https:\/\/www.phuanita.com\/swe\/var-pool-teknologi\/tips-om-pooler\/poolinstallationens-delar\/","og_site_name":"PHU Anita","article_modified_time":"2023-02-27T14:28:58+00:00","og_image":[{"url":"https:\/\/www.phuanita.com\/swe\/wp-content\/uploads\/2023\/02\/elementy-intalacji-basenu1.jpg","type":"","width":"","height":""}],"twitter_card":"summary_large_image","twitter_misc":{"Est. reading time":"3 minutes"},"schema":{"@context":"https:\/\/schema.org","@graph":[{"@type":"WebPage","@id":"https:\/\/www.phuanita.com\/swe\/var-pool-teknologi\/tips-om-pooler\/poolinstallationens-delar\/","url":"https:\/\/www.phuanita.com\/swe\/var-pool-teknologi\/tips-om-pooler\/poolinstallationens-delar\/","name":"Poolinstallationens delar - PHU Anita","isPartOf":{"@id":"https:\/\/www.phuanita.com\/swe\/#website"},"primaryImageOfPage":{"@id":"https:\/\/www.phuanita.com\/swe\/var-pool-teknologi\/tips-om-pooler\/poolinstallationens-delar\/#primaryimage"},"image":{"@id":"https:\/\/www.phuanita.com\/swe\/var-pool-teknologi\/tips-om-pooler\/poolinstallationens-delar\/#primaryimage"},"thumbnailUrl":"https:\/\/www.phuanita.com\/swe\/wp-content\/uploads\/2023\/02\/elementy-intalacji-basenu1.jpg","datePublished":"2021-02-04T15:35:22+00:00","dateModified":"2023-02-27T14:28:58+00:00","breadcrumb":{"@id":"https:\/\/www.phuanita.com\/swe\/var-pool-teknologi\/tips-om-pooler\/poolinstallationens-delar\/#breadcrumb"},"inLanguage":"en-US","potentialAction":[{"@type":"ReadAction","target":["https:\/\/www.phuanita.com\/swe\/var-pool-teknologi\/tips-om-pooler\/poolinstallationens-delar\/"]}]},{"@type":"ImageObject","inLanguage":"en-US","@id":"https:\/\/www.phuanita.com\/swe\/var-pool-teknologi\/tips-om-pooler\/poolinstallationens-delar\/#primaryimage","url":"https:\/\/www.phuanita.com\/swe\/wp-content\/uploads\/2023\/02\/elementy-intalacji-basenu1.jpg","contentUrl":"https:\/\/www.phuanita.com\/swe\/wp-content\/uploads\/2023\/02\/elementy-intalacji-basenu1.jpg","width":348,"height":339},{"@type":"BreadcrumbList","@id":"https:\/\/www.phuanita.com\/swe\/var-pool-teknologi\/tips-om-pooler\/poolinstallationens-delar\/#breadcrumb","itemListElement":[{"@type":"ListItem","position":1,"name":"Strona g\u0142\u00f3wna","item":"https:\/\/www.phuanita.com\/swe\/"},{"@type":"ListItem","position":2,"name":"V\u00e5r pool teknologi","item":"https:\/\/www.phuanita.com\/swe\/var-pool-teknologi\/"},{"@type":"ListItem","position":3,"name":"Tips om pooler","item":"https:\/\/www.phuanita.com\/swe\/var-pool-teknologi\/tips-om-pooler\/"},{"@type":"ListItem","position":4,"name":"Poolinstallationens delar"}]},{"@type":"WebSite","@id":"https:\/\/www.phuanita.com\/swe\/#website","url":"https:\/\/www.phuanita.com\/swe\/","name":"PHU Anita","description":"","potentialAction":[{"@type":"SearchAction","target":{"@type":"EntryPoint","urlTemplate":"https:\/\/www.phuanita.com\/swe\/?s={search_term_string}"},"query-input":{"@type":"PropertyValueSpecification","valueRequired":true,"valueName":"search_term_string"}}],"inLanguage":"en-US"}]}},"_links":{"self":[{"href":"https:\/\/www.phuanita.com\/swe\/wp-json\/wp\/v2\/pages\/701","targetHints":{"allow":["GET"]}}],"collection":[{"href":"https:\/\/www.phuanita.com\/swe\/wp-json\/wp\/v2\/pages"}],"about":[{"href":"https:\/\/www.phuanita.com\/swe\/wp-json\/wp\/v2\/types\/page"}],"author":[{"embeddable":true,"href":"https:\/\/www.phuanita.com\/swe\/wp-json\/wp\/v2\/users\/1"}],"replies":[{"embeddable":true,"href":"https:\/\/www.phuanita.com\/swe\/wp-json\/wp\/v2\/comments?post=701"}],"version-history":[{"count":2,"href":"https:\/\/www.phuanita.com\/swe\/wp-json\/wp\/v2\/pages\/701\/revisions"}],"predecessor-version":[{"id":238321,"href":"https:\/\/www.phuanita.com\/swe\/wp-json\/wp\/v2\/pages\/701\/revisions\/238321"}],"up":[{"embeddable":true,"href":"https:\/\/www.phuanita.com\/swe\/wp-json\/wp\/v2\/pages\/69"}],"wp:attachment":[{"href":"https:\/\/www.phuanita.com\/swe\/wp-json\/wp\/v2\/media?parent=701"}],"wp:term":[{"taxonomy":"post_tag","embeddable":true,"href":"https:\/\/www.phuanita.com\/swe\/wp-json\/wp\/v2\/tags?post=701"}],"curies":[{"name":"wp","href":"https:\/\/api.w.org\/{rel}","templated":true}]}}