{"id":682,"date":"2021-02-04T16:22:04","date_gmt":"2021-02-04T15:22:04","guid":{"rendered":"http:\/\/nowa22.phuanita.com\/?page_id=682"},"modified":"2023-02-27T15:25:23","modified_gmt":"2023-02-27T14:25:23","slug":"reningsverk","status":"publish","type":"page","link":"https:\/\/www.phuanita.com\/swe\/var-pool-teknologi\/tips-om-pooler\/reningsverk\/","title":{"rendered":"Reningsverk"},"content":{"rendered":"<p>[et_pb_section fb_built=&#8221;1&#8243; _builder_version=&#8221;4.16&#8243; _module_preset=&#8221;default&#8221; locked=&#8221;off&#8221; global_colors_info=&#8221;{}&#8221; theme_builder_area=&#8221;post_content&#8221;][et_pb_row _builder_version=&#8221;4.16&#8243; _module_preset=&#8221;default&#8221; custom_margin=&#8221;||0px||false|false&#8221; custom_padding=&#8221;||0px||false|false&#8221; global_colors_info=&#8221;{}&#8221; theme_builder_area=&#8221;post_content&#8221;][et_pb_column type=&#8221;4_4&#8243; _builder_version=&#8221;4.16&#8243; _module_preset=&#8221;default&#8221; global_colors_info=&#8221;{}&#8221; theme_builder_area=&#8221;post_content&#8221;][et_pb_post_title meta=&#8221;off&#8221; featured_image=&#8221;off&#8221; _builder_version=&#8221;4.16&#8243; _module_preset=&#8221;default&#8221; global_colors_info=&#8221;{}&#8221; theme_builder_area=&#8221;post_content&#8221;][\/et_pb_post_title][\/et_pb_column][\/et_pb_row][et_pb_row column_structure=&#8221;1_2,1_2&#8243; use_custom_gutter=&#8221;on&#8221; gutter_width=&#8221;2&#8243; _builder_version=&#8221;4.16&#8243; _module_preset=&#8221;default&#8221; global_colors_info=&#8221;{}&#8221; theme_builder_area=&#8221;post_content&#8221;][et_pb_column type=&#8221;1_2&#8243; _builder_version=&#8221;4.16&#8243; _module_preset=&#8221;default&#8221; global_colors_info=&#8221;{}&#8221; theme_builder_area=&#8221;post_content&#8221;][et_pb_text _builder_version=&#8221;4.16&#8243; _module_preset=&#8221;default&#8221; global_colors_info=&#8221;{}&#8221; theme_builder_area=&#8221;post_content&#8221;]<\/p>\n<p style=\"text-align: justify;\">Vattnet i en pool m\u00e5ste filtreras, eftersom utan det kommer vattnet att bli grumligt och smutsigt. N\u00e4r simbass\u00e4ngen anv\u00e4nds hamnar olika f\u00f6roreningar i vattnet (h\u00e5r, fett, svett, hudrester etc.) som utg\u00f6r en utm\u00e4rkt n\u00e4ring f\u00f6r mikroorganismer. Alla dessa \u00e4mnen m\u00e5ste avl\u00e4gsnas fr\u00e5n vattnet via filtrering.<\/p>\n<p>Till simbass\u00e4nger b\u00f6r man montera sandfilter. Endast dessa filtrerar vattnet p\u00e5 ett korrekt s\u00e4tt. Poolfilter \u00e4r tillverkade av polyester, polyeten eller rostfritt st\u00e5l. De b\u00e4sta \u00e4r av polyester, i motsats till de av st\u00e5l har varje sandfilter en speciell sug- och tryckpump, som tar vatten fr\u00e5n bass\u00e4ngen. Efter att ha passerat sandb\u00e4dden trycks vattnet tillbaka till bass\u00e4ngen. Filterinsatsen utg\u00f6rs av kvartssand i l\u00e4mplig kornstorlek. Vattnet leds till filtret via ett r\u00f6rsystem, som sammankopplar poolen med filtret.<\/p>\n<p>[\/et_pb_text][\/et_pb_column][et_pb_column type=&#8221;1_2&#8243; _builder_version=&#8221;4.16&#8243; _module_preset=&#8221;default&#8221; global_colors_info=&#8221;{}&#8221; theme_builder_area=&#8221;post_content&#8221;][et_pb_text _builder_version=&#8221;4.16&#8243; _module_preset=&#8221;default&#8221; global_colors_info=&#8221;{}&#8221; theme_builder_area=&#8221;post_content&#8221;]<\/p>\n<p style=\"text-align: justify;\">Vattnet fl\u00f6dar genom r\u00f6ren med en relativt h\u00f6g hastighet, men filtersandens yta \u00e4r s\u00e5 pass stor att den till\u00e5ter vattnet att pressas genom sandb\u00e4dden f\u00f6rh\u00e5llandevis l\u00e5ngsamt med en hastighet av 30 eller 50 m\/h. Hastigheten beror av filtertankens dimension och pumpens effektivitet. Fetter och andra f\u00f6roreningar stannar kvar p\u00e5 sandkornen, medan vattnet blir f\u00e4rskt och rent som k\u00e4llvatten. Tack vare pumpens g\u00e5ng renas vattnet kontinuerligt, i filtret samlas dock allt mer f\u00f6roreningar. Efter en viss tid m\u00e5ste filtret g\u00f6ras rent genom backspolning. S\u00e5 sk\u00f6ljer man ut f\u00f6roreningarna ur sanden och avleder dessa till avloppet. Hela spolningsprocessen tar upp till ca. 3 minuter och gors ca. en gang i veckan.<\/p>\n<p>[\/et_pb_text][\/et_pb_column][\/et_pb_row][et_pb_row use_custom_gutter=&#8221;on&#8221; gutter_width=&#8221;2&#8243; _builder_version=&#8221;4.16&#8243; _module_preset=&#8221;default&#8221; global_colors_info=&#8221;{}&#8221; theme_builder_area=&#8221;post_content&#8221;][et_pb_column type=&#8221;4_4&#8243; _builder_version=&#8221;4.16&#8243; _module_preset=&#8221;default&#8221; global_colors_info=&#8221;{}&#8221; theme_builder_area=&#8221;post_content&#8221;][et_pb_text _builder_version=&#8221;4.16&#8243; _module_preset=&#8221;default&#8221; global_colors_info=&#8221;{}&#8221; theme_builder_area=&#8221;post_content&#8221;]<\/p>\n<h3>BACKSPOLNING<\/h3>\n<p>S\u00e5 h\u00e4r g\u00e5r backspolningen till.<\/p>\n<p>[\/et_pb_text][\/et_pb_column][\/et_pb_row][et_pb_row column_structure=&#8221;1_2,1_2&#8243; use_custom_gutter=&#8221;on&#8221; gutter_width=&#8221;2&#8243; _builder_version=&#8221;4.16&#8243; _module_preset=&#8221;default&#8221; global_colors_info=&#8221;{}&#8221; theme_builder_area=&#8221;post_content&#8221;][et_pb_column type=&#8221;1_2&#8243; _builder_version=&#8221;4.16&#8243; _module_preset=&#8221;default&#8221; global_colors_info=&#8221;{}&#8221; theme_builder_area=&#8221;post_content&#8221;][et_pb_text _builder_version=&#8221;4.16&#8243; _module_preset=&#8221;default&#8221; global_colors_info=&#8221;{}&#8221; theme_builder_area=&#8221;post_content&#8221;]<\/p>\n<ul>\n<li>Om du har elektrisk uppv\u00e4rmning, st\u00e4ng av den.<\/li>\n<li>St\u00e4ng av pumpen.<\/li>\n<li>St\u00e4ng ventilerna p\u00e5 ledningarna till och fr\u00e5n poolen.<\/li>\n<li>\u00d6ppna locket p\u00e5 pumpen, t\u00f6m silkorgen och s\u00e4tt tillbaka locket.<\/li>\n<li>\u00d6ppna avloppsventilen.<\/li>\n<li>St\u00e4ll spaken p\u00e5 filterhuvudet p\u00e5 &#8220;BACKWASH&#8221;.<\/li>\n<li>\u00d6ppna ventilerna p\u00e5 ledningarna till och fr\u00e5n poolen.<\/li>\n<\/ul>\n<p>[\/et_pb_text][\/et_pb_column][et_pb_column type=&#8221;1_2&#8243; _builder_version=&#8221;4.16&#8243; _module_preset=&#8221;default&#8221; global_colors_info=&#8221;{}&#8221; theme_builder_area=&#8221;post_content&#8221;][et_pb_text _builder_version=&#8221;4.16&#8243; _module_preset=&#8221;default&#8221; global_colors_info=&#8221;{}&#8221; theme_builder_area=&#8221;post_content&#8221;]<\/p>\n<ul>\n<li>S\u00e4tt ig\u00e5ng pumpen och l\u00e5t den g\u00e5 i 1-2 minuter. Om filtret \u00e4r utrustat med ett siktglas kan man st\u00e4nga av n\u00e4r vattnet glaset \u00e4r klart.<\/li>\n<li>St\u00e4ng av pumpen igen.<\/li>\n<li>St\u00e4ll spaken p\u00e5 &#8220;RINSE&#8221;. Starta pumpen och l\u00e5t den g\u00e5 i ca 30 sekunder.<\/li>\n<li>St\u00e4ng av pumpen och st\u00e4ll tillbaka spaken p\u00e5 &#8220;FILTER&#8221;<\/li>\n<li>St\u00e4ng ventilen till avloppet.<\/li>\n<li>Starta pumpen samt eluppv\u00e4rmning om s\u00e5dant finns. Notera vad manometern visar.<\/li>\n<\/ul>\n<p>[\/et_pb_text][\/et_pb_column][\/et_pb_row][et_pb_row use_custom_gutter=&#8221;on&#8221; gutter_width=&#8221;2&#8243; _builder_version=&#8221;4.16&#8243; _module_preset=&#8221;default&#8221; global_colors_info=&#8221;{}&#8221; theme_builder_area=&#8221;post_content&#8221;][et_pb_column type=&#8221;4_4&#8243; _builder_version=&#8221;4.16&#8243; _module_preset=&#8221;default&#8221; global_colors_info=&#8221;{}&#8221; theme_builder_area=&#8221;post_content&#8221;][et_pb_text _builder_version=&#8221;4.16&#8243; _module_preset=&#8221;default&#8221; global_colors_info=&#8221;{}&#8221; theme_builder_area=&#8221;post_content&#8221;]<\/p>\n<h3>PUMPAR F\u00d6R SWIMMINGPOOLER<\/h3>\n<p>Vi utrustar filtreringsanordningarna i v\u00e5rt utbud med bepr\u00f6vade pumpar fr\u00e5n SPECK och ASTRAL. Dessa pumpar \u00e4r speciellt utvecklade f\u00f6r simbass\u00e4nger. De har ett hus av PP material, men vissa utf\u00f6randen finns tillg\u00e4ngliga i brons eller gjutj\u00e4rn. De \u00e4r utrustade med en fiberf\u00e5ngare (f\u00f6rfilter), som f\u00e5ngar upp diverse f\u00f6roreningar, vilket skyddar motorn fr\u00e5n att skadas. Dessa pumpar \u00e4r av sug\/tryck typ med olika effektivitet och stigh\u00f6jd. Samtliga delar i pumparna \u00e4r milj\u00f6anpassade och kan \u00e5tervinnas. Pumparna har skyddsklass IP54.<\/p>\n<p>[\/et_pb_text][\/et_pb_column][\/et_pb_row][et_pb_row column_structure=&#8221;1_2,1_2&#8243; use_custom_gutter=&#8221;on&#8221; gutter_width=&#8221;2&#8243; _builder_version=&#8221;4.16&#8243; _module_preset=&#8221;default&#8221; global_colors_info=&#8221;{}&#8221; theme_builder_area=&#8221;post_content&#8221;][et_pb_column type=&#8221;1_2&#8243; _builder_version=&#8221;4.16&#8243; _module_preset=&#8221;default&#8221; global_colors_info=&#8221;{}&#8221; theme_builder_area=&#8221;post_content&#8221;][et_pb_text _builder_version=&#8221;4.16&#8243; _module_preset=&#8221;default&#8221; global_colors_info=&#8221;{}&#8221; theme_builder_area=&#8221;post_content&#8221;]<\/p>\n<p><strong>filtreringsprocess<\/strong><\/p>\n<p><img loading=\"lazy\" decoding=\"async\" class=\"wp-image-4965 alignnone size-full\" src=\"https:\/\/www.phuanita.com\/swe\/wp-content\/uploads\/2023\/02\/f2.png\" alt=\"\" width=\"198\" height=\"281\" \/><\/p>\n<p>Filtrering: vattnet pressas in i filtret. I toppen p\u00e5 filtret finns en typ av f\u00f6rdelare. Nu passerar vattnet genom sanden. Smutsen stannar kvar p\u00e5 sandkornen. Ovanf\u00f6r tankens botten finns en sil monterad. Silen har munstycken av mycket sm\u00e5 r\u00f6r. De ser till att sanden stannar i filtret, medan enbart rent vatten fl\u00f6dar till bass\u00e4ngen.<\/p>\n<p>[\/et_pb_text][\/et_pb_column][et_pb_column type=&#8221;1_2&#8243; _builder_version=&#8221;4.16&#8243; _module_preset=&#8221;default&#8221; global_colors_info=&#8221;{}&#8221; theme_builder_area=&#8221;post_content&#8221;][et_pb_text _builder_version=&#8221;4.16&#8243; _module_preset=&#8221;default&#8221; global_colors_info=&#8221;{}&#8221; theme_builder_area=&#8221;post_content&#8221;]<\/p>\n<p><strong>sk\u00f6ljprocess<\/strong><\/p>\n<p><img loading=\"lazy\" decoding=\"async\" class=\"wp-image-4966 alignnone size-full\" src=\"https:\/\/www.phuanita.com\/swe\/wp-content\/uploads\/2023\/02\/f1.png\" alt=\"\" width=\"216\" height=\"275\" \/><\/p>\n<p>Backspolning: efter att 6-v\u00e4gs ventilen st\u00e4lls i r\u00e4tt l\u00e4ge sl\u00e4pps vattnet in genom munstyckena i filtrets botten. Sanden lyfts upp och blandas om, s\u00e5 att smutsen kan separera fr\u00e5n sandkornen. Alla f\u00f6roreningar g\u00e5r via f\u00f6rdelaren p\u00e5 toppen av filtret till avloppet. Ert filter \u00e4r \u00e5ter igen rent.<\/p>\n<p>[\/et_pb_text][\/et_pb_column][\/et_pb_row][\/et_pb_section]<\/p>\n","protected":false},"excerpt":{"rendered":"<p>Vattnet i en pool m\u00e5ste filtreras, eftersom utan det kommer vattnet att bli grumligt och smutsigt. N\u00e4r simbass\u00e4ngen anv\u00e4nds hamnar olika f\u00f6roreningar i vattnet (h\u00e5r, fett, svett, hudrester etc.) som utg\u00f6r en utm\u00e4rkt n\u00e4ring f\u00f6r mikroorganismer. Alla dessa \u00e4mnen m\u00e5ste avl\u00e4gsnas fr\u00e5n vattnet via filtrering. Till simbass\u00e4nger b\u00f6r man montera sandfilter. Endast dessa filtrerar vattnet [&hellip;]<\/p>\n","protected":false},"author":1,"featured_media":0,"parent":69,"menu_order":0,"comment_status":"closed","ping_status":"closed","template":"","meta":{"_et_pb_use_builder":"on","_et_pb_old_content":"","_et_gb_content_width":"","footnotes":""},"tags":[35],"class_list":["post-682","page","type-page","status-publish","hentry","tag-porady-pielegnacyjne"],"yoast_head":"<!-- This site is optimized with the Yoast SEO plugin v27.5 - https:\/\/yoast.com\/product\/yoast-seo-wordpress\/ -->\n<title>Reningsverk - PHU Anita<\/title>\n<meta name=\"robots\" content=\"index, follow, max-snippet:-1, max-image-preview:large, max-video-preview:-1\" \/>\n<link rel=\"canonical\" href=\"https:\/\/www.phuanita.com\/swe\/var-pool-teknologi\/tips-om-pooler\/reningsverk\/\" \/>\n<meta property=\"og:locale\" content=\"en_US\" \/>\n<meta property=\"og:type\" content=\"article\" \/>\n<meta property=\"og:title\" content=\"Reningsverk - PHU Anita\" \/>\n<meta property=\"og:description\" content=\"Vattnet i en pool m\u00e5ste filtreras, eftersom utan det kommer vattnet att bli grumligt och smutsigt. N\u00e4r simbass\u00e4ngen anv\u00e4nds hamnar olika f\u00f6roreningar i vattnet (h\u00e5r, fett, svett, hudrester etc.) som utg\u00f6r en utm\u00e4rkt n\u00e4ring f\u00f6r mikroorganismer. Alla dessa \u00e4mnen m\u00e5ste avl\u00e4gsnas fr\u00e5n vattnet via filtrering. Till simbass\u00e4nger b\u00f6r man montera sandfilter. Endast dessa filtrerar vattnet [&hellip;]\" \/>\n<meta property=\"og:url\" content=\"https:\/\/www.phuanita.com\/swe\/var-pool-teknologi\/tips-om-pooler\/reningsverk\/\" \/>\n<meta property=\"og:site_name\" content=\"PHU Anita\" \/>\n<meta property=\"article:modified_time\" content=\"2023-02-27T14:25:23+00:00\" \/>\n<meta property=\"og:image\" content=\"https:\/\/www.phuanita.com\/swe\/wp-content\/uploads\/2023\/02\/f2.png\" \/>\n<meta name=\"twitter:card\" content=\"summary_large_image\" \/>\n<meta name=\"twitter:label1\" content=\"Est. reading time\" \/>\n\t<meta name=\"twitter:data1\" content=\"5 minutes\" \/>\n<script type=\"application\/ld+json\" class=\"yoast-schema-graph\">{\"@context\":\"https:\\\/\\\/schema.org\",\"@graph\":[{\"@type\":\"WebPage\",\"@id\":\"https:\\\/\\\/www.phuanita.com\\\/swe\\\/var-pool-teknologi\\\/tips-om-pooler\\\/reningsverk\\\/\",\"url\":\"https:\\\/\\\/www.phuanita.com\\\/swe\\\/var-pool-teknologi\\\/tips-om-pooler\\\/reningsverk\\\/\",\"name\":\"Reningsverk - PHU Anita\",\"isPartOf\":{\"@id\":\"https:\\\/\\\/www.phuanita.com\\\/swe\\\/#website\"},\"primaryImageOfPage\":{\"@id\":\"https:\\\/\\\/www.phuanita.com\\\/swe\\\/var-pool-teknologi\\\/tips-om-pooler\\\/reningsverk\\\/#primaryimage\"},\"image\":{\"@id\":\"https:\\\/\\\/www.phuanita.com\\\/swe\\\/var-pool-teknologi\\\/tips-om-pooler\\\/reningsverk\\\/#primaryimage\"},\"thumbnailUrl\":\"https:\\\/\\\/www.phuanita.com\\\/swe\\\/wp-content\\\/uploads\\\/2023\\\/02\\\/f2.png\",\"datePublished\":\"2021-02-04T15:22:04+00:00\",\"dateModified\":\"2023-02-27T14:25:23+00:00\",\"breadcrumb\":{\"@id\":\"https:\\\/\\\/www.phuanita.com\\\/swe\\\/var-pool-teknologi\\\/tips-om-pooler\\\/reningsverk\\\/#breadcrumb\"},\"inLanguage\":\"en-US\",\"potentialAction\":[{\"@type\":\"ReadAction\",\"target\":[\"https:\\\/\\\/www.phuanita.com\\\/swe\\\/var-pool-teknologi\\\/tips-om-pooler\\\/reningsverk\\\/\"]}]},{\"@type\":\"ImageObject\",\"inLanguage\":\"en-US\",\"@id\":\"https:\\\/\\\/www.phuanita.com\\\/swe\\\/var-pool-teknologi\\\/tips-om-pooler\\\/reningsverk\\\/#primaryimage\",\"url\":\"https:\\\/\\\/www.phuanita.com\\\/swe\\\/wp-content\\\/uploads\\\/2023\\\/02\\\/f2.png\",\"contentUrl\":\"https:\\\/\\\/www.phuanita.com\\\/swe\\\/wp-content\\\/uploads\\\/2023\\\/02\\\/f2.png\",\"width\":198,\"height\":281},{\"@type\":\"BreadcrumbList\",\"@id\":\"https:\\\/\\\/www.phuanita.com\\\/swe\\\/var-pool-teknologi\\\/tips-om-pooler\\\/reningsverk\\\/#breadcrumb\",\"itemListElement\":[{\"@type\":\"ListItem\",\"position\":1,\"name\":\"Strona g\u0142\u00f3wna\",\"item\":\"https:\\\/\\\/www.phuanita.com\\\/swe\\\/\"},{\"@type\":\"ListItem\",\"position\":2,\"name\":\"V\u00e5r pool teknologi\",\"item\":\"https:\\\/\\\/www.phuanita.com\\\/swe\\\/var-pool-teknologi\\\/\"},{\"@type\":\"ListItem\",\"position\":3,\"name\":\"Tips om pooler\",\"item\":\"https:\\\/\\\/www.phuanita.com\\\/swe\\\/var-pool-teknologi\\\/tips-om-pooler\\\/\"},{\"@type\":\"ListItem\",\"position\":4,\"name\":\"Reningsverk\"}]},{\"@type\":\"WebSite\",\"@id\":\"https:\\\/\\\/www.phuanita.com\\\/swe\\\/#website\",\"url\":\"https:\\\/\\\/www.phuanita.com\\\/swe\\\/\",\"name\":\"PHU Anita\",\"description\":\"\",\"potentialAction\":[{\"@type\":\"SearchAction\",\"target\":{\"@type\":\"EntryPoint\",\"urlTemplate\":\"https:\\\/\\\/www.phuanita.com\\\/swe\\\/?s={search_term_string}\"},\"query-input\":{\"@type\":\"PropertyValueSpecification\",\"valueRequired\":true,\"valueName\":\"search_term_string\"}}],\"inLanguage\":\"en-US\"}]}<\/script>\n<!-- \/ Yoast SEO plugin. -->","yoast_head_json":{"title":"Reningsverk - PHU Anita","robots":{"index":"index","follow":"follow","max-snippet":"max-snippet:-1","max-image-preview":"max-image-preview:large","max-video-preview":"max-video-preview:-1"},"canonical":"https:\/\/www.phuanita.com\/swe\/var-pool-teknologi\/tips-om-pooler\/reningsverk\/","og_locale":"en_US","og_type":"article","og_title":"Reningsverk - PHU Anita","og_description":"Vattnet i en pool m\u00e5ste filtreras, eftersom utan det kommer vattnet att bli grumligt och smutsigt. N\u00e4r simbass\u00e4ngen anv\u00e4nds hamnar olika f\u00f6roreningar i vattnet (h\u00e5r, fett, svett, hudrester etc.) som utg\u00f6r en utm\u00e4rkt n\u00e4ring f\u00f6r mikroorganismer. Alla dessa \u00e4mnen m\u00e5ste avl\u00e4gsnas fr\u00e5n vattnet via filtrering. Till simbass\u00e4nger b\u00f6r man montera sandfilter. Endast dessa filtrerar vattnet [&hellip;]","og_url":"https:\/\/www.phuanita.com\/swe\/var-pool-teknologi\/tips-om-pooler\/reningsverk\/","og_site_name":"PHU Anita","article_modified_time":"2023-02-27T14:25:23+00:00","og_image":[{"url":"https:\/\/www.phuanita.com\/swe\/wp-content\/uploads\/2023\/02\/f2.png","type":"","width":"","height":""}],"twitter_card":"summary_large_image","twitter_misc":{"Est. reading time":"5 minutes"},"schema":{"@context":"https:\/\/schema.org","@graph":[{"@type":"WebPage","@id":"https:\/\/www.phuanita.com\/swe\/var-pool-teknologi\/tips-om-pooler\/reningsverk\/","url":"https:\/\/www.phuanita.com\/swe\/var-pool-teknologi\/tips-om-pooler\/reningsverk\/","name":"Reningsverk - PHU Anita","isPartOf":{"@id":"https:\/\/www.phuanita.com\/swe\/#website"},"primaryImageOfPage":{"@id":"https:\/\/www.phuanita.com\/swe\/var-pool-teknologi\/tips-om-pooler\/reningsverk\/#primaryimage"},"image":{"@id":"https:\/\/www.phuanita.com\/swe\/var-pool-teknologi\/tips-om-pooler\/reningsverk\/#primaryimage"},"thumbnailUrl":"https:\/\/www.phuanita.com\/swe\/wp-content\/uploads\/2023\/02\/f2.png","datePublished":"2021-02-04T15:22:04+00:00","dateModified":"2023-02-27T14:25:23+00:00","breadcrumb":{"@id":"https:\/\/www.phuanita.com\/swe\/var-pool-teknologi\/tips-om-pooler\/reningsverk\/#breadcrumb"},"inLanguage":"en-US","potentialAction":[{"@type":"ReadAction","target":["https:\/\/www.phuanita.com\/swe\/var-pool-teknologi\/tips-om-pooler\/reningsverk\/"]}]},{"@type":"ImageObject","inLanguage":"en-US","@id":"https:\/\/www.phuanita.com\/swe\/var-pool-teknologi\/tips-om-pooler\/reningsverk\/#primaryimage","url":"https:\/\/www.phuanita.com\/swe\/wp-content\/uploads\/2023\/02\/f2.png","contentUrl":"https:\/\/www.phuanita.com\/swe\/wp-content\/uploads\/2023\/02\/f2.png","width":198,"height":281},{"@type":"BreadcrumbList","@id":"https:\/\/www.phuanita.com\/swe\/var-pool-teknologi\/tips-om-pooler\/reningsverk\/#breadcrumb","itemListElement":[{"@type":"ListItem","position":1,"name":"Strona g\u0142\u00f3wna","item":"https:\/\/www.phuanita.com\/swe\/"},{"@type":"ListItem","position":2,"name":"V\u00e5r pool teknologi","item":"https:\/\/www.phuanita.com\/swe\/var-pool-teknologi\/"},{"@type":"ListItem","position":3,"name":"Tips om pooler","item":"https:\/\/www.phuanita.com\/swe\/var-pool-teknologi\/tips-om-pooler\/"},{"@type":"ListItem","position":4,"name":"Reningsverk"}]},{"@type":"WebSite","@id":"https:\/\/www.phuanita.com\/swe\/#website","url":"https:\/\/www.phuanita.com\/swe\/","name":"PHU Anita","description":"","potentialAction":[{"@type":"SearchAction","target":{"@type":"EntryPoint","urlTemplate":"https:\/\/www.phuanita.com\/swe\/?s={search_term_string}"},"query-input":{"@type":"PropertyValueSpecification","valueRequired":true,"valueName":"search_term_string"}}],"inLanguage":"en-US"}]}},"_links":{"self":[{"href":"https:\/\/www.phuanita.com\/swe\/wp-json\/wp\/v2\/pages\/682","targetHints":{"allow":["GET"]}}],"collection":[{"href":"https:\/\/www.phuanita.com\/swe\/wp-json\/wp\/v2\/pages"}],"about":[{"href":"https:\/\/www.phuanita.com\/swe\/wp-json\/wp\/v2\/types\/page"}],"author":[{"embeddable":true,"href":"https:\/\/www.phuanita.com\/swe\/wp-json\/wp\/v2\/users\/1"}],"replies":[{"embeddable":true,"href":"https:\/\/www.phuanita.com\/swe\/wp-json\/wp\/v2\/comments?post=682"}],"version-history":[{"count":4,"href":"https:\/\/www.phuanita.com\/swe\/wp-json\/wp\/v2\/pages\/682\/revisions"}],"predecessor-version":[{"id":238310,"href":"https:\/\/www.phuanita.com\/swe\/wp-json\/wp\/v2\/pages\/682\/revisions\/238310"}],"up":[{"embeddable":true,"href":"https:\/\/www.phuanita.com\/swe\/wp-json\/wp\/v2\/pages\/69"}],"wp:attachment":[{"href":"https:\/\/www.phuanita.com\/swe\/wp-json\/wp\/v2\/media?parent=682"}],"wp:term":[{"taxonomy":"post_tag","embeddable":true,"href":"https:\/\/www.phuanita.com\/swe\/wp-json\/wp\/v2\/tags?post=682"}],"curies":[{"name":"wp","href":"https:\/\/api.w.org\/{rel}","templated":true}]}}