{"id":4038,"date":"2021-03-11T13:17:41","date_gmt":"2021-03-11T12:17:41","guid":{"rendered":"http:\/\/nowa22.phuanita.com\/?page_id=4038"},"modified":"2023-02-28T11:18:42","modified_gmt":"2023-02-28T10:18:42","slug":"transport-och-forsaljningsvillkor","status":"publish","type":"page","link":"https:\/\/www.phuanita.com\/swe\/pooltak\/transport-och-forsaljningsvillkor\/","title":{"rendered":"Transport \u2013 och f\u00f6rs\u00e4ljningsvillkor"},"content":{"rendered":"<p>[et_pb_section fb_built=&#8221;1&#8243; disabled_on=&#8221;on|on|off&#8221; _builder_version=&#8221;4.19.4&#8243; _module_preset=&#8221;default&#8221; custom_margin=&#8221;0px||0px||true|false&#8221; custom_padding=&#8221;0px||0px||true|false&#8221; locked=&#8221;off&#8221; global_colors_info=&#8221;{}&#8221;][et_pb_row use_custom_gutter=&#8221;on&#8221; gutter_width=&#8221;1&#8243; _builder_version=&#8221;4.19.4&#8243; _module_preset=&#8221;default&#8221; width=&#8221;100%&#8221; max_width=&#8221;100%&#8221; custom_margin=&#8221;0px||0px||true|false&#8221; custom_padding=&#8221;0px||0px||true|false&#8221; global_colors_info=&#8221;{}&#8221;][et_pb_column type=&#8221;4_4&#8243; _builder_version=&#8221;4.19.4&#8243; _module_preset=&#8221;default&#8221; global_colors_info=&#8221;{}&#8221;][et_pb_image src=&#8221;https:\/\/www.phuanita.com\/swe\/wp-content\/uploads\/2023\/01\/naglowek-zadaszenia-basenow4.jpg&#8221; title_text=&#8221;naglowek-zadaszenia-basenow4&#8243; align=&#8221;center&#8221; force_fullwidth=&#8221;on&#8221; _builder_version=&#8221;4.19.4&#8243; _module_preset=&#8221;default&#8221; custom_padding=&#8221;0px||0px||true|false&#8221; global_colors_info=&#8221;{}&#8221;][\/et_pb_image][\/et_pb_column][\/et_pb_row][\/et_pb_section][et_pb_section fb_built=&#8221;1&#8243; _builder_version=&#8221;4.16&#8243; _module_preset=&#8221;default&#8221; locked=&#8221;off&#8221; global_colors_info=&#8221;{}&#8221;][et_pb_row _builder_version=&#8221;4.16&#8243; _module_preset=&#8221;default&#8221; custom_margin=&#8221;||0px||false|false&#8221; custom_padding=&#8221;||0px||false|false&#8221; global_colors_info=&#8221;{}&#8221;][et_pb_column type=&#8221;4_4&#8243; _builder_version=&#8221;4.16&#8243; _module_preset=&#8221;default&#8221; global_colors_info=&#8221;{}&#8221;][et_pb_post_title meta=&#8221;off&#8221; featured_image=&#8221;off&#8221; _builder_version=&#8221;4.16&#8243; _module_preset=&#8221;default&#8221; global_colors_info=&#8221;{}&#8221;][\/et_pb_post_title][\/et_pb_column][\/et_pb_row][et_pb_row use_custom_gutter=&#8221;on&#8221; gutter_width=&#8221;2&#8243; _builder_version=&#8221;4.16&#8243; _module_preset=&#8221;default&#8221; global_colors_info=&#8221;{}&#8221;][et_pb_column type=&#8221;4_4&#8243; _builder_version=&#8221;4.16&#8243; _module_preset=&#8221;default&#8221; global_colors_info=&#8221;{}&#8221;][et_pb_text _builder_version=&#8221;4.20.0&#8243; _module_preset=&#8221;default&#8221; hover_enabled=&#8221;0&#8243; global_colors_info=&#8221;{}&#8221; sticky_enabled=&#8221;0&#8243;]<\/p>\n<p><strong>1. Allm\u00e4nna villkor<\/strong><\/p>\n<p>\u2022 Fabriken utf\u00f6r sin anbuds-, service- och transportaktivitet enligt f\u00f6ljande villkor. Om kunden vill \u00e4ndra dessa villkor kan han \/ hon be om det innan best\u00e4llningen i skriftlig form och detta tr\u00e4der i kraft endast om fabriken ocks\u00e5 godk\u00e4nner det i skriven form.<\/p>\n<p>\u2022 Vi ger v\u00e5ra offert utan n\u00e5gra skyldigheter. Vi f\u00f6rbeh\u00e5ller oss r\u00e4tten att \u00e4ndra uppgifterna p\u00e5 offertritningarna och de tekniska l\u00f6sningarna utan f\u00f6reg\u00e5ende meddelande. De data- och designl\u00f6sningar som ges i offerten och p\u00e5 ritningarna utg\u00f6r v\u00e5rt f\u00f6retags intellektuella, de f\u00e5r inte levereras till tredje part utan v\u00e5rt skriftliga tillst\u00e5nd.<\/p>\n<p>\u2022 Kunden tillk\u00e4nnager det f\u00f6reg\u00e5ende transportst\u00e4ngningsdatumet f\u00f6r produkten eller tj\u00e4nsten p\u00e5 best\u00e4llningen av pool\u00f6verdraget. V\u00e5rt f\u00f6retag ger en skriftlig bekr\u00e4ftelse p\u00e5 best\u00e4llningen, men det betyder inte att du accepterar det st\u00e4ngningsdatum som tidigare kr\u00e4vts av produkten eller tj\u00e4nsten. Det beg\u00e4rda exakta transportst\u00e4ngningsdatumet kommer att meddelas av kunden n\u00e4r uppst\u00e4llningsplatsen \u00e4r redo att ta emot pool\u00f6verdraget. Efter detta meddelar vi den slutliga transporten och den tillf\u00e4lliga anpassningsst\u00e4ngningen i skriftlig form, som kan vara mellan 4 och 6 veckor.<\/p>\n<p>\u2022 Kunden m\u00e5ste verifiera bekr\u00e4ftelsen p\u00e5 best\u00e4llningen. Om kunden inte har n\u00e5got skriftligt klagom\u00e5l mot villkoren i bekr\u00e4ftelsen anser vi det accepterat. Kunden skickar ritningen av pool\u00f6verdraget och bekr\u00e4ftelsen med sin signatur tillbaka till The Factory. Produktionen startar efter det att den signerade bekr\u00e4ftelsen har mottagits.<\/p>\n<p>\u2022 Om produktionen inte startar \u00e4nnu f\u00f6rs\u00f6ker vi tillfredsst\u00e4lla f\u00f6reg\u00e5ende \u00f6nskem\u00e5l om f\u00f6r\u00e4ndring. Om produktionen redan har p\u00e5b\u00f6rjats meddelar vi den tillkommande merkostnaden f\u00f6r kunden och vi uppn\u00e5r \u00e4ndringen endast om kunden accepterar den. \u00c4ndringar under produktionsprocessen kan inneb\u00e4ra att sista datum f\u00f6rl\u00e4ngs.<\/p>\n<p><strong>\u200b2. Betalningsvillkor<\/strong><\/p>\n<p>\u2022 100% av den totala k\u00f6peskillingen m\u00e5ste betalas p\u00e5 best\u00e4llningsdagen.<\/p>\n<p>\u2022 Kunden har inte r\u00e4tt att neka betalningen om han \/ hon finner en ber\u00f6md eller verklig defekt p\u00e5 produkten. Det m\u00e5ste han ange mot v\u00e5rt f\u00f6retag i muntlig eller skriftlig form, som vi reparerar omedelbart genom v\u00e5rt garanti\u00e5tagande vad som \u00e4r fast i de nuvarande transportf\u00f6rh\u00e5llandena.<\/p>\n<p>\u2022 I h\u00e4ndelse av betalningsf\u00f6rdr\u00f6jning, efter ett avtal p\u00e5 plats, har vi r\u00e4tt att ge ytterligare ett st\u00e4ngningsdatum p\u00e5 6 arbetsdagar l\u00e4ngst bort, varefter vi kan ta \u00f6ver det lagda pool\u00f6verdraget utan f\u00f6rvarning. Kunden kan inte hindra \u00f6vertagningsprocessen till f\u00f6ljd av utebliven betalning. Vi f\u00f6rbeh\u00e5ller oss r\u00e4tten till ers\u00e4ttning f\u00f6r v\u00e5ra brister.<\/p>\n<p><strong>3. Transport, montering, teknisk mottagning<\/strong><\/p>\n<p>\u2022 Om transporten sker med v\u00e5rt f\u00f6retags sk\u00e5pbil, kommer eventuella skador att debitera v\u00e5rt f\u00f6retag. I det h\u00e4r fallet sker det kvantitativa och kvalitativa mottagandet p\u00e5 den adress som anges i ordern,<br \/>Om transporten genomf\u00f6rs av kunden sker det kvantitativa och kvalitativa mottagandet i v\u00e5r dep\u00e5. Efter mottagandet tar kunden varje risk.<\/p>\n<p>\u2022 Efter att ha mottagit \u2013 i v\u00e5r dep\u00e5 eller p\u00e5 den adress som kunden har gett \u2013 m\u00e5ste de tekniska klagom\u00e5len korrigeras omedelbart i skriftlig form. Mottagandet kan inte nekas p\u00e5 grund av en ber\u00f6md eller verklig defekt. F\u00f6rverkligandet av det mottagande inneb\u00e4r ocks\u00e5 att kontraktet genomf\u00f6rs.<\/p>\n<p>\u2022 Varje produkt transporteras med f\u00f6rbeh\u00e5ll f\u00f6r v\u00e5rt \u00e4gander\u00e4tt och de f\u00f6rblir i v\u00e5r r\u00e4tt till dess att deras totala kostnad inte l\u00f6ses in. Om transporten misslyckas p\u00e5 grund av kunden kommer en lagringskostnad att faktureras.<\/p>\n<p>\u2022 T\u00e4ckplatsen m\u00e5ste vara helt horisontell, gjord med platt kl\u00e4dsel eller f\u00e4rdig betong. Vi kan inte ta ansvar f\u00f6r markfel!<\/p>\n<p>\u2022 P\u00e5 den synliga ytan av anodiserade aluminiumprofiler och skenor kan f\u00e4rgspridning uppst\u00e5. Vi kan inte ta ansvaret f\u00f6r detta.<\/p>\n<p><strong>4. Garanti<\/strong><\/p>\n<p>\u2022 Fabriken antar 3 \u00e5rs garanti f\u00f6r transporterat material f\u00f6r pool\u00f6verdrag och produktionsarbeten. Garantin b\u00f6rjar den mottagande dagen. F\u00f6r ytmaterial (bl\u00e4ndande) garanteras garantin av tillverkarens f\u00f6retagsgaranti som \u00e4r 3 \u00e5r f\u00f6r skador vid normal anv\u00e4ndning. Vi garanterar 2 \u00e5rs garanti f\u00f6r pulverlackeringen. Vi tar inte garanti f\u00f6r hagel.<\/p>\n<p>\u25aa Observera: pool\u00f6verdraget \u00e4r vattent\u00e4tt i 98% vilket inneb\u00e4r att lite vatten kan komma under locket utifr\u00e5n. Eftersom pool\u00f6verdraget normalt \u00e4r i v\u00e5t milj\u00f6 orsakar detta inte problem, s\u00e5 vi kan inte ta n\u00e5got ansvar f\u00f6r detta.<\/p>\n<p>\u2022 Uppm\u00e4rksamhet: kanaliseringen av sp\u00e5rskenorna m\u00e5ste s\u00e4kerst\u00e4llas, marken m\u00e5ste ha en l\u00e4mplig lutning f\u00f6r vi kan inte ta ansvar f\u00f6r markfel.<\/p>\n<p>\u2022 Om kunden utf\u00f6r installationen av pool\u00f6verdraget, debiterar kunden defekterna fr\u00e5n installationen. Naturligtvis, om det beh\u00f6vs, \u00e5terst\u00e4ller vi de fel som kostar kunden!<\/p>\n<p>\u2022 Garantin g\u00e4ller endast f\u00f6r regelbunden anv\u00e4ndning av pool\u00f6verdraget. Garantin g\u00e5r s\u00f6nder om kunden inte skyddar den fr\u00e5n avgiften f\u00f6r sn\u00f6n. I h\u00e4ndelse av ett st\u00f6rre sn\u00f6fall \u00e4r kunden bunden att ta bort sn\u00f6n fr\u00e5n pool\u00f6verdraget eller, i h\u00e4ndelse av ett l\u00e5ngvarigt sn\u00f6fall, f\u00f6r att s\u00e4kerst\u00e4lla en temperatur p\u00e5 10-15 \u00b0 C under locket. Poolfodralet fr\u00e5n The Factory \u00e4r utrustat med ett kontinuerligt stormst\u00f6d, men vid en vindkraft som \u00f6verstiger f\u00f6rs\u00e4kringsgr\u00e4nsv\u00e4rdet (15 inf.) Bryter v\u00e5r garantif\u00f6rpliktelse. F\u00f6r att underl\u00e4tta f\u00f6r en vindstorm m\u00e5ste poolh\u00f6ljet vara st\u00e4ngt och elementen m\u00e5ste f\u00e4stas p\u00e5 plats. Det \u00e4r l\u00e4mpligt att teckna en f\u00f6rs\u00e4kring f\u00f6r t\u00e4ckningen.<\/p>\n<p>\u2022 Fel som kommer fr\u00e5n oprofessionell eller f\u00f6rsummad hantering faller inte inom garantin.<\/p>\n<p>\u2022 P\u00e5 den inre sidan av profilerna kan f\u00f6rdjupningar visas som kommer fr\u00e5n b\u00f6jning!<\/p>\n<p>\u2022 Tillverkaren anger tjockleken p\u00e5 bl\u00e4ndningen med \u00b1 10% toleransv\u00e4rde.<\/p>\n<p>[\/et_pb_text][\/et_pb_column][\/et_pb_row][\/et_pb_section]<\/p>\n","protected":false},"excerpt":{"rendered":"<p>1. Allm\u00e4nna villkor \u2022 Fabriken utf\u00f6r sin anbuds-, service- och transportaktivitet enligt f\u00f6ljande villkor. Om kunden vill \u00e4ndra dessa villkor kan han \/ hon be om det innan best\u00e4llningen i skriftlig form och detta tr\u00e4der i kraft endast om fabriken ocks\u00e5 godk\u00e4nner det i skriven form. \u2022 Vi ger v\u00e5ra offert utan n\u00e5gra skyldigheter. Vi [&hellip;]<\/p>\n","protected":false},"author":1,"featured_media":0,"parent":99,"menu_order":0,"comment_status":"closed","ping_status":"closed","template":"","meta":{"_et_pb_use_builder":"on","_et_pb_old_content":"","_et_gb_content_width":"","footnotes":""},"tags":[],"class_list":["post-4038","page","type-page","status-publish","hentry"],"yoast_head":"<!-- This site is optimized with the Yoast SEO plugin v27.5 - https:\/\/yoast.com\/product\/yoast-seo-wordpress\/ -->\n<title>Transport \u2013 och f\u00f6rs\u00e4ljningsvillkor - PHU Anita<\/title>\n<meta name=\"robots\" content=\"index, follow, max-snippet:-1, max-image-preview:large, max-video-preview:-1\" \/>\n<link rel=\"canonical\" href=\"https:\/\/www.phuanita.com\/swe\/pooltak\/transport-och-forsaljningsvillkor\/\" \/>\n<meta property=\"og:locale\" content=\"en_US\" \/>\n<meta property=\"og:type\" content=\"article\" \/>\n<meta property=\"og:title\" content=\"Transport \u2013 och f\u00f6rs\u00e4ljningsvillkor - PHU Anita\" \/>\n<meta property=\"og:description\" content=\"1. Allm\u00e4nna villkor \u2022 Fabriken utf\u00f6r sin anbuds-, service- och transportaktivitet enligt f\u00f6ljande villkor. Om kunden vill \u00e4ndra dessa villkor kan han \/ hon be om det innan best\u00e4llningen i skriftlig form och detta tr\u00e4der i kraft endast om fabriken ocks\u00e5 godk\u00e4nner det i skriven form. \u2022 Vi ger v\u00e5ra offert utan n\u00e5gra skyldigheter. Vi [&hellip;]\" \/>\n<meta property=\"og:url\" content=\"https:\/\/www.phuanita.com\/swe\/pooltak\/transport-och-forsaljningsvillkor\/\" \/>\n<meta property=\"og:site_name\" content=\"PHU Anita\" \/>\n<meta property=\"article:modified_time\" content=\"2023-02-28T10:18:42+00:00\" \/>\n<meta name=\"twitter:card\" content=\"summary_large_image\" \/>\n<meta name=\"twitter:label1\" content=\"Est. reading time\" \/>\n\t<meta name=\"twitter:data1\" content=\"5 minutes\" \/>\n<script type=\"application\/ld+json\" class=\"yoast-schema-graph\">{\"@context\":\"https:\\\/\\\/schema.org\",\"@graph\":[{\"@type\":\"WebPage\",\"@id\":\"https:\\\/\\\/www.phuanita.com\\\/swe\\\/pooltak\\\/transport-och-forsaljningsvillkor\\\/\",\"url\":\"https:\\\/\\\/www.phuanita.com\\\/swe\\\/pooltak\\\/transport-och-forsaljningsvillkor\\\/\",\"name\":\"Transport \u2013 och f\u00f6rs\u00e4ljningsvillkor - PHU Anita\",\"isPartOf\":{\"@id\":\"https:\\\/\\\/www.phuanita.com\\\/swe\\\/#website\"},\"datePublished\":\"2021-03-11T12:17:41+00:00\",\"dateModified\":\"2023-02-28T10:18:42+00:00\",\"breadcrumb\":{\"@id\":\"https:\\\/\\\/www.phuanita.com\\\/swe\\\/pooltak\\\/transport-och-forsaljningsvillkor\\\/#breadcrumb\"},\"inLanguage\":\"en-US\",\"potentialAction\":[{\"@type\":\"ReadAction\",\"target\":[\"https:\\\/\\\/www.phuanita.com\\\/swe\\\/pooltak\\\/transport-och-forsaljningsvillkor\\\/\"]}]},{\"@type\":\"BreadcrumbList\",\"@id\":\"https:\\\/\\\/www.phuanita.com\\\/swe\\\/pooltak\\\/transport-och-forsaljningsvillkor\\\/#breadcrumb\",\"itemListElement\":[{\"@type\":\"ListItem\",\"position\":1,\"name\":\"Strona g\u0142\u00f3wna\",\"item\":\"https:\\\/\\\/www.phuanita.com\\\/swe\\\/\"},{\"@type\":\"ListItem\",\"position\":2,\"name\":\"Pooltak\",\"item\":\"https:\\\/\\\/www.phuanita.com\\\/swe\\\/pooltak\\\/\"},{\"@type\":\"ListItem\",\"position\":3,\"name\":\"Transport \u2013 och f\u00f6rs\u00e4ljningsvillkor\"}]},{\"@type\":\"WebSite\",\"@id\":\"https:\\\/\\\/www.phuanita.com\\\/swe\\\/#website\",\"url\":\"https:\\\/\\\/www.phuanita.com\\\/swe\\\/\",\"name\":\"PHU Anita\",\"description\":\"\",\"potentialAction\":[{\"@type\":\"SearchAction\",\"target\":{\"@type\":\"EntryPoint\",\"urlTemplate\":\"https:\\\/\\\/www.phuanita.com\\\/swe\\\/?s={search_term_string}\"},\"query-input\":{\"@type\":\"PropertyValueSpecification\",\"valueRequired\":true,\"valueName\":\"search_term_string\"}}],\"inLanguage\":\"en-US\"}]}<\/script>\n<!-- \/ Yoast SEO plugin. -->","yoast_head_json":{"title":"Transport \u2013 och f\u00f6rs\u00e4ljningsvillkor - PHU Anita","robots":{"index":"index","follow":"follow","max-snippet":"max-snippet:-1","max-image-preview":"max-image-preview:large","max-video-preview":"max-video-preview:-1"},"canonical":"https:\/\/www.phuanita.com\/swe\/pooltak\/transport-och-forsaljningsvillkor\/","og_locale":"en_US","og_type":"article","og_title":"Transport \u2013 och f\u00f6rs\u00e4ljningsvillkor - PHU Anita","og_description":"1. Allm\u00e4nna villkor \u2022 Fabriken utf\u00f6r sin anbuds-, service- och transportaktivitet enligt f\u00f6ljande villkor. Om kunden vill \u00e4ndra dessa villkor kan han \/ hon be om det innan best\u00e4llningen i skriftlig form och detta tr\u00e4der i kraft endast om fabriken ocks\u00e5 godk\u00e4nner det i skriven form. \u2022 Vi ger v\u00e5ra offert utan n\u00e5gra skyldigheter. Vi [&hellip;]","og_url":"https:\/\/www.phuanita.com\/swe\/pooltak\/transport-och-forsaljningsvillkor\/","og_site_name":"PHU Anita","article_modified_time":"2023-02-28T10:18:42+00:00","twitter_card":"summary_large_image","twitter_misc":{"Est. reading time":"5 minutes"},"schema":{"@context":"https:\/\/schema.org","@graph":[{"@type":"WebPage","@id":"https:\/\/www.phuanita.com\/swe\/pooltak\/transport-och-forsaljningsvillkor\/","url":"https:\/\/www.phuanita.com\/swe\/pooltak\/transport-och-forsaljningsvillkor\/","name":"Transport \u2013 och f\u00f6rs\u00e4ljningsvillkor - PHU Anita","isPartOf":{"@id":"https:\/\/www.phuanita.com\/swe\/#website"},"datePublished":"2021-03-11T12:17:41+00:00","dateModified":"2023-02-28T10:18:42+00:00","breadcrumb":{"@id":"https:\/\/www.phuanita.com\/swe\/pooltak\/transport-och-forsaljningsvillkor\/#breadcrumb"},"inLanguage":"en-US","potentialAction":[{"@type":"ReadAction","target":["https:\/\/www.phuanita.com\/swe\/pooltak\/transport-och-forsaljningsvillkor\/"]}]},{"@type":"BreadcrumbList","@id":"https:\/\/www.phuanita.com\/swe\/pooltak\/transport-och-forsaljningsvillkor\/#breadcrumb","itemListElement":[{"@type":"ListItem","position":1,"name":"Strona g\u0142\u00f3wna","item":"https:\/\/www.phuanita.com\/swe\/"},{"@type":"ListItem","position":2,"name":"Pooltak","item":"https:\/\/www.phuanita.com\/swe\/pooltak\/"},{"@type":"ListItem","position":3,"name":"Transport \u2013 och f\u00f6rs\u00e4ljningsvillkor"}]},{"@type":"WebSite","@id":"https:\/\/www.phuanita.com\/swe\/#website","url":"https:\/\/www.phuanita.com\/swe\/","name":"PHU Anita","description":"","potentialAction":[{"@type":"SearchAction","target":{"@type":"EntryPoint","urlTemplate":"https:\/\/www.phuanita.com\/swe\/?s={search_term_string}"},"query-input":{"@type":"PropertyValueSpecification","valueRequired":true,"valueName":"search_term_string"}}],"inLanguage":"en-US"}]}},"_links":{"self":[{"href":"https:\/\/www.phuanita.com\/swe\/wp-json\/wp\/v2\/pages\/4038","targetHints":{"allow":["GET"]}}],"collection":[{"href":"https:\/\/www.phuanita.com\/swe\/wp-json\/wp\/v2\/pages"}],"about":[{"href":"https:\/\/www.phuanita.com\/swe\/wp-json\/wp\/v2\/types\/page"}],"author":[{"embeddable":true,"href":"https:\/\/www.phuanita.com\/swe\/wp-json\/wp\/v2\/users\/1"}],"replies":[{"embeddable":true,"href":"https:\/\/www.phuanita.com\/swe\/wp-json\/wp\/v2\/comments?post=4038"}],"version-history":[{"count":3,"href":"https:\/\/www.phuanita.com\/swe\/wp-json\/wp\/v2\/pages\/4038\/revisions"}],"predecessor-version":[{"id":238391,"href":"https:\/\/www.phuanita.com\/swe\/wp-json\/wp\/v2\/pages\/4038\/revisions\/238391"}],"up":[{"embeddable":true,"href":"https:\/\/www.phuanita.com\/swe\/wp-json\/wp\/v2\/pages\/99"}],"wp:attachment":[{"href":"https:\/\/www.phuanita.com\/swe\/wp-json\/wp\/v2\/media?parent=4038"}],"wp:term":[{"taxonomy":"post_tag","embeddable":true,"href":"https:\/\/www.phuanita.com\/swe\/wp-json\/wp\/v2\/tags?post=4038"}],"curies":[{"name":"wp","href":"https:\/\/api.w.org\/{rel}","templated":true}]}}