{"id":332,"date":"2020-12-23T16:54:52","date_gmt":"2020-12-23T15:54:52","guid":{"rendered":"http:\/\/nowa22.phuanita.com\/?page_id=332"},"modified":"2023-02-28T12:11:34","modified_gmt":"2023-02-28T11:11:34","slug":"cookies-policy","status":"publish","type":"page","link":"https:\/\/www.phuanita.com\/swe\/cookies-policy\/","title":{"rendered":"Cookies policy"},"content":{"rendered":"<p>[et_pb_section fb_built=&#8221;1&#8243; _builder_version=&#8221;4.16&#8243; global_colors_info=&#8221;{}&#8221;][et_pb_row _builder_version=&#8221;4.16&#8243; background_size=&#8221;initial&#8221; background_position=&#8221;top_left&#8221; background_repeat=&#8221;repeat&#8221; global_colors_info=&#8221;{}&#8221;][et_pb_column type=&#8221;4_4&#8243; _builder_version=&#8221;4.16&#8243; custom_padding=&#8221;|||&#8221; global_colors_info=&#8221;{}&#8221; custom_padding__hover=&#8221;|||&#8221;][et_pb_post_title meta=&#8221;off&#8221; featured_image=&#8221;off&#8221; _builder_version=&#8221;4.16&#8243; _module_preset=&#8221;default&#8221; global_colors_info=&#8221;{}&#8221;][\/et_pb_post_title][et_pb_text _builder_version=&#8221;4.20.0&#8243; background_size=&#8221;initial&#8221; background_position=&#8221;top_left&#8221; background_repeat=&#8221;repeat&#8221; global_colors_info=&#8221;{}&#8221;]<\/p>\n<h3>Introduktion<\/h3>\n<p>Denna cookiepolicy f\u00f6rklarar vad cookies \u00e4r och hur vi anv\u00e4nder dem. Du b\u00f6r l\u00e4sa denna policy f\u00f6r att f\u00f6rst\u00e5 vad cookies \u00e4r, hur vi anv\u00e4nder dem, vilka typer av cookies vi anv\u00e4nder, dvs informationen vi samlar in med hj\u00e4lp av cookies och hur denna information anv\u00e4nds och hur du kontrollerar din cookie-preferenscookie. F\u00f6r mer information om hur vi anv\u00e4nder, lagrar och skyddar dina personuppgifter, se v\u00e5r integritetspolicy.<\/p>\n<p>Du kan n\u00e4r som helst \u00e4ndra eller \u00e5terkalla ditt samtycke fr\u00e5n Cookie-deklarationen p\u00e5 v\u00e5r webbplats.<br \/>L\u00e4s mer om vilka vi \u00e4r, hur du kan kontakta oss och hur vi behandlar personuppgifter i v\u00e5r Integritetspolicy.<br \/>Ditt samtycke g\u00e4ller f\u00f6r f\u00f6ljande dom\u00e4ner: www.phuanita.com<\/p>\n<p>[user_consent_state]<\/p>\n<div>\n<p>&nbsp;<\/p>\n<p>[cookie_settings]<\/p>\n<p>&nbsp;<\/p>\n<\/div>\n<h3>Vad \u00e4r cookies?<\/h3>\n<p>Cookies \u00e4r sm\u00e5 textfiler som anv\u00e4nds f\u00f6r att lagra sm\u00e5 bitar av information. Cookies lagras p\u00e5 din enhet n\u00e4r webbplatsen laddas i din webbl\u00e4sare. Dessa cookies hj\u00e4lper oss att f\u00e5 webbplatsen att fungera korrekt, att g\u00f6ra webbplatsen s\u00e4krare, att ge en b\u00e4ttre anv\u00e4ndarupplevelse och att f\u00f6rst\u00e5 hur webbplatsen fungerar och att analysera vad som fungerar och var den beh\u00f6ver f\u00f6rb\u00e4ttras.<\/p>\n<h3>Hur anv\u00e4nder vi cookies?<\/h3>\n<p>Liksom de flesta onlinetj\u00e4nster anv\u00e4nder v\u00e5r webbplats f\u00f6rstapartscookies och tredjepartscookies f\u00f6r ett antal syften. F\u00f6rstapartscookies \u00e4r oftast n\u00f6dv\u00e4ndiga f\u00f6r att webbplatsen ska fungera korrekt och samlar inte in n\u00e5gon personlig information om Dig.<\/p>\n<p>Tredjepartscookies som anv\u00e4nds p\u00e5 v\u00e5ra webbplatser anv\u00e4nds huvudsakligen f\u00f6r att f\u00f6rst\u00e5 hur webbplatsen fungerar, hur du interagerar med v\u00e5r webbplats, vi h\u00e5ller v\u00e5ra tj\u00e4nster s\u00e4kra, levererar annonser som \u00e4r relevanta f\u00f6r Dig och ger totalt sett b\u00e4ttre och f\u00f6rb\u00e4ttrad anv\u00e4ndarupplevelse och g\u00f6r det snabbare. upp framtida interaktioner med v\u00e5r webbplats.<\/p>\n<h3>Vilken typ av cookies anv\u00e4nder vi?<\/h3>\n<p>De cookies som anv\u00e4nds p\u00e5 v\u00e5r webbplats \u00e4r grupperade i f\u00f6ljande kategorier.<\/p>\n<div>[cookie_category]<\/div>\n<div>\u00a0<\/div>\n<div>Listan nedan ger detaljerad information om de cookies som anv\u00e4nds p\u00e5 v\u00e5r webbplats.<\/div>\n<div>\u00a0<\/div>\n<div>[cookie_audit_category columns=&#8221;cookie,description&#8221;]<\/div>\n<div>\u00a0<\/div>\n<h3>Hur kan jag kontrollera mina cookie-preferenser?<\/h3>\n<p>Du kan hantera dina cookie-inst\u00e4llningar genom att klicka p\u00e5 knappen &#8220;Inst\u00e4llningar&#8221; och aktivera eller inaktivera cookie-kategorier i popup-f\u00f6nstret enligt dina preferenser.<\/p>\n<p>[cookie_settings]<\/p>\n<p>&nbsp;<\/p>\n<div>\n<p>Om du best\u00e4mmer Dig f\u00f6r att \u00e4ndra dina inst\u00e4llningar senare under din surfsession, kan du klicka p\u00e5 fliken &#8220;Sekretess- och cookiepolicy&#8221; p\u00e5 sk\u00e4rmen. Detta kommer att visa samtyckesinformationen igen, vilket g\u00f6r att du kan \u00e4ndra dina preferenser eller dra tillbaka ditt samtycke helt.<\/p>\n<p>Dessutom erbjuder olika webbl\u00e4sare olika metoder f\u00f6r att blockera och ta bort cookies som anv\u00e4nds av webbplatser. Du kan \u00e4ndra dina webbl\u00e4sarinst\u00e4llningar f\u00f6r att blockera\/ta bort cookies. F\u00f6r att l\u00e4ra Dig mer om att hantera och ta bort cookies, bes\u00f6k wikipedia.org, www.allaboutcookies.org.<\/p>\n<\/div>\n<p>[\/et_pb_text][\/et_pb_column][\/et_pb_row][\/et_pb_section]<\/p>\n","protected":false},"excerpt":{"rendered":"<p>Introduktion Denna cookiepolicy f\u00f6rklarar vad cookies \u00e4r och hur vi anv\u00e4nder dem. Du b\u00f6r l\u00e4sa denna policy f\u00f6r att f\u00f6rst\u00e5 vad cookies \u00e4r, hur vi anv\u00e4nder dem, vilka typer av cookies vi anv\u00e4nder, dvs informationen vi samlar in med hj\u00e4lp av cookies och hur denna information anv\u00e4nds och hur du kontrollerar din cookie-preferenscookie. F\u00f6r mer [&hellip;]<\/p>\n","protected":false},"author":1,"featured_media":0,"parent":0,"menu_order":0,"comment_status":"closed","ping_status":"closed","template":"","meta":{"_et_pb_use_builder":"on","_et_pb_old_content":"<p><strong>Czym s\u0105 pliki cookies?<\/strong><\/p><p style=\"text-align: justify;\">W witrynach internetowych stosowane s\u0105 zaawansowane i u\u017cyteczne techniki, dzi\u0119ki kt\u00f3rym obs\u0142uga stron jest \u0142atwiejsza, a ich zawarto\u015b\u0107 \u2014 interesuj\u0105ca dla u\u017cytkownik\u00f3w. Jedn\u0105 z bardziej rozpowszechnionych technik s\u0105 pliki cookie. Mog\u0105 one by\u0107 stosowane przez w\u0142a\u015bciciela witryny lub inne firmy \u2014 na przyk\u0142ad przez reklamodawc\u00f3w czy firmy analityczne gromadz\u0105ce dane ze statystyk \u2014 kt\u00f3re komunikuj\u0105 si\u0119 za po\u015brednictwem odwiedzanej witryny. Pliki cookies potocznie w j\u0119zyku polskim zwane s\u0105 ciasteczkami.<\/p><p><strong>Do czego u\u017cywamy plik\u00f3w cookies?<\/strong><\/p><p style=\"text-align: justify;\">Pliki cookies u\u017cywane s\u0105 w celach sesyjnych: umo\u017cliwiaj\u0105 informowanie gdy u\u017cytkownik jest zalogowany, dzi\u0119ki czemu witryna mo\u017ce pokazywa\u0107 odpowiednie informacje i funkcje, jak r\u00f3wnie\u017c w celach dostosowania zawarto\u015bci stron internetowych do preferencji u\u017cytkownika oraz optymalizacji korzystania ze stron internetowych. Pr\u00f3cz tego pliki cookies u\u017cywane s\u0105 w celu tworzenia anonimowych statystyk, kt\u00f3re pomagaj\u0105 zrozumie\u0107 w jaki spos\u00f3b u\u017cytkownik korzysta ze stron internetowych, co umo\u017cliwia ulepszanie ich struktury i zawarto\u015bci. Pliki \u201ecookies\u201d nie s\u0142u\u017c\u0105 nam do identyfikacji personalnej u\u017cytkownika.<\/p><p><strong>Usuwanie plik\u00f3w cookies<\/strong><\/p><p style=\"text-align: justify;\">Standardowo oprogramowanie s\u0142u\u017c\u0105ce do przegl\u0105dania stron internetowych (przegl\u0105darki internetowej) domy\u015blnie dopuszcza umieszczanie plik\u00f3w cookies na urz\u0105dzeniu ko\u0144cowym (komputer, tablet). Ustawienia te mog\u0105 zosta\u0107 zmienione w taki spos\u00f3b, aby blokowa\u0107 automatyczn\u0105 obs\u0142ug\u0119 plik\u00f3w cookies w ustawieniach przegl\u0105darki internetowej b\u0105d\u017a informowa\u0107 o ich ka\u017cdorazowym przes\u0142aniu na urz\u0105dzenie u\u017cytkownika.<\/p><p style=\"text-align: justify;\">Szczeg\u00f3\u0142owe informacje o mo\u017cliwo\u015bci i sposobach obs\u0142ugi plik\u00f3w cookies dost\u0119pne s\u0105 w ustawieniach danego oprogramowania. Ograniczenie stosowania plik\u00f3w cookies mo\u017ce wp\u0142yn\u0105\u0107 na niekt\u00f3re funkcjonalno\u015bci dost\u0119pne na stronie internetowej (brak mo\u017cliwo\u015bci logowania oraz zapami\u0119tywania ustawie\u0144 u\u017cytkownika).<\/p><p style=\"text-align: justify;\">Wi\u0119cej informacji dotycz\u0105cych blokowania \"ciasteczek\" mo\u017cna znale\u017a\u0107 na tych stronach:\u00a0<a style=\"color: #21759b;\" href=\"http:\/\/pl.wikipedia.org\/wiki\/Ciasteczko#Blokowanie_ciasteczek\" target=\"_blank\" rel=\"noopener\">Wikipedia<\/a>\u00a0oraz\u00a0<a style=\"color: #21759b;\" href=\"https:\/\/www.google.pl\/search?q=wy%C5%82%C4%85czanie+cookie+w+przegl%C4%85darkach\" target=\"_blank\" rel=\"noopener\">Google<\/a><\/p>","_et_gb_content_width":"","footnotes":""},"tags":[],"class_list":["post-332","page","type-page","status-publish","hentry"],"yoast_head":"<!-- This site is optimized with the Yoast SEO plugin v27.5 - https:\/\/yoast.com\/product\/yoast-seo-wordpress\/ -->\n<title>Cookies policy - PHU Anita<\/title>\n<meta name=\"robots\" content=\"index, follow, max-snippet:-1, max-image-preview:large, max-video-preview:-1\" \/>\n<link rel=\"canonical\" href=\"https:\/\/www.phuanita.com\/swe\/cookies-policy\/\" \/>\n<meta property=\"og:locale\" content=\"en_US\" \/>\n<meta property=\"og:type\" content=\"article\" \/>\n<meta property=\"og:title\" content=\"Cookies policy - PHU Anita\" \/>\n<meta property=\"og:description\" content=\"Introduktion Denna cookiepolicy f\u00f6rklarar vad cookies \u00e4r och hur vi anv\u00e4nder dem. Du b\u00f6r l\u00e4sa denna policy f\u00f6r att f\u00f6rst\u00e5 vad cookies \u00e4r, hur vi anv\u00e4nder dem, vilka typer av cookies vi anv\u00e4nder, dvs informationen vi samlar in med hj\u00e4lp av cookies och hur denna information anv\u00e4nds och hur du kontrollerar din cookie-preferenscookie. F\u00f6r mer [&hellip;]\" \/>\n<meta property=\"og:url\" content=\"https:\/\/www.phuanita.com\/swe\/cookies-policy\/\" \/>\n<meta property=\"og:site_name\" content=\"PHU Anita\" \/>\n<meta property=\"article:modified_time\" content=\"2023-02-28T11:11:34+00:00\" \/>\n<meta name=\"twitter:card\" content=\"summary_large_image\" \/>\n<meta name=\"twitter:label1\" content=\"Est. reading time\" \/>\n\t<meta name=\"twitter:data1\" content=\"3 minutes\" \/>\n<script type=\"application\/ld+json\" class=\"yoast-schema-graph\">{\"@context\":\"https:\\\/\\\/schema.org\",\"@graph\":[{\"@type\":\"WebPage\",\"@id\":\"https:\\\/\\\/www.phuanita.com\\\/swe\\\/cookies-policy\\\/\",\"url\":\"https:\\\/\\\/www.phuanita.com\\\/swe\\\/cookies-policy\\\/\",\"name\":\"Cookies policy - PHU Anita\",\"isPartOf\":{\"@id\":\"https:\\\/\\\/www.phuanita.com\\\/swe\\\/#website\"},\"datePublished\":\"2020-12-23T15:54:52+00:00\",\"dateModified\":\"2023-02-28T11:11:34+00:00\",\"breadcrumb\":{\"@id\":\"https:\\\/\\\/www.phuanita.com\\\/swe\\\/cookies-policy\\\/#breadcrumb\"},\"inLanguage\":\"en-US\",\"potentialAction\":[{\"@type\":\"ReadAction\",\"target\":[\"https:\\\/\\\/www.phuanita.com\\\/swe\\\/cookies-policy\\\/\"]}]},{\"@type\":\"BreadcrumbList\",\"@id\":\"https:\\\/\\\/www.phuanita.com\\\/swe\\\/cookies-policy\\\/#breadcrumb\",\"itemListElement\":[{\"@type\":\"ListItem\",\"position\":1,\"name\":\"Strona g\u0142\u00f3wna\",\"item\":\"https:\\\/\\\/www.phuanita.com\\\/swe\\\/\"},{\"@type\":\"ListItem\",\"position\":2,\"name\":\"Cookies policy\"}]},{\"@type\":\"WebSite\",\"@id\":\"https:\\\/\\\/www.phuanita.com\\\/swe\\\/#website\",\"url\":\"https:\\\/\\\/www.phuanita.com\\\/swe\\\/\",\"name\":\"PHU Anita\",\"description\":\"\",\"potentialAction\":[{\"@type\":\"SearchAction\",\"target\":{\"@type\":\"EntryPoint\",\"urlTemplate\":\"https:\\\/\\\/www.phuanita.com\\\/swe\\\/?s={search_term_string}\"},\"query-input\":{\"@type\":\"PropertyValueSpecification\",\"valueRequired\":true,\"valueName\":\"search_term_string\"}}],\"inLanguage\":\"en-US\"}]}<\/script>\n<!-- \/ Yoast SEO plugin. -->","yoast_head_json":{"title":"Cookies policy - PHU Anita","robots":{"index":"index","follow":"follow","max-snippet":"max-snippet:-1","max-image-preview":"max-image-preview:large","max-video-preview":"max-video-preview:-1"},"canonical":"https:\/\/www.phuanita.com\/swe\/cookies-policy\/","og_locale":"en_US","og_type":"article","og_title":"Cookies policy - PHU Anita","og_description":"Introduktion Denna cookiepolicy f\u00f6rklarar vad cookies \u00e4r och hur vi anv\u00e4nder dem. Du b\u00f6r l\u00e4sa denna policy f\u00f6r att f\u00f6rst\u00e5 vad cookies \u00e4r, hur vi anv\u00e4nder dem, vilka typer av cookies vi anv\u00e4nder, dvs informationen vi samlar in med hj\u00e4lp av cookies och hur denna information anv\u00e4nds och hur du kontrollerar din cookie-preferenscookie. F\u00f6r mer [&hellip;]","og_url":"https:\/\/www.phuanita.com\/swe\/cookies-policy\/","og_site_name":"PHU Anita","article_modified_time":"2023-02-28T11:11:34+00:00","twitter_card":"summary_large_image","twitter_misc":{"Est. reading time":"3 minutes"},"schema":{"@context":"https:\/\/schema.org","@graph":[{"@type":"WebPage","@id":"https:\/\/www.phuanita.com\/swe\/cookies-policy\/","url":"https:\/\/www.phuanita.com\/swe\/cookies-policy\/","name":"Cookies policy - PHU Anita","isPartOf":{"@id":"https:\/\/www.phuanita.com\/swe\/#website"},"datePublished":"2020-12-23T15:54:52+00:00","dateModified":"2023-02-28T11:11:34+00:00","breadcrumb":{"@id":"https:\/\/www.phuanita.com\/swe\/cookies-policy\/#breadcrumb"},"inLanguage":"en-US","potentialAction":[{"@type":"ReadAction","target":["https:\/\/www.phuanita.com\/swe\/cookies-policy\/"]}]},{"@type":"BreadcrumbList","@id":"https:\/\/www.phuanita.com\/swe\/cookies-policy\/#breadcrumb","itemListElement":[{"@type":"ListItem","position":1,"name":"Strona g\u0142\u00f3wna","item":"https:\/\/www.phuanita.com\/swe\/"},{"@type":"ListItem","position":2,"name":"Cookies policy"}]},{"@type":"WebSite","@id":"https:\/\/www.phuanita.com\/swe\/#website","url":"https:\/\/www.phuanita.com\/swe\/","name":"PHU Anita","description":"","potentialAction":[{"@type":"SearchAction","target":{"@type":"EntryPoint","urlTemplate":"https:\/\/www.phuanita.com\/swe\/?s={search_term_string}"},"query-input":{"@type":"PropertyValueSpecification","valueRequired":true,"valueName":"search_term_string"}}],"inLanguage":"en-US"}]}},"_links":{"self":[{"href":"https:\/\/www.phuanita.com\/swe\/wp-json\/wp\/v2\/pages\/332","targetHints":{"allow":["GET"]}}],"collection":[{"href":"https:\/\/www.phuanita.com\/swe\/wp-json\/wp\/v2\/pages"}],"about":[{"href":"https:\/\/www.phuanita.com\/swe\/wp-json\/wp\/v2\/types\/page"}],"author":[{"embeddable":true,"href":"https:\/\/www.phuanita.com\/swe\/wp-json\/wp\/v2\/users\/1"}],"replies":[{"embeddable":true,"href":"https:\/\/www.phuanita.com\/swe\/wp-json\/wp\/v2\/comments?post=332"}],"version-history":[{"count":3,"href":"https:\/\/www.phuanita.com\/swe\/wp-json\/wp\/v2\/pages\/332\/revisions"}],"predecessor-version":[{"id":238462,"href":"https:\/\/www.phuanita.com\/swe\/wp-json\/wp\/v2\/pages\/332\/revisions\/238462"}],"wp:attachment":[{"href":"https:\/\/www.phuanita.com\/swe\/wp-json\/wp\/v2\/media?parent=332"}],"wp:term":[{"taxonomy":"post_tag","embeddable":true,"href":"https:\/\/www.phuanita.com\/swe\/wp-json\/wp\/v2\/tags?post=332"}],"curies":[{"name":"wp","href":"https:\/\/api.w.org\/{rel}","templated":true}]}}