{"id":2837,"date":"2021-02-18T22:19:18","date_gmt":"2021-02-18T21:19:18","guid":{"rendered":"http:\/\/nowa22.phuanita.com\/?page_id=2837"},"modified":"2025-05-13T16:32:46","modified_gmt":"2025-05-13T14:32:46","slug":"allmanna-villkor","status":"publish","type":"page","link":"https:\/\/www.phuanita.com\/swe\/var-pool-teknologi\/allmanna-villkor\/","title":{"rendered":"Allm\u00e4nna villkor"},"content":{"rendered":"<p>[et_pb_section fb_built=&#8221;1&#8243; _builder_version=&#8221;4.16&#8243; _module_preset=&#8221;default&#8221; locked=&#8221;off&#8221; global_colors_info=&#8221;{}&#8221;][et_pb_row _builder_version=&#8221;4.16&#8243; _module_preset=&#8221;default&#8221; custom_margin=&#8221;||0px||false|false&#8221; custom_padding=&#8221;||0px||false|false&#8221; global_colors_info=&#8221;{}&#8221;][et_pb_column type=&#8221;4_4&#8243; _builder_version=&#8221;4.16&#8243; _module_preset=&#8221;default&#8221; global_colors_info=&#8221;{}&#8221;][et_pb_post_title meta=&#8221;off&#8221; featured_image=&#8221;off&#8221; _builder_version=&#8221;4.16&#8243; _module_preset=&#8221;default&#8221; global_colors_info=&#8221;{}&#8221;][\/et_pb_post_title][\/et_pb_column][\/et_pb_row][et_pb_row _builder_version=&#8221;4.16&#8243; _module_preset=&#8221;default&#8221; global_colors_info=&#8221;{}&#8221;][et_pb_column type=&#8221;4_4&#8243; _builder_version=&#8221;4.16&#8243; _module_preset=&#8221;default&#8221; global_colors_info=&#8221;{}&#8221;][et_pb_text _builder_version=&#8221;4.27.4&#8243; _module_preset=&#8221;default&#8221; hover_enabled=&#8221;0&#8243; global_colors_info=&#8221;{}&#8221; sticky_enabled=&#8221;0&#8243;]<\/p>\n<h3>BEST\u00c4LLNING, PRISER OCH BETALNING<\/h3>\n<p>Varje kund f\u00e5r en detaljerad offert f\u00f6r en vald produkt. Efter att ha granskat erbjudandet och uttryckt villigheten att best\u00e4lla produkten skickar kunden sin data och leveransadress. S\u00e4ljaren skapar en order och skickar ett e-postmeddelande till kunden, ordern \u00e4r giltig som ett k\u00f6peavtal.<\/p>\n<p>Varje artikel anges inklusive moms (utom f\u00f6r f\u00f6retagsf\u00f6rs\u00e4ljning), frakt tillkommer. Betalnings- och leveransvillkoren anges i best\u00e4llningen<\/p>\n<p>Fraktvillkoren anges i best\u00e4llningen.<\/p>\n<h3>\u200bR\u00e4tten att dra sig ur kontrakten<\/h3>\n<p>N\u00e5gra av v\u00e5ra produkter: pooler, takl\u00e4ggning av pooler, utvald poolutrustning \u00e4r skr\u00e4ddarsydda produkter. Produkterna tillverkas enligt kundernas \u00f6nskem\u00e5l, som specificeras med varje best\u00e4llning (storlek, modell, f\u00e4rg, speciell f\u00f6rberedelse f\u00f6r montering), detta g\u00e4ller \u00e4ven alla produkter som finns i lager f\u00f6r omedelbar leverans.<\/p>\n<p>Kundens r\u00e4tt att s\u00e4ga upp avtalet (\u00e5terkallningsperiod) g\u00e4ller i 14 dagar. \u00c5ngerfristen b\u00f6rjar den dag d\u00e5 kunden har best\u00e4lld produkten eller en v\u00e4sentlig del av den. Om avtalet g\u00e4ller en specialtillverkad produkt \u2013 eller f\u00f6r en produkt som \u00e4r tydligt anpassad, b\u00f6rjar \u00e5ngerfristen fr\u00e5n och med orderdatumet och g\u00e4ller i 7 dagar.<\/p>\n<p>Du har ingen r\u00e4tt att s\u00e4ga upp avtalet om:<\/p>\n<p>Tj\u00e4nsten lanseras under uttagsperioden med ditt samtycke, priset beror p\u00e5 fluktuationer p\u00e5 den finansiella marknaden, t.ex. Lager, produkt, p\u00e5 grund av sin natur, kan inte returneras, f\u00f6rseglingen har brutits p\u00e5 ljud- eller videoinspelningar eller datorprogram. T\u00e4tning g\u00e4ller \u00e4ven tekniska t\u00e4tningar.<\/p>\n<p>N\u00e4r du utnyttjade din \u00e5ngerr\u00e4tt:<\/p>\n<p>Du \u00e4r ansvarig f\u00f6r att h\u00e5lla produkten i det skick du fick den. Du kan inte anv\u00e4nda den, men naturligtvis, granska den noggrant. Om produkten skadas eller g\u00e5r f\u00f6rlorad p\u00e5 grund av v\u00e5rdsl\u00f6shet f\u00f6rlorar du din \u00e5ngerr\u00e4tt.<\/p>\n<h3>GARANTIER OCH SERVICE<\/h3>\n<p>\u00bb\u00a0<a href=\"https:\/\/www.phuanita.com\/swe\/glasfiber-swimmingpooler\/garanti\/\">G\u00e5 till garantisidan.<\/a><\/p>\n<h3>PRIVATPOLITIK<\/h3>\n<p>\u201cN\u00e4r du g\u00f6r en best\u00e4llning hos oss anger du dina uppgifter \/. I samband med registrering och best\u00e4llning samtycker du till att vi lagrar och anv\u00e4nder dina uppgifter i v\u00e5rt f\u00f6retag f\u00f6r att genomf\u00f6ra avtalet med Dig. I enlighet med personuppgiftslagen, de har r\u00e4tt att f\u00e5 information om Dig registrerad av oss. Om de \u00e4r felaktiga, ofullst\u00e4ndiga eller irrelevanta kan du beg\u00e4ra att informationen korrigeras eller raderas. I s\u00e5 fall kontakta oss via e-post. \u201c<\/p>\n<h3>LEVERANS<\/h3>\n<p>Leveranstiden anges i best\u00e4llningen f\u00f6r varje fraktmetod. Om artikeln har olika leveranstid markeras den bredvid varje artikel.<\/p>\n<p>Alla v\u00e5ra pooler klassificeras som specialiserade, \u00f6verdimensionerade varor som transporteras av specialfordon som styrs av andra fordon. De f\u00e5r endast f\u00e4rdas p\u00e5 v\u00e4gar inom vissa tidsramar och efter att ha erh\u00e5llit l\u00e4mpliga betalda resetillst\u00e5nd.<\/p>\n<p>Vid leveransf\u00f6rseningar orsakade av faktorer utanf\u00f6r v\u00e5r kontroll f\u00f6rbeh\u00e5ller vi oss r\u00e4tten att \u00e4ndra leveransdatumet.<br \/>Vi ansvarar inte f\u00f6r n\u00e5gra kostnader i samband med f\u00f6rsenad leverans.<\/p>\n<h3>\u00c5TERV\u00c4NDER<\/h3>\n<p>Returer g\u00f6rs p\u00e5 egen bekostnad, s\u00e5vida inte artikeln \u00e4r skadad eller felaktigt f\u00f6rpackad. Returer ska skickas med brev eller paket, inte kontant vid leverans. Vid utbyte betalar vi en ny leverans fr\u00e5n oss till Dig.<\/p>\n<p>Efter att ha utnyttjat din \u00e5ngerr\u00e4tt m\u00e5ste du:<\/p>\n<p>f\u00f6r artikeln: skicka tillbaka den eller skicka tillbaka den till oss<\/p>\n<p>vid en tj\u00e4nst: h\u00e5ll materialet tillg\u00e4ngligt f\u00f6r oss, s\u00e5vida det inte orsakar besv\u00e4r f\u00f6r Dig.<\/p>\n<p>\u00c5terbetalningsskyldighet:<\/p>\n<p>Om du har utnyttjat din \u00e5ngerr\u00e4tt kommer vi att \u00e5terbetala det betalade beloppet f\u00f6r produkten s\u00e5 snart som m\u00f6jligt och senast 30 dagar fr\u00e5n det datum d\u00e5 vi mottog produkten eller, om det \u00e4r en tj\u00e4nst, ett meddelande om att du har \u00e5ngrat det. Du m\u00e5ste sj\u00e4lv betala returkostnaden n\u00e4r du returnerar varan. Vi b\u00e4r alltid kostnaderna f\u00f6r att returnera s\u00e5 kallade ers\u00e4ttningsvaror.<\/p>\n<p>Se \u00e4ven lagen om konsumentbyr\u00e5 och lagen om distansavtal samt den gemensamma EU-webbplatsen f\u00f6r tvistl\u00f6sning http:\/\/ec.europa.eu\/odr.<\/p>\n<p>[\/et_pb_text][\/et_pb_column][\/et_pb_row][\/et_pb_section]<\/p>\n","protected":false},"excerpt":{"rendered":"<p>BEST\u00c4LLNING, PRISER OCH BETALNING Varje kund f\u00e5r en detaljerad offert f\u00f6r en vald produkt. Efter att ha granskat erbjudandet och uttryckt villigheten att best\u00e4lla produkten skickar kunden sin data och leveransadress. S\u00e4ljaren skapar en order och skickar ett e-postmeddelande till kunden, ordern \u00e4r giltig som ett k\u00f6peavtal. Varje artikel anges inklusive moms (utom f\u00f6r f\u00f6retagsf\u00f6rs\u00e4ljning), [&hellip;]<\/p>\n","protected":false},"author":1,"featured_media":0,"parent":46,"menu_order":0,"comment_status":"closed","ping_status":"closed","template":"","meta":{"_et_pb_use_builder":"on","_et_pb_old_content":"","_et_gb_content_width":"","footnotes":""},"tags":[],"class_list":["post-2837","page","type-page","status-publish","hentry"],"yoast_head":"<!-- This site is optimized with the Yoast SEO plugin v27.5 - https:\/\/yoast.com\/product\/yoast-seo-wordpress\/ -->\n<title>Allm\u00e4nna villkor - PHU Anita<\/title>\n<meta name=\"robots\" content=\"index, follow, max-snippet:-1, max-image-preview:large, max-video-preview:-1\" \/>\n<link rel=\"canonical\" href=\"https:\/\/www.phuanita.com\/swe\/var-pool-teknologi\/allmanna-villkor\/\" \/>\n<meta property=\"og:locale\" content=\"en_US\" \/>\n<meta property=\"og:type\" content=\"article\" \/>\n<meta property=\"og:title\" content=\"Allm\u00e4nna villkor - PHU Anita\" \/>\n<meta property=\"og:description\" content=\"BEST\u00c4LLNING, PRISER OCH BETALNING Varje kund f\u00e5r en detaljerad offert f\u00f6r en vald produkt. Efter att ha granskat erbjudandet och uttryckt villigheten att best\u00e4lla produkten skickar kunden sin data och leveransadress. S\u00e4ljaren skapar en order och skickar ett e-postmeddelande till kunden, ordern \u00e4r giltig som ett k\u00f6peavtal. Varje artikel anges inklusive moms (utom f\u00f6r f\u00f6retagsf\u00f6rs\u00e4ljning), [&hellip;]\" \/>\n<meta property=\"og:url\" content=\"https:\/\/www.phuanita.com\/swe\/var-pool-teknologi\/allmanna-villkor\/\" \/>\n<meta property=\"og:site_name\" content=\"PHU Anita\" \/>\n<meta property=\"article:modified_time\" content=\"2025-05-13T14:32:46+00:00\" \/>\n<meta name=\"twitter:card\" content=\"summary_large_image\" \/>\n<meta name=\"twitter:label1\" content=\"Est. reading time\" \/>\n\t<meta name=\"twitter:data1\" content=\"3 minutes\" \/>\n<script type=\"application\/ld+json\" class=\"yoast-schema-graph\">{\"@context\":\"https:\\\/\\\/schema.org\",\"@graph\":[{\"@type\":\"WebPage\",\"@id\":\"https:\\\/\\\/www.phuanita.com\\\/swe\\\/var-pool-teknologi\\\/allmanna-villkor\\\/\",\"url\":\"https:\\\/\\\/www.phuanita.com\\\/swe\\\/var-pool-teknologi\\\/allmanna-villkor\\\/\",\"name\":\"Allm\u00e4nna villkor - PHU Anita\",\"isPartOf\":{\"@id\":\"https:\\\/\\\/www.phuanita.com\\\/swe\\\/#website\"},\"datePublished\":\"2021-02-18T21:19:18+00:00\",\"dateModified\":\"2025-05-13T14:32:46+00:00\",\"breadcrumb\":{\"@id\":\"https:\\\/\\\/www.phuanita.com\\\/swe\\\/var-pool-teknologi\\\/allmanna-villkor\\\/#breadcrumb\"},\"inLanguage\":\"en-US\",\"potentialAction\":[{\"@type\":\"ReadAction\",\"target\":[\"https:\\\/\\\/www.phuanita.com\\\/swe\\\/var-pool-teknologi\\\/allmanna-villkor\\\/\"]}]},{\"@type\":\"BreadcrumbList\",\"@id\":\"https:\\\/\\\/www.phuanita.com\\\/swe\\\/var-pool-teknologi\\\/allmanna-villkor\\\/#breadcrumb\",\"itemListElement\":[{\"@type\":\"ListItem\",\"position\":1,\"name\":\"Strona g\u0142\u00f3wna\",\"item\":\"https:\\\/\\\/www.phuanita.com\\\/swe\\\/\"},{\"@type\":\"ListItem\",\"position\":2,\"name\":\"V\u00e5r pool teknologi\",\"item\":\"https:\\\/\\\/www.phuanita.com\\\/swe\\\/var-pool-teknologi\\\/\"},{\"@type\":\"ListItem\",\"position\":3,\"name\":\"Allm\u00e4nna villkor\"}]},{\"@type\":\"WebSite\",\"@id\":\"https:\\\/\\\/www.phuanita.com\\\/swe\\\/#website\",\"url\":\"https:\\\/\\\/www.phuanita.com\\\/swe\\\/\",\"name\":\"PHU Anita\",\"description\":\"\",\"potentialAction\":[{\"@type\":\"SearchAction\",\"target\":{\"@type\":\"EntryPoint\",\"urlTemplate\":\"https:\\\/\\\/www.phuanita.com\\\/swe\\\/?s={search_term_string}\"},\"query-input\":{\"@type\":\"PropertyValueSpecification\",\"valueRequired\":true,\"valueName\":\"search_term_string\"}}],\"inLanguage\":\"en-US\"}]}<\/script>\n<!-- \/ Yoast SEO plugin. -->","yoast_head_json":{"title":"Allm\u00e4nna villkor - PHU Anita","robots":{"index":"index","follow":"follow","max-snippet":"max-snippet:-1","max-image-preview":"max-image-preview:large","max-video-preview":"max-video-preview:-1"},"canonical":"https:\/\/www.phuanita.com\/swe\/var-pool-teknologi\/allmanna-villkor\/","og_locale":"en_US","og_type":"article","og_title":"Allm\u00e4nna villkor - PHU Anita","og_description":"BEST\u00c4LLNING, PRISER OCH BETALNING Varje kund f\u00e5r en detaljerad offert f\u00f6r en vald produkt. Efter att ha granskat erbjudandet och uttryckt villigheten att best\u00e4lla produkten skickar kunden sin data och leveransadress. S\u00e4ljaren skapar en order och skickar ett e-postmeddelande till kunden, ordern \u00e4r giltig som ett k\u00f6peavtal. Varje artikel anges inklusive moms (utom f\u00f6r f\u00f6retagsf\u00f6rs\u00e4ljning), [&hellip;]","og_url":"https:\/\/www.phuanita.com\/swe\/var-pool-teknologi\/allmanna-villkor\/","og_site_name":"PHU Anita","article_modified_time":"2025-05-13T14:32:46+00:00","twitter_card":"summary_large_image","twitter_misc":{"Est. reading time":"3 minutes"},"schema":{"@context":"https:\/\/schema.org","@graph":[{"@type":"WebPage","@id":"https:\/\/www.phuanita.com\/swe\/var-pool-teknologi\/allmanna-villkor\/","url":"https:\/\/www.phuanita.com\/swe\/var-pool-teknologi\/allmanna-villkor\/","name":"Allm\u00e4nna villkor - PHU Anita","isPartOf":{"@id":"https:\/\/www.phuanita.com\/swe\/#website"},"datePublished":"2021-02-18T21:19:18+00:00","dateModified":"2025-05-13T14:32:46+00:00","breadcrumb":{"@id":"https:\/\/www.phuanita.com\/swe\/var-pool-teknologi\/allmanna-villkor\/#breadcrumb"},"inLanguage":"en-US","potentialAction":[{"@type":"ReadAction","target":["https:\/\/www.phuanita.com\/swe\/var-pool-teknologi\/allmanna-villkor\/"]}]},{"@type":"BreadcrumbList","@id":"https:\/\/www.phuanita.com\/swe\/var-pool-teknologi\/allmanna-villkor\/#breadcrumb","itemListElement":[{"@type":"ListItem","position":1,"name":"Strona g\u0142\u00f3wna","item":"https:\/\/www.phuanita.com\/swe\/"},{"@type":"ListItem","position":2,"name":"V\u00e5r pool teknologi","item":"https:\/\/www.phuanita.com\/swe\/var-pool-teknologi\/"},{"@type":"ListItem","position":3,"name":"Allm\u00e4nna villkor"}]},{"@type":"WebSite","@id":"https:\/\/www.phuanita.com\/swe\/#website","url":"https:\/\/www.phuanita.com\/swe\/","name":"PHU Anita","description":"","potentialAction":[{"@type":"SearchAction","target":{"@type":"EntryPoint","urlTemplate":"https:\/\/www.phuanita.com\/swe\/?s={search_term_string}"},"query-input":{"@type":"PropertyValueSpecification","valueRequired":true,"valueName":"search_term_string"}}],"inLanguage":"en-US"}]}},"_links":{"self":[{"href":"https:\/\/www.phuanita.com\/swe\/wp-json\/wp\/v2\/pages\/2837","targetHints":{"allow":["GET"]}}],"collection":[{"href":"https:\/\/www.phuanita.com\/swe\/wp-json\/wp\/v2\/pages"}],"about":[{"href":"https:\/\/www.phuanita.com\/swe\/wp-json\/wp\/v2\/types\/page"}],"author":[{"embeddable":true,"href":"https:\/\/www.phuanita.com\/swe\/wp-json\/wp\/v2\/users\/1"}],"replies":[{"embeddable":true,"href":"https:\/\/www.phuanita.com\/swe\/wp-json\/wp\/v2\/comments?post=2837"}],"version-history":[{"count":3,"href":"https:\/\/www.phuanita.com\/swe\/wp-json\/wp\/v2\/pages\/2837\/revisions"}],"predecessor-version":[{"id":239430,"href":"https:\/\/www.phuanita.com\/swe\/wp-json\/wp\/v2\/pages\/2837\/revisions\/239430"}],"up":[{"embeddable":true,"href":"https:\/\/www.phuanita.com\/swe\/wp-json\/wp\/v2\/pages\/46"}],"wp:attachment":[{"href":"https:\/\/www.phuanita.com\/swe\/wp-json\/wp\/v2\/media?parent=2837"}],"wp:term":[{"taxonomy":"post_tag","embeddable":true,"href":"https:\/\/www.phuanita.com\/swe\/wp-json\/wp\/v2\/tags?post=2837"}],"curies":[{"name":"wp","href":"https:\/\/api.w.org\/{rel}","templated":true}]}}