{"id":239928,"date":"2025-11-14T09:14:38","date_gmt":"2025-11-14T08:14:38","guid":{"rendered":"https:\/\/www.phuanita.com\/swe\/?page_id=239928"},"modified":"2025-11-14T09:14:41","modified_gmt":"2025-11-14T08:14:41","slug":"lagringsavgifter","status":"publish","type":"page","link":"https:\/\/www.phuanita.com\/swe\/sparelax\/lagringsavgifter\/","title":{"rendered":"Lagringsavgifter"},"content":{"rendered":"<p>[et_pb_section fb_built=&#8221;1&#8243; disabled_on=&#8221;on|on|off&#8221; _builder_version=&#8221;4.19.4&#8243; _module_preset=&#8221;default&#8221; custom_margin=&#8221;0px||0px||true|false&#8221; custom_padding=&#8221;0px||0px||true|false&#8221; locked=&#8221;off&#8221; global_colors_info=&#8221;{}&#8221;][et_pb_row use_custom_gutter=&#8221;on&#8221; gutter_width=&#8221;1&#8243; _builder_version=&#8221;4.19.4&#8243; _module_preset=&#8221;default&#8221; width=&#8221;100%&#8221; max_width=&#8221;100%&#8221; custom_margin=&#8221;0px||0px||true|false&#8221; custom_padding=&#8221;0px||0px||true|false&#8221; global_colors_info=&#8221;{}&#8221;][et_pb_column type=&#8221;4_4&#8243; _builder_version=&#8221;4.19.4&#8243; _module_preset=&#8221;default&#8221; global_colors_info=&#8221;{}&#8221;][et_pb_image src=&#8221;https:\/\/www.phuanita.com\/swe\/wp-content\/uploads\/2023\/01\/naglowek-wanny-spa3.jpg&#8221; title_text=&#8221;naglowek-wanny-spa3&#8243; align=&#8221;center&#8221; force_fullwidth=&#8221;on&#8221; _builder_version=&#8221;4.19.4&#8243; _module_preset=&#8221;default&#8221; custom_padding=&#8221;0px||0px||true|false&#8221; global_colors_info=&#8221;{}&#8221;][\/et_pb_image][\/et_pb_column][\/et_pb_row][\/et_pb_section][et_pb_section fb_built=&#8221;1&#8243; _builder_version=&#8221;4.16&#8243; _module_preset=&#8221;default&#8221; locked=&#8221;off&#8221; global_colors_info=&#8221;{}&#8221;][et_pb_row _builder_version=&#8221;4.16&#8243; _module_preset=&#8221;default&#8221; global_colors_info=&#8221;{}&#8221;][et_pb_column type=&#8221;4_4&#8243; _builder_version=&#8221;4.16&#8243; _module_preset=&#8221;default&#8221; global_colors_info=&#8221;{}&#8221;][et_pb_post_title meta=&#8221;off&#8221; featured_image=&#8221;off&#8221; _builder_version=&#8221;4.16&#8243; _module_preset=&#8221;default&#8221; global_colors_info=&#8221;{}&#8221;][\/et_pb_post_title][\/et_pb_column][\/et_pb_row][et_pb_row _builder_version=&#8221;4.16&#8243; _module_preset=&#8221;default&#8221; locked=&#8221;off&#8221; global_colors_info=&#8221;{}&#8221;][et_pb_column type=&#8221;4_4&#8243; _builder_version=&#8221;4.16&#8243; _module_preset=&#8221;default&#8221; global_colors_info=&#8221;{}&#8221;][et_pb_text _builder_version=&#8221;4.27.4&#8243; _module_preset=&#8221;default&#8221; hover_enabled=&#8221;0&#8243; global_colors_info=&#8221;{}&#8221; sticky_enabled=&#8221;0&#8243;]<\/p>\n<p>Avgifterna f\u00f6r f\u00f6rvaring och bevakning i ett slutet omr\u00e5de (&#8220;lagringskostnader&#8221;) av PHU ANITA IMPORTEXPORT ANITA PI\u0141AT f\u00f6r varor som inte h\u00e4mtats av kunder p\u00e5 grund av sk\u00e4l som kan h\u00e4nf\u00f6ras till kunderna \u00e5r 2025 \u00e4r f\u00f6ljande:<\/p>\n<ol>\n<li>F\u00f6r artiklar som simbass\u00e4ngutrustning, inklusive filter, pumpar, v\u00e4rmev\u00e4xlare, v\u00e4rmare, kollektorer, massageapparater, simbass\u00e4ngskydd, minispaskydd, utomhusspaskydd och poolutrustningsbrunnar:<br \/>&#8211; 2,00 PLN (tv\u00e5 zloty, 00\/100 groszy) brutto per m\u00b2 (en kvadratmeter) internt f\u00f6rvaringsutrymme per dag (&#8220;dagspris&#8221;) f\u00f6r artiklar of\u00f6rpackade eller f\u00f6rpackade, f\u00f6rvarade i t\u00e4ckta f\u00f6rvaringsutrymmen vars h\u00f6jd inte \u00f6verstiger 1 m (en meter),<br \/>&#8211; 7,50 PLN (sju zloty, 50\/100 groszy) brutto per m\u00b3 (en kvadratmeter) kubikmeter) internt f\u00f6rvaringsutrymme per dag (&#8220;dagspris&#8221;) f\u00f6r artiklar of\u00f6rpackade eller f\u00f6rpackade, f\u00f6rvarade i t\u00e4ckta f\u00f6rvaringsutrymmen som \u00f6verstiger 1 m (en meter) i h\u00f6jd.<br \/>&#8211; Lagringsavgiften (lagringskostnaden) ber\u00e4knas som produkten av dagspriset och den yta eller det utrymme som f\u00f6rem\u00e5let upptar (beroende p\u00e5 f\u00f6rem\u00e5lets m\u00e5tt\/utomhusspa);<\/li>\n<li>F\u00f6r f\u00f6rem\u00e5l som utomhusspabad eller minispapooler: <br \/>&#8211; PLN 40,00 (fyrtio zloty, 00\/100 groszy) brutto per dag (&#8220;dagspris&#8221;);<\/li>\n<li>F\u00f6r f\u00f6rem\u00e5l som simbass\u00e4nger (bass\u00e4ngbass\u00e4nger): <br \/>&#8211; PLN 50,00 (femtio zloty, 00\/100 groszy) brutto per dag (&#8220;dagspris&#8221;).<\/li>\n<\/ol>\n<p>Lagringskostnader debiteras f\u00f6r f\u00f6rem\u00e5l som inte h\u00e4mtas eller inte levereras p\u00e5 grund av orsaker som kan h\u00e4nf\u00f6ras till kunden.<\/p>\n<p>[\/et_pb_text][\/et_pb_column][\/et_pb_row][\/et_pb_section]<\/p>\n","protected":false},"excerpt":{"rendered":"<p>Avgifterna f\u00f6r f\u00f6rvaring och bevakning i ett slutet omr\u00e5de (&#8220;lagringskostnader&#8221;) av PHU ANITA IMPORTEXPORT ANITA PI\u0141AT f\u00f6r varor som inte h\u00e4mtats av kunder p\u00e5 grund av sk\u00e4l som kan h\u00e4nf\u00f6ras till kunderna \u00e5r 2025 \u00e4r f\u00f6ljande: F\u00f6r artiklar som simbass\u00e4ngutrustning, inklusive filter, pumpar, v\u00e4rmev\u00e4xlare, v\u00e4rmare, kollektorer, massageapparater, simbass\u00e4ngskydd, minispaskydd, utomhusspaskydd och poolutrustningsbrunnar:- 2,00 PLN (tv\u00e5 [&hellip;]<\/p>\n","protected":false},"author":1,"featured_media":0,"parent":105,"menu_order":0,"comment_status":"closed","ping_status":"closed","template":"","meta":{"_et_pb_use_builder":"on","_et_pb_old_content":"","_et_gb_content_width":"","footnotes":""},"tags":[],"class_list":["post-239928","page","type-page","status-publish","hentry"],"yoast_head":"<!-- This site is optimized with the Yoast SEO plugin v27.5 - https:\/\/yoast.com\/product\/yoast-seo-wordpress\/ -->\n<title>Lagringsavgifter - PHU Anita<\/title>\n<meta name=\"robots\" content=\"index, follow, max-snippet:-1, max-image-preview:large, max-video-preview:-1\" \/>\n<link rel=\"canonical\" href=\"https:\/\/www.phuanita.com\/swe\/sparelax\/lagringsavgifter\/\" \/>\n<meta property=\"og:locale\" content=\"en_US\" \/>\n<meta property=\"og:type\" content=\"article\" \/>\n<meta property=\"og:title\" content=\"Lagringsavgifter - PHU Anita\" \/>\n<meta property=\"og:description\" content=\"Avgifterna f\u00f6r f\u00f6rvaring och bevakning i ett slutet omr\u00e5de (&quot;lagringskostnader&quot;) av PHU ANITA IMPORTEXPORT ANITA PI\u0141AT f\u00f6r varor som inte h\u00e4mtats av kunder p\u00e5 grund av sk\u00e4l som kan h\u00e4nf\u00f6ras till kunderna \u00e5r 2025 \u00e4r f\u00f6ljande: F\u00f6r artiklar som simbass\u00e4ngutrustning, inklusive filter, pumpar, v\u00e4rmev\u00e4xlare, v\u00e4rmare, kollektorer, massageapparater, simbass\u00e4ngskydd, minispaskydd, utomhusspaskydd och poolutrustningsbrunnar:- 2,00 PLN (tv\u00e5 [&hellip;]\" \/>\n<meta property=\"og:url\" content=\"https:\/\/www.phuanita.com\/swe\/sparelax\/lagringsavgifter\/\" \/>\n<meta property=\"og:site_name\" content=\"PHU Anita\" \/>\n<meta property=\"article:modified_time\" content=\"2025-11-14T08:14:41+00:00\" \/>\n<meta name=\"twitter:card\" content=\"summary_large_image\" \/>\n<meta name=\"twitter:label1\" content=\"Est. reading time\" \/>\n\t<meta name=\"twitter:data1\" content=\"2 minutes\" \/>\n<script type=\"application\/ld+json\" class=\"yoast-schema-graph\">{\"@context\":\"https:\\\/\\\/schema.org\",\"@graph\":[{\"@type\":\"WebPage\",\"@id\":\"https:\\\/\\\/www.phuanita.com\\\/swe\\\/sparelax\\\/lagringsavgifter\\\/\",\"url\":\"https:\\\/\\\/www.phuanita.com\\\/swe\\\/sparelax\\\/lagringsavgifter\\\/\",\"name\":\"Lagringsavgifter - PHU Anita\",\"isPartOf\":{\"@id\":\"https:\\\/\\\/www.phuanita.com\\\/swe\\\/#website\"},\"datePublished\":\"2025-11-14T08:14:38+00:00\",\"dateModified\":\"2025-11-14T08:14:41+00:00\",\"breadcrumb\":{\"@id\":\"https:\\\/\\\/www.phuanita.com\\\/swe\\\/sparelax\\\/lagringsavgifter\\\/#breadcrumb\"},\"inLanguage\":\"en-US\",\"potentialAction\":[{\"@type\":\"ReadAction\",\"target\":[\"https:\\\/\\\/www.phuanita.com\\\/swe\\\/sparelax\\\/lagringsavgifter\\\/\"]}]},{\"@type\":\"BreadcrumbList\",\"@id\":\"https:\\\/\\\/www.phuanita.com\\\/swe\\\/sparelax\\\/lagringsavgifter\\\/#breadcrumb\",\"itemListElement\":[{\"@type\":\"ListItem\",\"position\":1,\"name\":\"Strona g\u0142\u00f3wna\",\"item\":\"https:\\\/\\\/www.phuanita.com\\\/swe\\\/\"},{\"@type\":\"ListItem\",\"position\":2,\"name\":\"SpaRelax \u00e4r EN NY GENERATION\",\"item\":\"https:\\\/\\\/www.phuanita.com\\\/swe\\\/sparelax\\\/\"},{\"@type\":\"ListItem\",\"position\":3,\"name\":\"Lagringsavgifter\"}]},{\"@type\":\"WebSite\",\"@id\":\"https:\\\/\\\/www.phuanita.com\\\/swe\\\/#website\",\"url\":\"https:\\\/\\\/www.phuanita.com\\\/swe\\\/\",\"name\":\"PHU Anita\",\"description\":\"\",\"potentialAction\":[{\"@type\":\"SearchAction\",\"target\":{\"@type\":\"EntryPoint\",\"urlTemplate\":\"https:\\\/\\\/www.phuanita.com\\\/swe\\\/?s={search_term_string}\"},\"query-input\":{\"@type\":\"PropertyValueSpecification\",\"valueRequired\":true,\"valueName\":\"search_term_string\"}}],\"inLanguage\":\"en-US\"}]}<\/script>\n<!-- \/ Yoast SEO plugin. -->","yoast_head_json":{"title":"Lagringsavgifter - PHU Anita","robots":{"index":"index","follow":"follow","max-snippet":"max-snippet:-1","max-image-preview":"max-image-preview:large","max-video-preview":"max-video-preview:-1"},"canonical":"https:\/\/www.phuanita.com\/swe\/sparelax\/lagringsavgifter\/","og_locale":"en_US","og_type":"article","og_title":"Lagringsavgifter - PHU Anita","og_description":"Avgifterna f\u00f6r f\u00f6rvaring och bevakning i ett slutet omr\u00e5de (\"lagringskostnader\") av PHU ANITA IMPORTEXPORT ANITA PI\u0141AT f\u00f6r varor som inte h\u00e4mtats av kunder p\u00e5 grund av sk\u00e4l som kan h\u00e4nf\u00f6ras till kunderna \u00e5r 2025 \u00e4r f\u00f6ljande: F\u00f6r artiklar som simbass\u00e4ngutrustning, inklusive filter, pumpar, v\u00e4rmev\u00e4xlare, v\u00e4rmare, kollektorer, massageapparater, simbass\u00e4ngskydd, minispaskydd, utomhusspaskydd och poolutrustningsbrunnar:- 2,00 PLN (tv\u00e5 [&hellip;]","og_url":"https:\/\/www.phuanita.com\/swe\/sparelax\/lagringsavgifter\/","og_site_name":"PHU Anita","article_modified_time":"2025-11-14T08:14:41+00:00","twitter_card":"summary_large_image","twitter_misc":{"Est. reading time":"2 minutes"},"schema":{"@context":"https:\/\/schema.org","@graph":[{"@type":"WebPage","@id":"https:\/\/www.phuanita.com\/swe\/sparelax\/lagringsavgifter\/","url":"https:\/\/www.phuanita.com\/swe\/sparelax\/lagringsavgifter\/","name":"Lagringsavgifter - PHU Anita","isPartOf":{"@id":"https:\/\/www.phuanita.com\/swe\/#website"},"datePublished":"2025-11-14T08:14:38+00:00","dateModified":"2025-11-14T08:14:41+00:00","breadcrumb":{"@id":"https:\/\/www.phuanita.com\/swe\/sparelax\/lagringsavgifter\/#breadcrumb"},"inLanguage":"en-US","potentialAction":[{"@type":"ReadAction","target":["https:\/\/www.phuanita.com\/swe\/sparelax\/lagringsavgifter\/"]}]},{"@type":"BreadcrumbList","@id":"https:\/\/www.phuanita.com\/swe\/sparelax\/lagringsavgifter\/#breadcrumb","itemListElement":[{"@type":"ListItem","position":1,"name":"Strona g\u0142\u00f3wna","item":"https:\/\/www.phuanita.com\/swe\/"},{"@type":"ListItem","position":2,"name":"SpaRelax \u00e4r EN NY GENERATION","item":"https:\/\/www.phuanita.com\/swe\/sparelax\/"},{"@type":"ListItem","position":3,"name":"Lagringsavgifter"}]},{"@type":"WebSite","@id":"https:\/\/www.phuanita.com\/swe\/#website","url":"https:\/\/www.phuanita.com\/swe\/","name":"PHU Anita","description":"","potentialAction":[{"@type":"SearchAction","target":{"@type":"EntryPoint","urlTemplate":"https:\/\/www.phuanita.com\/swe\/?s={search_term_string}"},"query-input":{"@type":"PropertyValueSpecification","valueRequired":true,"valueName":"search_term_string"}}],"inLanguage":"en-US"}]}},"_links":{"self":[{"href":"https:\/\/www.phuanita.com\/swe\/wp-json\/wp\/v2\/pages\/239928","targetHints":{"allow":["GET"]}}],"collection":[{"href":"https:\/\/www.phuanita.com\/swe\/wp-json\/wp\/v2\/pages"}],"about":[{"href":"https:\/\/www.phuanita.com\/swe\/wp-json\/wp\/v2\/types\/page"}],"author":[{"embeddable":true,"href":"https:\/\/www.phuanita.com\/swe\/wp-json\/wp\/v2\/users\/1"}],"replies":[{"embeddable":true,"href":"https:\/\/www.phuanita.com\/swe\/wp-json\/wp\/v2\/comments?post=239928"}],"version-history":[{"count":3,"href":"https:\/\/www.phuanita.com\/swe\/wp-json\/wp\/v2\/pages\/239928\/revisions"}],"predecessor-version":[{"id":239932,"href":"https:\/\/www.phuanita.com\/swe\/wp-json\/wp\/v2\/pages\/239928\/revisions\/239932"}],"up":[{"embeddable":true,"href":"https:\/\/www.phuanita.com\/swe\/wp-json\/wp\/v2\/pages\/105"}],"wp:attachment":[{"href":"https:\/\/www.phuanita.com\/swe\/wp-json\/wp\/v2\/media?parent=239928"}],"wp:term":[{"taxonomy":"post_tag","embeddable":true,"href":"https:\/\/www.phuanita.com\/swe\/wp-json\/wp\/v2\/tags?post=239928"}],"curies":[{"name":"wp","href":"https:\/\/api.w.org\/{rel}","templated":true}]}}