{"id":236459,"date":"2022-12-08T09:11:44","date_gmt":"2022-12-08T08:11:44","guid":{"rendered":"https:\/\/nowa22.phuanita.com\/?page_id=236459"},"modified":"2022-12-08T09:11:44","modified_gmt":"2022-12-08T08:11:44","slug":"rodo","status":"publish","type":"page","link":"https:\/\/www.phuanita.com\/swe\/rodo\/","title":{"rendered":"RODO"},"content":{"rendered":"<p>Adres naszej strony internetowej to phuanita.com<\/p>\n<p><b>Ochrona danych osobowych<\/b>:<\/p>\n<p>Wype\u0142niaj\u0105c obowi\u0105zki informacyjne wynikaj\u0105ce z Rozporz\u0105dzenia Parlamentu Europejskiego i Rady (UE) 2016\/679 z dnia 27 kwietnia 2016 r. w sprawie ochrony os\u00f3b fizycznych w zwi\u0105zku z przetwarzaniem danych osobowych i w sprawie swobodnego przep\u0142ywu takich danych oraz uchylenia dyrektywy 95\/46\/WE (og\u00f3lne rozporz\u0105dzenie o ochronie danych) (Dz.Urz. UE L 119 z 4.05.2016, str. 1) chcieliby\u015bmy Pa\u0144stwa poinformowa\u0107, \u017ce dane osobowe znajduj\u0105ce si\u0119 w naszej bazie s\u0105 zabezpieczone i chronione zgodnie z obowi\u0105zuj\u0105cymi przepisami.<\/p>\n<h2>Administrator Danych Osobowych<\/h2>\n<p>Administratorem Pa\u0144stwa Danych Osobowych jest: PHU  ANITA IMPORT-EXPORT ANITA PI\u0141AT, NIP: 9591634510, ul. Radomska 41, 26-634 G\u00f3zd.<\/p>\n<h2>Kontakt z Administratorem Danych Osobowych<\/h2>\n<p>Jeste\u015bmy do Pa\u0144stwa dyspozycji \u2013 korespondencj\u0119 prosimy kierowa\u0107: PHU  ANITA IMPORT-EXPORT ANITA PI\u0141AT, ul. Radomska 41, 26-634 G\u00f3zd, patrycja.baseny@wp.pl, tel. 793 802 072.<\/p>\n<h2>Gdzie i w jaki spos\u00f3b przetwarzamy dane<\/h2>\n<p>Cz\u0119\u015b\u0107 danych przechowujemy w formie elektronicznej w bazie danych naszej strony internetowej. Pozosta\u0142e dane przechowywane s\u0105 przy zastosowaniu aktualnie wykorzystywanego oprogramowania do zarz\u0105dzania poczt\u0105 e-mail.<\/p>\n<h2>Gromadzone dane, Zasady Przetwarzania<\/h2>\n<p>Przechowujemy dane, kt\u00f3re od Pa\u0144stwa otrzymujemy na potrzeby kontaktu, wys\u0142ania tre\u015bci marketingowych lub wystawienia faktury.<\/p>\n<h2>Zgoda na przetwarzanie danych<\/h2>\n<p>Podanie danych osobowych oraz zgoda na ich przetwarzanie jest zawsze dobrowolna.<\/p>\n<h2>Przechowywanie danych osobowych<\/h2>\n<p>Pa\u0144stwa dane b\u0119dziemy przetwarza\u0107 tylko przez okres, w kt\u00f3rym b\u0119dziemy mie\u0107 ku temu podstaw\u0119 prawn\u0105, a wi\u0119c do momentu, w kt\u00f3rym:<\/p>\n<ol>\n<li>Przestanie ci\u0105\u017cy\u0107 na nas obowi\u0105zek prawny, zobowi\u0105zuj\u0105cy nas do przetwarzania Pa\u0144stwa danych.<\/li>\n<li>Zgod\u0119 na przetwarzanie danych zostanie cofni\u0119ta.<\/li>\n<\/ol>\n<h2>Uprawnienia os\u00f3b, kt\u00f3rych dane przetwarzamy<\/h2>\n<p>Z zastrze\u017ceniem ogranicze\u0144 wynikaj\u0105cych z RODO i innych przepis\u00f3w prawa, posiadacie Pa\u0144stwo prawo dost\u0119pu do tre\u015bci swoich danych osobowych oraz prawo ich sprostowania, usuni\u0119cia, ograniczenia przetwarzania, prawo do przenoszenia danych osobowych, prawo wniesienia sprzeciwu, a tak\u017ce prawo do cofni\u0119cia zgody w dowolnym momencie je\u017celi przetwarzanie odbywa si\u0119 na podstawie wyra\u017conej przez Pa\u0144stwa zgody. Posiadacie Pa\u0144stwo r\u00f3wnie\u017c prawo wniesienia skargi do organu nadzorczego.<\/p>\n<h2>Zabezpieczenie Danych Osobowych<\/h2>\n<p>Administrator o\u015bwiadcza, \u017ce zapewnia odpowiednie \u015brodki techniczne i organizacyjne w celu zapewnienia ochrony przetwarzania danych osobowych. Ponadto dane osobowe zabezpieczone s\u0105 przed dost\u0119pem os\u00f3b nieupowa\u017cnionych, przetwarzaniem danych osobowych z naruszeniem prawa oraz zmian\u0105, utrat\u0105 lub zniszczeniem.<\/p>\n","protected":false},"excerpt":{"rendered":"<p>Adres naszej strony internetowej to phuanita.com Ochrona danych osobowych: Wype\u0142niaj\u0105c obowi\u0105zki informacyjne wynikaj\u0105ce z Rozporz\u0105dzenia Parlamentu Europejskiego i Rady (UE) 2016\/679 z dnia 27 kwietnia 2016 r. w sprawie ochrony os\u00f3b fizycznych w zwi\u0105zku z przetwarzaniem danych osobowych i w sprawie swobodnego przep\u0142ywu takich danych oraz uchylenia dyrektywy 95\/46\/WE (og\u00f3lne rozporz\u0105dzenie o ochronie danych) (Dz.Urz. [&hellip;]<\/p>\n","protected":false},"author":1,"featured_media":0,"parent":0,"menu_order":0,"comment_status":"closed","ping_status":"closed","template":"","meta":{"_et_pb_use_builder":"","_et_pb_old_content":"","_et_gb_content_width":"","footnotes":""},"tags":[],"class_list":["post-236459","page","type-page","status-publish","hentry"],"yoast_head":"<!-- This site is optimized with the Yoast SEO plugin v27.5 - https:\/\/yoast.com\/product\/yoast-seo-wordpress\/ -->\n<title>RODO - PHU Anita<\/title>\n<meta name=\"robots\" content=\"index, follow, max-snippet:-1, max-image-preview:large, max-video-preview:-1\" \/>\n<link rel=\"canonical\" href=\"https:\/\/www.phuanita.com\/swe\/rodo\/\" \/>\n<meta property=\"og:locale\" content=\"en_US\" \/>\n<meta property=\"og:type\" content=\"article\" \/>\n<meta property=\"og:title\" content=\"RODO - PHU Anita\" \/>\n<meta property=\"og:description\" content=\"Adres naszej strony internetowej to phuanita.com Ochrona danych osobowych: Wype\u0142niaj\u0105c obowi\u0105zki informacyjne wynikaj\u0105ce z Rozporz\u0105dzenia Parlamentu Europejskiego i Rady (UE) 2016\/679 z dnia 27 kwietnia 2016 r. w sprawie ochrony os\u00f3b fizycznych w zwi\u0105zku z przetwarzaniem danych osobowych i w sprawie swobodnego przep\u0142ywu takich danych oraz uchylenia dyrektywy 95\/46\/WE (og\u00f3lne rozporz\u0105dzenie o ochronie danych) (Dz.Urz. [&hellip;]\" \/>\n<meta property=\"og:url\" content=\"https:\/\/www.phuanita.com\/swe\/rodo\/\" \/>\n<meta property=\"og:site_name\" content=\"PHU Anita\" \/>\n<meta name=\"twitter:card\" content=\"summary_large_image\" \/>\n<meta name=\"twitter:label1\" content=\"Est. reading time\" \/>\n\t<meta name=\"twitter:data1\" content=\"3 minutes\" \/>\n<script type=\"application\/ld+json\" class=\"yoast-schema-graph\">{\"@context\":\"https:\\\/\\\/schema.org\",\"@graph\":[{\"@type\":\"WebPage\",\"@id\":\"https:\\\/\\\/www.phuanita.com\\\/swe\\\/rodo\\\/\",\"url\":\"https:\\\/\\\/www.phuanita.com\\\/swe\\\/rodo\\\/\",\"name\":\"RODO - PHU Anita\",\"isPartOf\":{\"@id\":\"https:\\\/\\\/www.phuanita.com\\\/swe\\\/#website\"},\"datePublished\":\"2022-12-08T08:11:44+00:00\",\"breadcrumb\":{\"@id\":\"https:\\\/\\\/www.phuanita.com\\\/swe\\\/rodo\\\/#breadcrumb\"},\"inLanguage\":\"en-US\",\"potentialAction\":[{\"@type\":\"ReadAction\",\"target\":[\"https:\\\/\\\/www.phuanita.com\\\/swe\\\/rodo\\\/\"]}]},{\"@type\":\"BreadcrumbList\",\"@id\":\"https:\\\/\\\/www.phuanita.com\\\/swe\\\/rodo\\\/#breadcrumb\",\"itemListElement\":[{\"@type\":\"ListItem\",\"position\":1,\"name\":\"Strona g\u0142\u00f3wna\",\"item\":\"https:\\\/\\\/www.phuanita.com\\\/swe\\\/\"},{\"@type\":\"ListItem\",\"position\":2,\"name\":\"RODO\"}]},{\"@type\":\"WebSite\",\"@id\":\"https:\\\/\\\/www.phuanita.com\\\/swe\\\/#website\",\"url\":\"https:\\\/\\\/www.phuanita.com\\\/swe\\\/\",\"name\":\"PHU Anita\",\"description\":\"\",\"potentialAction\":[{\"@type\":\"SearchAction\",\"target\":{\"@type\":\"EntryPoint\",\"urlTemplate\":\"https:\\\/\\\/www.phuanita.com\\\/swe\\\/?s={search_term_string}\"},\"query-input\":{\"@type\":\"PropertyValueSpecification\",\"valueRequired\":true,\"valueName\":\"search_term_string\"}}],\"inLanguage\":\"en-US\"}]}<\/script>\n<!-- \/ Yoast SEO plugin. -->","yoast_head_json":{"title":"RODO - PHU Anita","robots":{"index":"index","follow":"follow","max-snippet":"max-snippet:-1","max-image-preview":"max-image-preview:large","max-video-preview":"max-video-preview:-1"},"canonical":"https:\/\/www.phuanita.com\/swe\/rodo\/","og_locale":"en_US","og_type":"article","og_title":"RODO - PHU Anita","og_description":"Adres naszej strony internetowej to phuanita.com Ochrona danych osobowych: Wype\u0142niaj\u0105c obowi\u0105zki informacyjne wynikaj\u0105ce z Rozporz\u0105dzenia Parlamentu Europejskiego i Rady (UE) 2016\/679 z dnia 27 kwietnia 2016 r. w sprawie ochrony os\u00f3b fizycznych w zwi\u0105zku z przetwarzaniem danych osobowych i w sprawie swobodnego przep\u0142ywu takich danych oraz uchylenia dyrektywy 95\/46\/WE (og\u00f3lne rozporz\u0105dzenie o ochronie danych) (Dz.Urz. [&hellip;]","og_url":"https:\/\/www.phuanita.com\/swe\/rodo\/","og_site_name":"PHU Anita","twitter_card":"summary_large_image","twitter_misc":{"Est. reading time":"3 minutes"},"schema":{"@context":"https:\/\/schema.org","@graph":[{"@type":"WebPage","@id":"https:\/\/www.phuanita.com\/swe\/rodo\/","url":"https:\/\/www.phuanita.com\/swe\/rodo\/","name":"RODO - PHU Anita","isPartOf":{"@id":"https:\/\/www.phuanita.com\/swe\/#website"},"datePublished":"2022-12-08T08:11:44+00:00","breadcrumb":{"@id":"https:\/\/www.phuanita.com\/swe\/rodo\/#breadcrumb"},"inLanguage":"en-US","potentialAction":[{"@type":"ReadAction","target":["https:\/\/www.phuanita.com\/swe\/rodo\/"]}]},{"@type":"BreadcrumbList","@id":"https:\/\/www.phuanita.com\/swe\/rodo\/#breadcrumb","itemListElement":[{"@type":"ListItem","position":1,"name":"Strona g\u0142\u00f3wna","item":"https:\/\/www.phuanita.com\/swe\/"},{"@type":"ListItem","position":2,"name":"RODO"}]},{"@type":"WebSite","@id":"https:\/\/www.phuanita.com\/swe\/#website","url":"https:\/\/www.phuanita.com\/swe\/","name":"PHU Anita","description":"","potentialAction":[{"@type":"SearchAction","target":{"@type":"EntryPoint","urlTemplate":"https:\/\/www.phuanita.com\/swe\/?s={search_term_string}"},"query-input":{"@type":"PropertyValueSpecification","valueRequired":true,"valueName":"search_term_string"}}],"inLanguage":"en-US"}]}},"_links":{"self":[{"href":"https:\/\/www.phuanita.com\/swe\/wp-json\/wp\/v2\/pages\/236459","targetHints":{"allow":["GET"]}}],"collection":[{"href":"https:\/\/www.phuanita.com\/swe\/wp-json\/wp\/v2\/pages"}],"about":[{"href":"https:\/\/www.phuanita.com\/swe\/wp-json\/wp\/v2\/types\/page"}],"author":[{"embeddable":true,"href":"https:\/\/www.phuanita.com\/swe\/wp-json\/wp\/v2\/users\/1"}],"replies":[{"embeddable":true,"href":"https:\/\/www.phuanita.com\/swe\/wp-json\/wp\/v2\/comments?post=236459"}],"version-history":[{"count":2,"href":"https:\/\/www.phuanita.com\/swe\/wp-json\/wp\/v2\/pages\/236459\/revisions"}],"predecessor-version":[{"id":238463,"href":"https:\/\/www.phuanita.com\/swe\/wp-json\/wp\/v2\/pages\/236459\/revisions\/238463"}],"wp:attachment":[{"href":"https:\/\/www.phuanita.com\/swe\/wp-json\/wp\/v2\/media?parent=236459"}],"wp:term":[{"taxonomy":"post_tag","embeddable":true,"href":"https:\/\/www.phuanita.com\/swe\/wp-json\/wp\/v2\/tags?post=236459"}],"curies":[{"name":"wp","href":"https:\/\/api.w.org\/{rel}","templated":true}]}}