{"id":135,"date":"2020-12-21T18:51:03","date_gmt":"2020-12-21T17:51:03","guid":{"rendered":"http:\/\/nowa22.phuanita.com\/?page_id=135"},"modified":"2023-02-28T11:52:05","modified_gmt":"2023-02-28T10:52:05","slug":"vart-foretag","status":"publish","type":"page","link":"https:\/\/www.phuanita.com\/swe\/kontakt\/vart-foretag\/","title":{"rendered":"V\u00e5rt f\u00f6retag"},"content":{"rendered":"<p>[et_pb_section fb_built=&#8221;1&#8243; _builder_version=&#8221;4.16&#8243; _module_preset=&#8221;default&#8221; locked=&#8221;off&#8221; global_colors_info=&#8221;{}&#8221;][et_pb_row _builder_version=&#8221;4.16&#8243; _module_preset=&#8221;default&#8221; global_colors_info=&#8221;{}&#8221;][et_pb_column type=&#8221;4_4&#8243; _builder_version=&#8221;4.16&#8243; _module_preset=&#8221;default&#8221; global_colors_info=&#8221;{}&#8221;][et_pb_post_title meta=&#8221;off&#8221; featured_image=&#8221;off&#8221; _builder_version=&#8221;4.16&#8243; _module_preset=&#8221;default&#8221; global_colors_info=&#8221;{}&#8221;][\/et_pb_post_title][\/et_pb_column][\/et_pb_row][et_pb_row column_structure=&#8221;1_2,1_2&#8243; _builder_version=&#8221;4.16&#8243; _module_preset=&#8221;default&#8221; locked=&#8221;off&#8221; global_colors_info=&#8221;{}&#8221;][et_pb_column type=&#8221;1_2&#8243; _builder_version=&#8221;4.16&#8243; _module_preset=&#8221;default&#8221; global_colors_info=&#8221;{}&#8221;][et_pb_text _builder_version=&#8221;4.20.0&#8243; _module_preset=&#8221;default&#8221; hover_enabled=&#8221;0&#8243; global_colors_info=&#8221;{}&#8221; sticky_enabled=&#8221;0&#8243;]<\/p>\n<p>Vi p\u00e5 f\u00f6retaget POOLBUTIK \u00e4r ett g\u00e4ng erfarna personer som arbetar med tillverkning, f\u00f6rs\u00e4ljning och montage av swimmingpooler, pool\u00f6verbyggnader, spabad, poolutrustning, PVC-f\u00f6nster.\u00a0<\/p>\n<p>M\u00e5let f\u00f6r oss \u00e4r att kunna erbjuda kunden en snabb och helhetst\u00e4ckande service. V\u00e5r stora yrkeserfarenheten bidrar till att vi kan tillgodose alla Era \u00f6nskem\u00e5l.\u00a0<\/p>\n<p>V\u00e5r kunskap bygger ocks\u00e5 p\u00e5 erfarenheter fr\u00e5n den internationella marknaden. Det g\u00f6r att vi st\u00e4ndigt har tillg\u00e5ng till den nyaste tekniken och kan d\u00e4rf\u00f6r anpassa oss till kundens specifika behov.\u00a0<\/p>\n<p>Hj\u00e4rtligt v\u00e4lkomna till v\u00e5r hemsida, h\u00e4r kan Ni bekanta Er med v\u00e5r offert, se p\u00e5 utf\u00f6rda referensprojekt samt f\u00e5 svar p\u00e5 alla Era fr\u00e5gor.<\/p>\n<p>\u200b<\/p>\n<p>[\/et_pb_text][\/et_pb_column][et_pb_column type=&#8221;1_2&#8243; _builder_version=&#8221;4.16&#8243; _module_preset=&#8221;default&#8221; global_colors_info=&#8221;{}&#8221;][et_pb_gallery gallery_ids=&#8221;235689,235690&#8243; show_title_and_caption=&#8221;off&#8221; show_pagination=&#8221;off&#8221; zoom_icon_color=&#8221;#ffffff&#8221; hover_overlay_color=&#8221;rgba(0,0,0,0.2)&#8221; hover_icon=&#8221;&#x55;||divi||400&#8243; _builder_version=&#8221;4.20.0&#8243; _module_preset=&#8221;default&#8221; custom_margin=&#8221;||0px||false|false&#8221; custom_padding=&#8221;||0px|||&#8221; global_colors_info=&#8221;{}&#8221;][\/et_pb_gallery][et_pb_image src=&#8221;https:\/\/www.phuanita.com\/swe\/wp-content\/uploads\/2023\/02\/firma.jpg&#8221; title_text=&#8221;firma&#8221; show_in_lightbox=&#8221;on&#8221; use_overlay=&#8221;on&#8221; overlay_icon_color=&#8221;#FFFFFF&#8221; hover_overlay_color=&#8221;rgba(0,0,0,0.28)&#8221; hover_icon=&#8221;&#x55;||divi||400&#8243; _builder_version=&#8221;4.20.0&#8243; _module_preset=&#8221;default&#8221; custom_margin=&#8221;0px||||false|false&#8221; custom_padding=&#8221;0px||||false|false&#8221; global_colors_info=&#8221;{}&#8221;][\/et_pb_image][\/et_pb_column][\/et_pb_row][\/et_pb_section]<\/p>\n","protected":false},"excerpt":{"rendered":"<p>Vi p\u00e5 f\u00f6retaget POOLBUTIK \u00e4r ett g\u00e4ng erfarna personer som arbetar med tillverkning, f\u00f6rs\u00e4ljning och montage av swimmingpooler, pool\u00f6verbyggnader, spabad, poolutrustning, PVC-f\u00f6nster.\u00a0 M\u00e5let f\u00f6r oss \u00e4r att kunna erbjuda kunden en snabb och helhetst\u00e4ckande service. V\u00e5r stora yrkeserfarenheten bidrar till att vi kan tillgodose alla Era \u00f6nskem\u00e5l.\u00a0 V\u00e5r kunskap bygger ocks\u00e5 p\u00e5 erfarenheter fr\u00e5n den [&hellip;]<\/p>\n","protected":false},"author":1,"featured_media":0,"parent":133,"menu_order":0,"comment_status":"closed","ping_status":"closed","template":"","meta":{"_et_pb_use_builder":"on","_et_pb_old_content":"","_et_gb_content_width":"","footnotes":""},"tags":[36],"class_list":["post-135","page","type-page","status-publish","hentry","tag-kontakt"],"yoast_head":"<!-- This site is optimized with the Yoast SEO plugin v27.5 - https:\/\/yoast.com\/product\/yoast-seo-wordpress\/ -->\n<title>V\u00e5rt f\u00f6retag - PHU Anita<\/title>\n<meta name=\"robots\" content=\"index, follow, max-snippet:-1, max-image-preview:large, max-video-preview:-1\" \/>\n<link rel=\"canonical\" href=\"https:\/\/www.phuanita.com\/swe\/kontakt\/vart-foretag\/\" \/>\n<meta property=\"og:locale\" content=\"en_US\" \/>\n<meta property=\"og:type\" content=\"article\" \/>\n<meta property=\"og:title\" content=\"V\u00e5rt f\u00f6retag - PHU Anita\" \/>\n<meta property=\"og:description\" content=\"Vi p\u00e5 f\u00f6retaget POOLBUTIK \u00e4r ett g\u00e4ng erfarna personer som arbetar med tillverkning, f\u00f6rs\u00e4ljning och montage av swimmingpooler, pool\u00f6verbyggnader, spabad, poolutrustning, PVC-f\u00f6nster.\u00a0 M\u00e5let f\u00f6r oss \u00e4r att kunna erbjuda kunden en snabb och helhetst\u00e4ckande service. V\u00e5r stora yrkeserfarenheten bidrar till att vi kan tillgodose alla Era \u00f6nskem\u00e5l.\u00a0 V\u00e5r kunskap bygger ocks\u00e5 p\u00e5 erfarenheter fr\u00e5n den [&hellip;]\" \/>\n<meta property=\"og:url\" content=\"https:\/\/www.phuanita.com\/swe\/kontakt\/vart-foretag\/\" \/>\n<meta property=\"og:site_name\" content=\"PHU Anita\" \/>\n<meta property=\"article:modified_time\" content=\"2023-02-28T10:52:05+00:00\" \/>\n<meta name=\"twitter:card\" content=\"summary_large_image\" \/>\n<meta name=\"twitter:label1\" content=\"Est. reading time\" \/>\n\t<meta name=\"twitter:data1\" content=\"1 minute\" \/>\n<script type=\"application\/ld+json\" class=\"yoast-schema-graph\">{\"@context\":\"https:\\\/\\\/schema.org\",\"@graph\":[{\"@type\":\"WebPage\",\"@id\":\"https:\\\/\\\/www.phuanita.com\\\/swe\\\/kontakt\\\/vart-foretag\\\/\",\"url\":\"https:\\\/\\\/www.phuanita.com\\\/swe\\\/kontakt\\\/vart-foretag\\\/\",\"name\":\"V\u00e5rt f\u00f6retag - PHU Anita\",\"isPartOf\":{\"@id\":\"https:\\\/\\\/www.phuanita.com\\\/swe\\\/#website\"},\"datePublished\":\"2020-12-21T17:51:03+00:00\",\"dateModified\":\"2023-02-28T10:52:05+00:00\",\"breadcrumb\":{\"@id\":\"https:\\\/\\\/www.phuanita.com\\\/swe\\\/kontakt\\\/vart-foretag\\\/#breadcrumb\"},\"inLanguage\":\"en-US\",\"potentialAction\":[{\"@type\":\"ReadAction\",\"target\":[\"https:\\\/\\\/www.phuanita.com\\\/swe\\\/kontakt\\\/vart-foretag\\\/\"]}]},{\"@type\":\"BreadcrumbList\",\"@id\":\"https:\\\/\\\/www.phuanita.com\\\/swe\\\/kontakt\\\/vart-foretag\\\/#breadcrumb\",\"itemListElement\":[{\"@type\":\"ListItem\",\"position\":1,\"name\":\"Strona g\u0142\u00f3wna\",\"item\":\"https:\\\/\\\/www.phuanita.com\\\/swe\\\/\"},{\"@type\":\"ListItem\",\"position\":2,\"name\":\"Kontakt\",\"item\":\"https:\\\/\\\/www.phuanita.com\\\/swe\\\/kontakt\\\/\"},{\"@type\":\"ListItem\",\"position\":3,\"name\":\"V\u00e5rt f\u00f6retag\"}]},{\"@type\":\"WebSite\",\"@id\":\"https:\\\/\\\/www.phuanita.com\\\/swe\\\/#website\",\"url\":\"https:\\\/\\\/www.phuanita.com\\\/swe\\\/\",\"name\":\"PHU Anita\",\"description\":\"\",\"potentialAction\":[{\"@type\":\"SearchAction\",\"target\":{\"@type\":\"EntryPoint\",\"urlTemplate\":\"https:\\\/\\\/www.phuanita.com\\\/swe\\\/?s={search_term_string}\"},\"query-input\":{\"@type\":\"PropertyValueSpecification\",\"valueRequired\":true,\"valueName\":\"search_term_string\"}}],\"inLanguage\":\"en-US\"}]}<\/script>\n<!-- \/ Yoast SEO plugin. -->","yoast_head_json":{"title":"V\u00e5rt f\u00f6retag - PHU Anita","robots":{"index":"index","follow":"follow","max-snippet":"max-snippet:-1","max-image-preview":"max-image-preview:large","max-video-preview":"max-video-preview:-1"},"canonical":"https:\/\/www.phuanita.com\/swe\/kontakt\/vart-foretag\/","og_locale":"en_US","og_type":"article","og_title":"V\u00e5rt f\u00f6retag - PHU Anita","og_description":"Vi p\u00e5 f\u00f6retaget POOLBUTIK \u00e4r ett g\u00e4ng erfarna personer som arbetar med tillverkning, f\u00f6rs\u00e4ljning och montage av swimmingpooler, pool\u00f6verbyggnader, spabad, poolutrustning, PVC-f\u00f6nster.\u00a0 M\u00e5let f\u00f6r oss \u00e4r att kunna erbjuda kunden en snabb och helhetst\u00e4ckande service. V\u00e5r stora yrkeserfarenheten bidrar till att vi kan tillgodose alla Era \u00f6nskem\u00e5l.\u00a0 V\u00e5r kunskap bygger ocks\u00e5 p\u00e5 erfarenheter fr\u00e5n den [&hellip;]","og_url":"https:\/\/www.phuanita.com\/swe\/kontakt\/vart-foretag\/","og_site_name":"PHU Anita","article_modified_time":"2023-02-28T10:52:05+00:00","twitter_card":"summary_large_image","twitter_misc":{"Est. reading time":"1 minute"},"schema":{"@context":"https:\/\/schema.org","@graph":[{"@type":"WebPage","@id":"https:\/\/www.phuanita.com\/swe\/kontakt\/vart-foretag\/","url":"https:\/\/www.phuanita.com\/swe\/kontakt\/vart-foretag\/","name":"V\u00e5rt f\u00f6retag - PHU Anita","isPartOf":{"@id":"https:\/\/www.phuanita.com\/swe\/#website"},"datePublished":"2020-12-21T17:51:03+00:00","dateModified":"2023-02-28T10:52:05+00:00","breadcrumb":{"@id":"https:\/\/www.phuanita.com\/swe\/kontakt\/vart-foretag\/#breadcrumb"},"inLanguage":"en-US","potentialAction":[{"@type":"ReadAction","target":["https:\/\/www.phuanita.com\/swe\/kontakt\/vart-foretag\/"]}]},{"@type":"BreadcrumbList","@id":"https:\/\/www.phuanita.com\/swe\/kontakt\/vart-foretag\/#breadcrumb","itemListElement":[{"@type":"ListItem","position":1,"name":"Strona g\u0142\u00f3wna","item":"https:\/\/www.phuanita.com\/swe\/"},{"@type":"ListItem","position":2,"name":"Kontakt","item":"https:\/\/www.phuanita.com\/swe\/kontakt\/"},{"@type":"ListItem","position":3,"name":"V\u00e5rt f\u00f6retag"}]},{"@type":"WebSite","@id":"https:\/\/www.phuanita.com\/swe\/#website","url":"https:\/\/www.phuanita.com\/swe\/","name":"PHU Anita","description":"","potentialAction":[{"@type":"SearchAction","target":{"@type":"EntryPoint","urlTemplate":"https:\/\/www.phuanita.com\/swe\/?s={search_term_string}"},"query-input":{"@type":"PropertyValueSpecification","valueRequired":true,"valueName":"search_term_string"}}],"inLanguage":"en-US"}]}},"_links":{"self":[{"href":"https:\/\/www.phuanita.com\/swe\/wp-json\/wp\/v2\/pages\/135","targetHints":{"allow":["GET"]}}],"collection":[{"href":"https:\/\/www.phuanita.com\/swe\/wp-json\/wp\/v2\/pages"}],"about":[{"href":"https:\/\/www.phuanita.com\/swe\/wp-json\/wp\/v2\/types\/page"}],"author":[{"embeddable":true,"href":"https:\/\/www.phuanita.com\/swe\/wp-json\/wp\/v2\/users\/1"}],"replies":[{"embeddable":true,"href":"https:\/\/www.phuanita.com\/swe\/wp-json\/wp\/v2\/comments?post=135"}],"version-history":[{"count":5,"href":"https:\/\/www.phuanita.com\/swe\/wp-json\/wp\/v2\/pages\/135\/revisions"}],"predecessor-version":[{"id":238442,"href":"https:\/\/www.phuanita.com\/swe\/wp-json\/wp\/v2\/pages\/135\/revisions\/238442"}],"up":[{"embeddable":true,"href":"https:\/\/www.phuanita.com\/swe\/wp-json\/wp\/v2\/pages\/133"}],"wp:attachment":[{"href":"https:\/\/www.phuanita.com\/swe\/wp-json\/wp\/v2\/media?parent=135"}],"wp:term":[{"taxonomy":"post_tag","embeddable":true,"href":"https:\/\/www.phuanita.com\/swe\/wp-json\/wp\/v2\/tags?post=135"}],"curies":[{"name":"wp","href":"https:\/\/api.w.org\/{rel}","templated":true}]}}