{"id":105,"date":"2020-12-21T18:43:46","date_gmt":"2020-12-21T17:43:46","guid":{"rendered":"http:\/\/nowa22.phuanita.com\/?page_id=105"},"modified":"2023-02-28T11:22:33","modified_gmt":"2023-02-28T10:22:33","slug":"sparelax","status":"publish","type":"page","link":"https:\/\/www.phuanita.com\/swe\/sparelax\/","title":{"rendered":"SpaRelax \u00e4r EN NY GENERATION"},"content":{"rendered":"<p>[et_pb_section fb_built=&#8221;1&#8243; disabled_on=&#8221;on|on|off&#8221; _builder_version=&#8221;4.19.4&#8243; _module_preset=&#8221;default&#8221; custom_margin=&#8221;0px||0px||true|false&#8221; custom_padding=&#8221;0px||0px||true|false&#8221; locked=&#8221;off&#8221; global_colors_info=&#8221;{}&#8221;][et_pb_row use_custom_gutter=&#8221;on&#8221; gutter_width=&#8221;1&#8243; _builder_version=&#8221;4.19.4&#8243; _module_preset=&#8221;default&#8221; width=&#8221;100%&#8221; max_width=&#8221;100%&#8221; custom_margin=&#8221;0px||0px||true|false&#8221; custom_padding=&#8221;0px||0px||true|false&#8221; global_colors_info=&#8221;{}&#8221;][et_pb_column type=&#8221;4_4&#8243; _builder_version=&#8221;4.19.4&#8243; _module_preset=&#8221;default&#8221; global_colors_info=&#8221;{}&#8221;][et_pb_image src=&#8221;https:\/\/www.phuanita.com\/swe\/wp-content\/uploads\/2023\/01\/naglowek-wanny-spa.jpg&#8221; title_text=&#8221;naglowek-wanny-spa&#8221; align=&#8221;center&#8221; force_fullwidth=&#8221;on&#8221; _builder_version=&#8221;4.19.4&#8243; _module_preset=&#8221;default&#8221; custom_padding=&#8221;0px||0px||true|false&#8221; global_colors_info=&#8221;{}&#8221;][\/et_pb_image][\/et_pb_column][\/et_pb_row][\/et_pb_section][et_pb_section fb_built=&#8221;1&#8243; _builder_version=&#8221;4.16&#8243; _module_preset=&#8221;default&#8221; locked=&#8221;off&#8221; global_colors_info=&#8221;{}&#8221;][et_pb_row _builder_version=&#8221;4.16&#8243; _module_preset=&#8221;default&#8221; global_colors_info=&#8221;{}&#8221;][et_pb_column type=&#8221;4_4&#8243; _builder_version=&#8221;4.16&#8243; _module_preset=&#8221;default&#8221; global_colors_info=&#8221;{}&#8221;][et_pb_post_title meta=&#8221;off&#8221; featured_image=&#8221;off&#8221; _builder_version=&#8221;4.16&#8243; _module_preset=&#8221;default&#8221; global_colors_info=&#8221;{}&#8221;][\/et_pb_post_title][et_pb_text _builder_version=&#8221;4.20.0&#8243; _module_preset=&#8221;default&#8221; hover_enabled=&#8221;0&#8243; global_colors_info=&#8221;{}&#8221; sticky_enabled=&#8221;0&#8243;]<\/p>\n<p>SpaRelax\u00a0<span class=\"alahcztery\">\u00e4r EN NY GENERATION<\/span> av utomhusbad och spa minipool skapad f\u00f6r att erbjuda Dig utm\u00e4rkt avkoppling i din egen tr\u00e4dg\u00e5rd eller hus efter en h\u00e5rd och ofta stressigt arbetsdag. <strong>SpaRelax utomhusbad \u00e4r en lyx till otroligt l\u00e5gt pris.<\/strong><\/p>\n<p>[\/et_pb_text][\/et_pb_column][\/et_pb_row][et_pb_row column_structure=&#8221;1_2,1_2&#8243; use_custom_gutter=&#8221;on&#8221; gutter_width=&#8221;2&#8243; _builder_version=&#8221;4.16&#8243; _module_preset=&#8221;default&#8221; locked=&#8221;off&#8221; global_colors_info=&#8221;{}&#8221;][et_pb_column type=&#8221;1_2&#8243; _builder_version=&#8221;4.16&#8243; _module_preset=&#8221;default&#8221; global_colors_info=&#8221;{}&#8221;][et_pb_text _builder_version=&#8221;4.20.0&#8243; _module_preset=&#8221;default&#8221; global_colors_info=&#8221;{}&#8221;]<\/p>\n<p style=\"text-align: justify;\">Standard pris f\u00f6r SpaRelax utomhusbad omfattar alla extra tillbeh\u00f6r, dvs.: rostfria dysor, ozonator, vattenlampa, termiskt skyddslock med lyftanordning, radio, h\u00f6gtalare, fina spabadsf\u00e4rger, LED crosslight belysning och m\u00f6jlighet f\u00f6r aromaterapi. Alla dessa tillbeh\u00f6r \u00e4r n\u00f6dv\u00e4ndiga f\u00f6r lyxbruk av spabad och vad blir \u00e4nnu viktigare \u2013 hos oss beh\u00f6ver du inte betala extra f\u00f6r dem \u2013 f\u00f6r de utg\u00f6r en standard utrustning.<\/p>\n<p>[\/et_pb_text][\/et_pb_column][et_pb_column type=&#8221;1_2&#8243; _builder_version=&#8221;4.16&#8243; _module_preset=&#8221;default&#8221; global_colors_info=&#8221;{}&#8221;][et_pb_gallery gallery_ids=&#8221;2998,2997&#8243; show_title_and_caption=&#8221;off&#8221; show_pagination=&#8221;off&#8221; hover_overlay_color=&#8221;rgba(255,255,255,0.19)&#8221; hover_icon=&#8221;&#x55;||divi||400&#8243; _builder_version=&#8221;4.16&#8243; _module_preset=&#8221;default&#8221; global_colors_info=&#8221;{}&#8221;][\/et_pb_gallery][et_pb_button button_url=&#8221;https:\/\/www.phuanita.com\/swe\/wanny-z-hydromasazem-nowa-generacja\/oferta-sparelax\/&#8221; button_text=&#8221;l\u00e4s mer&#8221; _builder_version=&#8221;4.19.4&#8243; _module_preset=&#8221;default&#8221; custom_margin=&#8221;||||false|false&#8221; custom_margin_tablet=&#8221;||4rem||false|false&#8221; custom_margin_phone=&#8221;||||false|false&#8221; custom_margin_last_edited=&#8221;on|tablet&#8221; custom_padding=&#8221;||||false|false&#8221; locked=&#8221;off&#8221; global_colors_info=&#8221;{}&#8221;][\/et_pb_button][\/et_pb_column][\/et_pb_row][et_pb_row column_structure=&#8221;1_2,1_2&#8243; use_custom_gutter=&#8221;on&#8221; gutter_width=&#8221;2&#8243; _builder_version=&#8221;4.16&#8243; _module_preset=&#8221;default&#8221; locked=&#8221;off&#8221; global_colors_info=&#8221;{}&#8221;][et_pb_column type=&#8221;1_2&#8243; _builder_version=&#8221;4.16&#8243; _module_preset=&#8221;default&#8221; global_colors_info=&#8221;{}&#8221;][et_pb_gallery gallery_ids=&#8221;2239,2234&#8243; show_title_and_caption=&#8221;off&#8221; show_pagination=&#8221;off&#8221; hover_overlay_color=&#8221;rgba(255,255,255,0.19)&#8221; hover_icon=&#8221;&#x55;||divi||400&#8243; _builder_version=&#8221;4.16&#8243; _module_preset=&#8221;default&#8221; global_colors_info=&#8221;{}&#8221;][\/et_pb_gallery][\/et_pb_column][et_pb_column type=&#8221;1_2&#8243; _builder_version=&#8221;4.16&#8243; _module_preset=&#8221;default&#8221; global_colors_info=&#8221;{}&#8221;][et_pb_text _builder_version=&#8221;4.20.0&#8243; _module_preset=&#8221;default&#8221; global_colors_info=&#8221;{}&#8221;]<\/p>\n<p style=\"text-align: justify;\">Man kan ber\u00e4tta mycket om hydromassagens l\u00e4kande egenskaper. Ljumt vatten i kroppens temperatur, starkt pulserande blandning av luft och vatten garanterar en energifull och vital dag sedan tidig morgon. Stort antal dysor placerade p\u00e5 ett genomt\u00e4nkt s\u00e4tt masserar utm\u00e4rkt varje kroppsdel. Ergonomiska s\u00e4ten, str\u00f6mlinjeform och enkla linjer visar utan tvivel att MagicSpa \u00e4r allt du beh\u00f6ver. Aktivt luftsystem f\u00e5r din kropp att n\u00e4stan inte v\u00e4ga n\u00e5gonting och garanterar en avkopplingsk\u00e4nsla m\u00f6jligt endast i ett SpaRelax badkar.<\/p>\n<p>[\/et_pb_text][\/et_pb_column][\/et_pb_row][et_pb_row column_structure=&#8221;1_2,1_2&#8243; _builder_version=&#8221;4.16&#8243; _module_preset=&#8221;default&#8221; locked=&#8221;off&#8221; global_colors_info=&#8221;{}&#8221;][et_pb_column type=&#8221;1_2&#8243; _builder_version=&#8221;4.16&#8243; _module_preset=&#8221;default&#8221; global_colors_info=&#8221;{}&#8221;][et_pb_text _builder_version=&#8221;4.20.0&#8243; _module_preset=&#8221;default&#8221; global_colors_info=&#8221;{}&#8221;]<\/p>\n<p style=\"text-align: justify;\">F\u00f6rutom spabad erbjuder vi ocks\u00e5 den enda DAMASON minipoolen p\u00e5 marknaden, en blandning av spabad och en pool med speciella simdysor. Mera detaljer finns i meny \u2013 offert. N\u00e4r civilisationen utvecklas s\u00e5 snabbt beh\u00f6ver varje av oss en stund i lugn och ro medan vi tar hand om egen h\u00e4lsa. F\u00f6r oss blir det sj\u00e4lvklart att i SpaRelax bad kan du koppla av till b\u00e5de kropp och sj\u00e4l.<\/p>\n<p>[\/et_pb_text][\/et_pb_column][et_pb_column type=&#8221;1_2&#8243; _builder_version=&#8221;4.16&#8243; _module_preset=&#8221;default&#8221; global_colors_info=&#8221;{}&#8221;][et_pb_text _builder_version=&#8221;4.20.0&#8243; _module_preset=&#8221;default&#8221; hover_enabled=&#8221;0&#8243; global_colors_info=&#8221;{}&#8221; sticky_enabled=&#8221;0&#8243;]<\/p>\n<h2 style=\"text-align: center;\"><span class=\"alahcztery\">SpaRelax<\/span>\u00a0bad \u00e4R EN NY GENERATION AV: priset, utrustning, kvalitet och drift.<\/h2>\n<h3 style=\"text-align: center;\">\u200b<\/h3>\n<p>[\/et_pb_text][\/et_pb_column][\/et_pb_row][\/et_pb_section]<\/p>\n","protected":false},"excerpt":{"rendered":"<p>SpaRelax\u00a0\u00e4r EN NY GENERATION av utomhusbad och spa minipool skapad f\u00f6r att erbjuda Dig utm\u00e4rkt avkoppling i din egen tr\u00e4dg\u00e5rd eller hus efter en h\u00e5rd och ofta stressigt arbetsdag. SpaRelax utomhusbad \u00e4r en lyx till otroligt l\u00e5gt pris.Standard pris f\u00f6r SpaRelax utomhusbad omfattar alla extra tillbeh\u00f6r, dvs.: rostfria dysor, ozonator, vattenlampa, termiskt skyddslock med lyftanordning, [&hellip;]<\/p>\n","protected":false},"author":1,"featured_media":0,"parent":0,"menu_order":0,"comment_status":"closed","ping_status":"closed","template":"","meta":{"_et_pb_use_builder":"on","_et_pb_old_content":"","_et_gb_content_width":"","footnotes":""},"tags":[],"class_list":["post-105","page","type-page","status-publish","hentry"],"yoast_head":"<!-- This site is optimized with the Yoast SEO plugin v27.5 - https:\/\/yoast.com\/product\/yoast-seo-wordpress\/ -->\n<title>SpaRelax \u00e4r EN NY GENERATION - PHU Anita<\/title>\n<meta name=\"robots\" content=\"index, follow, max-snippet:-1, max-image-preview:large, max-video-preview:-1\" \/>\n<link rel=\"canonical\" href=\"https:\/\/www.phuanita.com\/swe\/sparelax\/\" \/>\n<meta property=\"og:locale\" content=\"en_US\" \/>\n<meta property=\"og:type\" content=\"article\" \/>\n<meta property=\"og:title\" content=\"SpaRelax \u00e4r EN NY GENERATION - PHU Anita\" \/>\n<meta property=\"og:description\" content=\"SpaRelax\u00a0\u00e4r EN NY GENERATION av utomhusbad och spa minipool skapad f\u00f6r att erbjuda Dig utm\u00e4rkt avkoppling i din egen tr\u00e4dg\u00e5rd eller hus efter en h\u00e5rd och ofta stressigt arbetsdag. SpaRelax utomhusbad \u00e4r en lyx till otroligt l\u00e5gt pris.Standard pris f\u00f6r SpaRelax utomhusbad omfattar alla extra tillbeh\u00f6r, dvs.: rostfria dysor, ozonator, vattenlampa, termiskt skyddslock med lyftanordning, [&hellip;]\" \/>\n<meta property=\"og:url\" content=\"https:\/\/www.phuanita.com\/swe\/sparelax\/\" \/>\n<meta property=\"og:site_name\" content=\"PHU Anita\" \/>\n<meta property=\"article:modified_time\" content=\"2023-02-28T10:22:33+00:00\" \/>\n<meta name=\"twitter:card\" content=\"summary_large_image\" \/>\n<meta name=\"twitter:label1\" content=\"Est. reading time\" \/>\n\t<meta name=\"twitter:data1\" content=\"3 minutes\" \/>\n<script type=\"application\/ld+json\" class=\"yoast-schema-graph\">{\"@context\":\"https:\\\/\\\/schema.org\",\"@graph\":[{\"@type\":\"WebPage\",\"@id\":\"https:\\\/\\\/www.phuanita.com\\\/swe\\\/sparelax\\\/\",\"url\":\"https:\\\/\\\/www.phuanita.com\\\/swe\\\/sparelax\\\/\",\"name\":\"SpaRelax \u00e4r EN NY GENERATION - PHU Anita\",\"isPartOf\":{\"@id\":\"https:\\\/\\\/www.phuanita.com\\\/swe\\\/#website\"},\"datePublished\":\"2020-12-21T17:43:46+00:00\",\"dateModified\":\"2023-02-28T10:22:33+00:00\",\"breadcrumb\":{\"@id\":\"https:\\\/\\\/www.phuanita.com\\\/swe\\\/sparelax\\\/#breadcrumb\"},\"inLanguage\":\"en-US\",\"potentialAction\":[{\"@type\":\"ReadAction\",\"target\":[\"https:\\\/\\\/www.phuanita.com\\\/swe\\\/sparelax\\\/\"]}]},{\"@type\":\"BreadcrumbList\",\"@id\":\"https:\\\/\\\/www.phuanita.com\\\/swe\\\/sparelax\\\/#breadcrumb\",\"itemListElement\":[{\"@type\":\"ListItem\",\"position\":1,\"name\":\"Strona g\u0142\u00f3wna\",\"item\":\"https:\\\/\\\/www.phuanita.com\\\/swe\\\/\"},{\"@type\":\"ListItem\",\"position\":2,\"name\":\"SpaRelax \u00e4r EN NY GENERATION\"}]},{\"@type\":\"WebSite\",\"@id\":\"https:\\\/\\\/www.phuanita.com\\\/swe\\\/#website\",\"url\":\"https:\\\/\\\/www.phuanita.com\\\/swe\\\/\",\"name\":\"PHU Anita\",\"description\":\"\",\"potentialAction\":[{\"@type\":\"SearchAction\",\"target\":{\"@type\":\"EntryPoint\",\"urlTemplate\":\"https:\\\/\\\/www.phuanita.com\\\/swe\\\/?s={search_term_string}\"},\"query-input\":{\"@type\":\"PropertyValueSpecification\",\"valueRequired\":true,\"valueName\":\"search_term_string\"}}],\"inLanguage\":\"en-US\"}]}<\/script>\n<!-- \/ Yoast SEO plugin. -->","yoast_head_json":{"title":"SpaRelax \u00e4r EN NY GENERATION - PHU Anita","robots":{"index":"index","follow":"follow","max-snippet":"max-snippet:-1","max-image-preview":"max-image-preview:large","max-video-preview":"max-video-preview:-1"},"canonical":"https:\/\/www.phuanita.com\/swe\/sparelax\/","og_locale":"en_US","og_type":"article","og_title":"SpaRelax \u00e4r EN NY GENERATION - PHU Anita","og_description":"SpaRelax\u00a0\u00e4r EN NY GENERATION av utomhusbad och spa minipool skapad f\u00f6r att erbjuda Dig utm\u00e4rkt avkoppling i din egen tr\u00e4dg\u00e5rd eller hus efter en h\u00e5rd och ofta stressigt arbetsdag. SpaRelax utomhusbad \u00e4r en lyx till otroligt l\u00e5gt pris.Standard pris f\u00f6r SpaRelax utomhusbad omfattar alla extra tillbeh\u00f6r, dvs.: rostfria dysor, ozonator, vattenlampa, termiskt skyddslock med lyftanordning, [&hellip;]","og_url":"https:\/\/www.phuanita.com\/swe\/sparelax\/","og_site_name":"PHU Anita","article_modified_time":"2023-02-28T10:22:33+00:00","twitter_card":"summary_large_image","twitter_misc":{"Est. reading time":"3 minutes"},"schema":{"@context":"https:\/\/schema.org","@graph":[{"@type":"WebPage","@id":"https:\/\/www.phuanita.com\/swe\/sparelax\/","url":"https:\/\/www.phuanita.com\/swe\/sparelax\/","name":"SpaRelax \u00e4r EN NY GENERATION - PHU Anita","isPartOf":{"@id":"https:\/\/www.phuanita.com\/swe\/#website"},"datePublished":"2020-12-21T17:43:46+00:00","dateModified":"2023-02-28T10:22:33+00:00","breadcrumb":{"@id":"https:\/\/www.phuanita.com\/swe\/sparelax\/#breadcrumb"},"inLanguage":"en-US","potentialAction":[{"@type":"ReadAction","target":["https:\/\/www.phuanita.com\/swe\/sparelax\/"]}]},{"@type":"BreadcrumbList","@id":"https:\/\/www.phuanita.com\/swe\/sparelax\/#breadcrumb","itemListElement":[{"@type":"ListItem","position":1,"name":"Strona g\u0142\u00f3wna","item":"https:\/\/www.phuanita.com\/swe\/"},{"@type":"ListItem","position":2,"name":"SpaRelax \u00e4r EN NY GENERATION"}]},{"@type":"WebSite","@id":"https:\/\/www.phuanita.com\/swe\/#website","url":"https:\/\/www.phuanita.com\/swe\/","name":"PHU Anita","description":"","potentialAction":[{"@type":"SearchAction","target":{"@type":"EntryPoint","urlTemplate":"https:\/\/www.phuanita.com\/swe\/?s={search_term_string}"},"query-input":{"@type":"PropertyValueSpecification","valueRequired":true,"valueName":"search_term_string"}}],"inLanguage":"en-US"}]}},"_links":{"self":[{"href":"https:\/\/www.phuanita.com\/swe\/wp-json\/wp\/v2\/pages\/105","targetHints":{"allow":["GET"]}}],"collection":[{"href":"https:\/\/www.phuanita.com\/swe\/wp-json\/wp\/v2\/pages"}],"about":[{"href":"https:\/\/www.phuanita.com\/swe\/wp-json\/wp\/v2\/types\/page"}],"author":[{"embeddable":true,"href":"https:\/\/www.phuanita.com\/swe\/wp-json\/wp\/v2\/users\/1"}],"replies":[{"embeddable":true,"href":"https:\/\/www.phuanita.com\/swe\/wp-json\/wp\/v2\/comments?post=105"}],"version-history":[{"count":8,"href":"https:\/\/www.phuanita.com\/swe\/wp-json\/wp\/v2\/pages\/105\/revisions"}],"predecessor-version":[{"id":238397,"href":"https:\/\/www.phuanita.com\/swe\/wp-json\/wp\/v2\/pages\/105\/revisions\/238397"}],"wp:attachment":[{"href":"https:\/\/www.phuanita.com\/swe\/wp-json\/wp\/v2\/media?parent=105"}],"wp:term":[{"taxonomy":"post_tag","embeddable":true,"href":"https:\/\/www.phuanita.com\/swe\/wp-json\/wp\/v2\/tags?post=105"}],"curies":[{"name":"wp","href":"https:\/\/api.w.org\/{rel}","templated":true}]}}