{"id":332,"date":"2020-12-23T16:54:52","date_gmt":"2020-12-23T15:54:52","guid":{"rendered":"http:\/\/www.phuanita.com\/en\/?page_id=332"},"modified":"2022-09-15T13:19:46","modified_gmt":"2022-09-15T11:19:46","slug":"polityka-plikow-cookies","status":"publish","type":"page","link":"https:\/\/www.phuanita.com\/en\/polityka-plikow-cookies\/","title":{"rendered":"Cookies policy"},"content":{"rendered":"<p>[et_pb_section fb_built=&#8221;1&#8243; _builder_version=&#8221;4.16&#8243; global_colors_info=&#8221;{}&#8221;][et_pb_row _builder_version=&#8221;4.16&#8243; background_size=&#8221;initial&#8221; background_position=&#8221;top_left&#8221; background_repeat=&#8221;repeat&#8221; global_colors_info=&#8221;{}&#8221;][et_pb_column type=&#8221;4_4&#8243; _builder_version=&#8221;4.16&#8243; custom_padding=&#8221;|||&#8221; global_colors_info=&#8221;{}&#8221; custom_padding__hover=&#8221;|||&#8221;][et_pb_post_title meta=&#8221;off&#8221; featured_image=&#8221;off&#8221; _builder_version=&#8221;4.16&#8243; _module_preset=&#8221;default&#8221; global_colors_info=&#8221;{}&#8221;][\/et_pb_post_title][et_pb_text _builder_version=&#8221;4.18.0&#8243; background_size=&#8221;initial&#8221; background_position=&#8221;top_left&#8221; background_repeat=&#8221;repeat&#8221; hover_enabled=&#8221;0&#8243; global_colors_info=&#8221;{}&#8221; sticky_enabled=&#8221;0&#8243;]<\/p>\n<h3>Introduction<\/h3>\n<p>This Cookie Policy explains what cookies are and how we use them. You should read this policy to understand what cookies are, how we use them, the types of cookies we use i.e. the information we collect using cookies and how this information is used and how to control your cookie preferences cookie. For more information on how we use, store and secure your personal data, please see our Privacy Policy.<\/p>\n<p>You can change or withdraw your consent from the Cookie Declaration on our website at any time.<br \/>Find out more about who we are, how you can contact us and how we process personal data in our Privacy Policy.<br \/>Your consent applies to the following domains: www.phuanita.com<\/p>\n<p>[user_consent_state]<\/p>\n<div>\n<p>&nbsp;<\/p>\n<p>[cookie_settings]<\/p>\n<p>&nbsp;<\/p>\n<\/div>\n<h3>What are cookies?<\/h3>\n<p>Cookies are small text files that are used to store small pieces of information. The cookies are stored on your device when the website is loaded in your browser. These cookies help us to make the website function properly, to make the website more secure, to provide a better user experience and to understand how the website performs and to analyze what works and where it needs improvement.<\/p>\n<h3>How do we use cookies?<\/h3>\n<p>Like most online services, our website uses first party cookies and third party cookies for a number of purposes. First-party cookies are mostly necessary for the website to function properly and do not collect any personal information about you.<\/p>\n<p>Third party cookies used on our websites are mainly used to understand how the website works, how you interact with our website, we keep our services safe, deliver advertisements that are relevant to you, and in total provide better and improved user experience and help speed up future interactions with our website.<\/p>\n<h3>What kind of cookies do we use?<\/h3>\n<p>The cookies used on our website are grouped into the following categories.<\/p>\n<div>[cookie_category]<\/div>\n<div>\u00a0<\/div>\n<div>The list below provides detailed information on the cookies used on our website.<\/div>\n<div>\u00a0<\/div>\n<div>[cookie_audit_category columns=&#8221;cookie,description&#8221;]<\/div>\n<div>\u00a0<\/div>\n<h3>How can I control my cookie preferences?<\/h3>\n<p>You can manage your cookie preferences by clicking on the &#8220;Settings&#8221; button and enabling or disabling cookie categories in the pop-up window according to your preferences.<\/p>\n<p>[cookie_settings]<\/p>\n<p>&nbsp;<\/p>\n<div>\n<p>If you decide to change your preferences later during your browsing session, you can click on the &#8220;Privacy &amp; Cookie Policy&#8221; tab on your screen. This will redisplay the consent information, allowing you to change your preferences or withdraw your consent entirely.<\/p>\n<p>In addition, different browsers provide different methods of blocking and deleting cookies used by websites. You can change your browser settings to block \/ delete cookies. To learn more about managing and deleting cookies, visit wikipedia.org, www.allaboutcookies.org.<\/p>\n<\/div>\n<p>[\/et_pb_text][\/et_pb_column][\/et_pb_row][\/et_pb_section]<\/p>\n","protected":false},"excerpt":{"rendered":"<p>Introduction This Cookie Policy explains what cookies are and how we use them. You should read this policy to understand what cookies are, how we use them, the types of cookies we use i.e. the information we collect using cookies and how this information is used and how to control your cookie preferences cookie. For [&hellip;]<\/p>\n","protected":false},"author":1,"featured_media":0,"parent":0,"menu_order":0,"comment_status":"closed","ping_status":"closed","template":"","meta":{"_et_pb_use_builder":"on","_et_pb_old_content":"<p><strong>Czym s\u0105 pliki cookies?<\/strong><\/p><p style=\"text-align: justify;\">W witrynach internetowych stosowane s\u0105 zaawansowane i u\u017cyteczne techniki, dzi\u0119ki kt\u00f3rym obs\u0142uga stron jest \u0142atwiejsza, a ich zawarto\u015b\u0107 \u2014 interesuj\u0105ca dla u\u017cytkownik\u00f3w. Jedn\u0105 z bardziej rozpowszechnionych technik s\u0105 pliki cookie. Mog\u0105 one by\u0107 stosowane przez w\u0142a\u015bciciela witryny lub inne firmy \u2014 na przyk\u0142ad przez reklamodawc\u00f3w czy firmy analityczne gromadz\u0105ce dane ze statystyk \u2014 kt\u00f3re komunikuj\u0105 si\u0119 za po\u015brednictwem odwiedzanej witryny. Pliki cookies potocznie w j\u0119zyku polskim zwane s\u0105 ciasteczkami.<\/p><p><strong>Do czego u\u017cywamy plik\u00f3w cookies?<\/strong><\/p><p style=\"text-align: justify;\">Pliki cookies u\u017cywane s\u0105 w celach sesyjnych: umo\u017cliwiaj\u0105 informowanie gdy u\u017cytkownik jest zalogowany, dzi\u0119ki czemu witryna mo\u017ce pokazywa\u0107 odpowiednie informacje i funkcje, jak r\u00f3wnie\u017c w celach dostosowania zawarto\u015bci stron internetowych do preferencji u\u017cytkownika oraz optymalizacji korzystania ze stron internetowych. Pr\u00f3cz tego pliki cookies u\u017cywane s\u0105 w celu tworzenia anonimowych statystyk, kt\u00f3re pomagaj\u0105 zrozumie\u0107 w jaki spos\u00f3b u\u017cytkownik korzysta ze stron internetowych, co umo\u017cliwia ulepszanie ich struktury i zawarto\u015bci. Pliki \u201ecookies\u201d nie s\u0142u\u017c\u0105 nam do identyfikacji personalnej u\u017cytkownika.<\/p><p><strong>Usuwanie plik\u00f3w cookies<\/strong><\/p><p style=\"text-align: justify;\">Standardowo oprogramowanie s\u0142u\u017c\u0105ce do przegl\u0105dania stron internetowych (przegl\u0105darki internetowej) domy\u015blnie dopuszcza umieszczanie plik\u00f3w cookies na urz\u0105dzeniu ko\u0144cowym (komputer, tablet). Ustawienia te mog\u0105 zosta\u0107 zmienione w taki spos\u00f3b, aby blokowa\u0107 automatyczn\u0105 obs\u0142ug\u0119 plik\u00f3w cookies w ustawieniach przegl\u0105darki internetowej b\u0105d\u017a informowa\u0107 o ich ka\u017cdorazowym przes\u0142aniu na urz\u0105dzenie u\u017cytkownika.<\/p><p style=\"text-align: justify;\">Szczeg\u00f3\u0142owe informacje o mo\u017cliwo\u015bci i sposobach obs\u0142ugi plik\u00f3w cookies dost\u0119pne s\u0105 w ustawieniach danego oprogramowania. Ograniczenie stosowania plik\u00f3w cookies mo\u017ce wp\u0142yn\u0105\u0107 na niekt\u00f3re funkcjonalno\u015bci dost\u0119pne na stronie internetowej (brak mo\u017cliwo\u015bci logowania oraz zapami\u0119tywania ustawie\u0144 u\u017cytkownika).<\/p><p style=\"text-align: justify;\">Wi\u0119cej informacji dotycz\u0105cych blokowania \"ciasteczek\" mo\u017cna znale\u017a\u0107 na tych stronach:\u00a0<a style=\"color: #21759b;\" href=\"http:\/\/pl.wikipedia.org\/wiki\/Ciasteczko#Blokowanie_ciasteczek\" target=\"_blank\" rel=\"noopener\">Wikipedia<\/a>\u00a0oraz\u00a0<a style=\"color: #21759b;\" href=\"https:\/\/www.google.pl\/search?q=wy%C5%82%C4%85czanie+cookie+w+przegl%C4%85darkach\" target=\"_blank\" rel=\"noopener\">Google<\/a><\/p>","_et_gb_content_width":"","footnotes":""},"tags":[],"class_list":["post-332","page","type-page","status-publish","hentry"],"yoast_head":"<!-- This site is optimized with the Yoast SEO plugin v27.5 - https:\/\/yoast.com\/product\/yoast-seo-wordpress\/ -->\n<title>Cookies policy - PHU Anita<\/title>\n<meta name=\"robots\" content=\"index, follow, max-snippet:-1, max-image-preview:large, max-video-preview:-1\" \/>\n<link rel=\"canonical\" href=\"https:\/\/www.phuanita.com\/en\/polityka-plikow-cookies\/\" \/>\n<meta property=\"og:locale\" content=\"en_US\" \/>\n<meta property=\"og:type\" content=\"article\" \/>\n<meta property=\"og:title\" content=\"Cookies policy - PHU Anita\" \/>\n<meta property=\"og:description\" content=\"Introduction This Cookie Policy explains what cookies are and how we use them. You should read this policy to understand what cookies are, how we use them, the types of cookies we use i.e. the information we collect using cookies and how this information is used and how to control your cookie preferences cookie. For [&hellip;]\" \/>\n<meta property=\"og:url\" content=\"https:\/\/www.phuanita.com\/en\/polityka-plikow-cookies\/\" \/>\n<meta property=\"og:site_name\" content=\"PHU Anita\" \/>\n<meta property=\"article:modified_time\" content=\"2022-09-15T11:19:46+00:00\" \/>\n<meta name=\"twitter:card\" content=\"summary_large_image\" \/>\n<meta name=\"twitter:label1\" content=\"Est. reading time\" \/>\n\t<meta name=\"twitter:data1\" content=\"2 minutes\" \/>\n<script type=\"application\/ld+json\" class=\"yoast-schema-graph\">{\"@context\":\"https:\\\/\\\/schema.org\",\"@graph\":[{\"@type\":\"WebPage\",\"@id\":\"https:\\\/\\\/www.phuanita.com\\\/en\\\/polityka-plikow-cookies\\\/\",\"url\":\"https:\\\/\\\/www.phuanita.com\\\/en\\\/polityka-plikow-cookies\\\/\",\"name\":\"Cookies policy - PHU Anita\",\"isPartOf\":{\"@id\":\"https:\\\/\\\/www.phuanita.com\\\/en\\\/#website\"},\"datePublished\":\"2020-12-23T15:54:52+00:00\",\"dateModified\":\"2022-09-15T11:19:46+00:00\",\"breadcrumb\":{\"@id\":\"https:\\\/\\\/www.phuanita.com\\\/en\\\/polityka-plikow-cookies\\\/#breadcrumb\"},\"inLanguage\":\"en-US\",\"potentialAction\":[{\"@type\":\"ReadAction\",\"target\":[\"https:\\\/\\\/www.phuanita.com\\\/en\\\/polityka-plikow-cookies\\\/\"]}]},{\"@type\":\"BreadcrumbList\",\"@id\":\"https:\\\/\\\/www.phuanita.com\\\/en\\\/polityka-plikow-cookies\\\/#breadcrumb\",\"itemListElement\":[{\"@type\":\"ListItem\",\"position\":1,\"name\":\"Start\",\"item\":\"https:\\\/\\\/www.phuanita.com\\\/en\\\/\"},{\"@type\":\"ListItem\",\"position\":2,\"name\":\"Cookies policy\"}]},{\"@type\":\"WebSite\",\"@id\":\"https:\\\/\\\/www.phuanita.com\\\/en\\\/#website\",\"url\":\"https:\\\/\\\/www.phuanita.com\\\/en\\\/\",\"name\":\"PHU Anita\",\"description\":\"\",\"potentialAction\":[{\"@type\":\"SearchAction\",\"target\":{\"@type\":\"EntryPoint\",\"urlTemplate\":\"https:\\\/\\\/www.phuanita.com\\\/en\\\/?s={search_term_string}\"},\"query-input\":{\"@type\":\"PropertyValueSpecification\",\"valueRequired\":true,\"valueName\":\"search_term_string\"}}],\"inLanguage\":\"en-US\"}]}<\/script>\n<!-- \/ Yoast SEO plugin. -->","yoast_head_json":{"title":"Cookies policy - PHU Anita","robots":{"index":"index","follow":"follow","max-snippet":"max-snippet:-1","max-image-preview":"max-image-preview:large","max-video-preview":"max-video-preview:-1"},"canonical":"https:\/\/www.phuanita.com\/en\/polityka-plikow-cookies\/","og_locale":"en_US","og_type":"article","og_title":"Cookies policy - PHU Anita","og_description":"Introduction This Cookie Policy explains what cookies are and how we use them. You should read this policy to understand what cookies are, how we use them, the types of cookies we use i.e. the information we collect using cookies and how this information is used and how to control your cookie preferences cookie. For [&hellip;]","og_url":"https:\/\/www.phuanita.com\/en\/polityka-plikow-cookies\/","og_site_name":"PHU Anita","article_modified_time":"2022-09-15T11:19:46+00:00","twitter_card":"summary_large_image","twitter_misc":{"Est. reading time":"2 minutes"},"schema":{"@context":"https:\/\/schema.org","@graph":[{"@type":"WebPage","@id":"https:\/\/www.phuanita.com\/en\/polityka-plikow-cookies\/","url":"https:\/\/www.phuanita.com\/en\/polityka-plikow-cookies\/","name":"Cookies policy - PHU Anita","isPartOf":{"@id":"https:\/\/www.phuanita.com\/en\/#website"},"datePublished":"2020-12-23T15:54:52+00:00","dateModified":"2022-09-15T11:19:46+00:00","breadcrumb":{"@id":"https:\/\/www.phuanita.com\/en\/polityka-plikow-cookies\/#breadcrumb"},"inLanguage":"en-US","potentialAction":[{"@type":"ReadAction","target":["https:\/\/www.phuanita.com\/en\/polityka-plikow-cookies\/"]}]},{"@type":"BreadcrumbList","@id":"https:\/\/www.phuanita.com\/en\/polityka-plikow-cookies\/#breadcrumb","itemListElement":[{"@type":"ListItem","position":1,"name":"Start","item":"https:\/\/www.phuanita.com\/en\/"},{"@type":"ListItem","position":2,"name":"Cookies policy"}]},{"@type":"WebSite","@id":"https:\/\/www.phuanita.com\/en\/#website","url":"https:\/\/www.phuanita.com\/en\/","name":"PHU Anita","description":"","potentialAction":[{"@type":"SearchAction","target":{"@type":"EntryPoint","urlTemplate":"https:\/\/www.phuanita.com\/en\/?s={search_term_string}"},"query-input":{"@type":"PropertyValueSpecification","valueRequired":true,"valueName":"search_term_string"}}],"inLanguage":"en-US"}]}},"_links":{"self":[{"href":"https:\/\/www.phuanita.com\/en\/wp-json\/wp\/v2\/pages\/332","targetHints":{"allow":["GET"]}}],"collection":[{"href":"https:\/\/www.phuanita.com\/en\/wp-json\/wp\/v2\/pages"}],"about":[{"href":"https:\/\/www.phuanita.com\/en\/wp-json\/wp\/v2\/types\/page"}],"author":[{"embeddable":true,"href":"https:\/\/www.phuanita.com\/en\/wp-json\/wp\/v2\/users\/1"}],"replies":[{"embeddable":true,"href":"https:\/\/www.phuanita.com\/en\/wp-json\/wp\/v2\/comments?post=332"}],"version-history":[{"count":2,"href":"https:\/\/www.phuanita.com\/en\/wp-json\/wp\/v2\/pages\/332\/revisions"}],"predecessor-version":[{"id":6493,"href":"https:\/\/www.phuanita.com\/en\/wp-json\/wp\/v2\/pages\/332\/revisions\/6493"}],"wp:attachment":[{"href":"https:\/\/www.phuanita.com\/en\/wp-json\/wp\/v2\/media?parent=332"}],"wp:term":[{"taxonomy":"post_tag","embeddable":true,"href":"https:\/\/www.phuanita.com\/en\/wp-json\/wp\/v2\/tags?post=332"}],"curies":[{"name":"wp","href":"https:\/\/api.w.org\/{rel}","templated":true}]}}